{"id":1098,"date":"2023-09-20T07:20:40","date_gmt":"2023-09-20T05:20:40","guid":{"rendered":"https:\/\/alkazea.com\/?post_type=product&#038;p=1098"},"modified":"2026-01-25T08:07:39","modified_gmt":"2026-01-25T07:07:39","slug":"purai-huile-magique-prix-135e","status":"publish","type":"product","link":"https:\/\/alkazea.com\/en\/product\/purai-huile-magique-prix-135e\/","title":{"rendered":"Purai Huile Magique ( Prix 135\u20ac )"},"content":{"rendered":"<p>\u26a0\ufe0fIl est extr\u00eamement important de savoir qu\u2019apr\u00e8s l\u2019accouchement, le muscle du ventre de la nouvelle maman est tr\u00e8s mou et \u00e9lastique. Cette \u00e9lasticit\u00e9 rend son ventre gros et plus ou moins vide.\u00c0 force de manger elle accumule les toxines et la graisse visc\u00e9rale. C\u2019est la raison pour laquelle elle se retrouve avec un gros ventre . Et si rien n\u2019est fait \u00e7a finit par tomber. \u2705 Heureusement que les laboratoires ALKAZEA ont invent\u00e9 l\u2019 HUILE MAGIQUE PURA\u00cf qui raffermit les muscles et brule la graisse visc\u00e9rale et la graisse sous cutan\u00e9e en 7h de temps \u2705cerise sur le g\u00e2teau:cette huile agit encore plus vite sur une nourrice qui a r\u00e9cemment accouch\u00e9 parce que les pores de sa peau sont encore ouverts et l\u2019*HUILE MAGIQUE PURA\u00cf* y p\u00e9n\u00e8tre directement pour br\u00fbler\ud83d\udd25 la graisse. \u2705\u2705\u2705 *APRES TON ACCOUCHEMENT TON VENTRE EST REST\u00c9 GROS ? ne t\u2019inqui\u00e8te plus ma s\u0153ur : viens urgemment tester l\u2019HUILE MAGIQUE PURA\u00cf et tu verras un changement dans 7h de temps * Est -tu pr\u00eat \u00e0 laisser sa magie affiner ta silhouette?<\/p>\n<p>&nbsp;<\/p>\n<p>COMMENT UNE HUILE PEUT FAIRE MAIGRIR AUSSI RAPIDEMENT??<br \/>\nIl est important de savoir g\u00e9rer les 6 types de graisse.<br \/>\n\u2705 L\u2019HUILE MAGIQUE PURA\u00cf ne brule pas la graisse essentielle et la graisse brune car, elles sont n\u00e9cessaires pour votre sant\u00e9<\/p>\n<p>\u2705 La mauvaise graisse blanche * ne peut \u00eatre \u00e9vacu\u00e9e que par le th\u00e9 *detox PURA\u00cf.<\/p>\n<p>\u2705 l\u2019HUILE MAGIQUE PURA\u00cf peut rapidement les br\u00fbler la graisse beige et la graisse visc\u00e9rale * surtout celle qui se trouve dans votre ventre. il suffit de bien la frotter sur le ventre selon le sens des aiguilles d\u2019une montre. C\u2019est pourquoi *le ventre diminue 7h de temps apr\u00e8s l\u2019application de l\u2019HUILE MAGIQUE PURA\u00cf<\/p>\n<p>\u2705 Enfin, nous avons * LA GRAISSE SOUS CUTAN\u00c9E: qui repr\u00e9sente 90% de la graisse corporelle* . Cette graisse se trouve juste sous la peau c\u2019est pourquoi l\u2019HUILE MAGIQUE PURA\u00cf est appliqu\u00e9e sur la peau .<\/p>\n<p>Apr\u00e8s son application, elle p\u00e9n\u00e8tre et br\u00fble les de 90% de la graisse sous cutan\u00e9e et d\u2019autres mauvaises graisses . Est-tu pr\u00eat \u00e0 faire transpirer les graisses qui se trouvent sous ta peau avec l\u2019HUILE MAGIQUE PURA\u00cf?<\/p>","protected":false},"excerpt":{"rendered":"<p>Prix 135\u20ac<\/p>\n<p>\ud83d\udd25 D\u00e9couvrez enfin la solution r\u00e9volutionnaire d&rsquo;ALKAZEA pour obtenir un ventre plat sans le moindre sentiment de frustration ! \ud83c\udf1f Transformez votre silhouette avec L&rsquo;HUILE MAGIQUE PURA\u00cf, votre alli\u00e9e pour :<\/p>\n<p>\ud83c\udf08 Sculpter un ventre plat et des abdos enviables<br \/>\n\ud83c\udf1f \u00c9liminer rapidement la cellulite tenace<br \/>\n\ud83c\udf38 Adapt\u00e9e \u00e0 tous, m\u00eame les mamans allaitantes, sans aucun risque pour votre b\u00e9b\u00e9<br \/>\n\ud83c\udfaf Ciblez pr\u00e9cis\u00e9ment les zones que vous souhaitez affiner, contrairement aux th\u00e9s et g\u00e9lules minceur PURA\u00cf qui agissent sur l&rsquo;ensemble du corps<\/p>\n<p>\ud83c\udf3c Vous r\u00eavez de r\u00e9duire vos bras, jambes ou pieds enflamm\u00e9s par la cellulite ou la r\u00e9tention d&rsquo;eau ? L&rsquo;HUILE MAGIQUE PURA\u00cf est votre r\u00e9ponse infaillible !<\/p>\n<p>\ud83d\udd52 R\u00e9sultats visibles en seulement 24 heures apr\u00e8s l&rsquo;application. Ne laissez pas passer cette occasion. Mettez \u00e0 l&rsquo;\u00e9preuve L&rsquo;HUILE MAGIQUE PURA\u00cf et partagez votre exp\u00e9rience \u00e9blouissante avec nous ! \ud83d\udc83\ud83c\udf1f<\/p>","protected":false},"featured_media":1103,"comment_status":"open","ping_status":"closed","template":"","meta":[],"product_cat":[54,53,18,52],"product_tag":[],"yoast_head":"<!-- This site is optimized with the Yoast SEO plugin v17.7.1 - https:\/\/yoast.com\/wordpress\/plugins\/seo\/ -->\n<title>Purai Huile Magique ( Prix 135\u20ac ) - ALKAZEA<\/title>\n<meta name=\"robots\" content=\"index, follow, max-snippet:-1, max-image-preview:large, max-video-preview:-1\" \/>\n<link rel=\"canonical\" href=\"https:\/\/alkazea.com\/en\/product\/purai-huile-magique-prix-135e\/\" \/>\n<meta property=\"og:locale\" content=\"en_GB\" \/>\n<meta property=\"og:type\" content=\"article\" \/>\n<meta property=\"og:title\" content=\"Purai Huile Magique ( Prix 135\u20ac ) - ALKAZEA\" \/>\n<meta property=\"og:description\" content=\"Prix 135\u20ac  \ud83d\udd25 D\u00e9couvrez enfin la solution r\u00e9volutionnaire d&#039;ALKAZEA pour obtenir un ventre plat sans le moindre sentiment de frustration ! \ud83c\udf1f Transformez votre silhouette avec L&#039;HUILE MAGIQUE PURA\u00cf, votre alli\u00e9e pour :  \ud83c\udf08 Sculpter un ventre plat et des abdos enviables \ud83c\udf1f \u00c9liminer rapidement la cellulite tenace \ud83c\udf38 Adapt\u00e9e \u00e0 tous, m\u00eame les mamans allaitantes, sans aucun risque pour votre b\u00e9b\u00e9 \ud83c\udfaf Ciblez pr\u00e9cis\u00e9ment les zones que vous souhaitez affiner, contrairement aux th\u00e9s et g\u00e9lules minceur PURA\u00cf qui agissent sur l&#039;ensemble du corps  \ud83c\udf3c Vous r\u00eavez de r\u00e9duire vos bras, jambes ou pieds enflamm\u00e9s par la cellulite ou la r\u00e9tention d&#039;eau ? L&#039;HUILE MAGIQUE PURA\u00cf est votre r\u00e9ponse infaillible !  \ud83d\udd52 R\u00e9sultats visibles en seulement 24 heures apr\u00e8s l&#039;application. Ne laissez pas passer cette occasion. Mettez \u00e0 l&#039;\u00e9preuve L&#039;HUILE MAGIQUE PURA\u00cf et partagez votre exp\u00e9rience \u00e9blouissante avec nous ! \ud83d\udc83\ud83c\udf1f\" \/>\n<meta property=\"og:url\" content=\"https:\/\/alkazea.com\/en\/product\/purai-huile-magique-prix-135e\/\" \/>\n<meta property=\"og:site_name\" content=\"ALKAZEA\" \/>\n<meta property=\"article:modified_time\" content=\"2026-01-25T07:07:39+00:00\" \/>\n<meta property=\"og:image\" content=\"https:\/\/alkazea.com\/wp-content\/uploads\/2023\/09\/WhatsApp-Image-2023-09-19-at-2.01.14-AM1.jpeg\" \/>\n\t<meta property=\"og:image:width\" content=\"898\" \/>\n\t<meta property=\"og:image:height\" content=\"861\" \/>\n<meta name=\"twitter:card\" content=\"summary_large_image\" \/>\n<meta name=\"twitter:label1\" content=\"Est. reading time\" \/>\n\t<meta name=\"twitter:data1\" content=\"2 minutes\" \/>\n<script type=\"application\/ld+json\" class=\"yoast-schema-graph\">{\"@context\":\"https:\/\/schema.org\",\"@graph\":[{\"@type\":\"WebSite\",\"@id\":\"https:\/\/alkazea.com\/#website\",\"url\":\"https:\/\/alkazea.com\/\",\"name\":\"ALKAZEA\",\"description\":\"Ne jamais se rendre\",\"potentialAction\":[{\"@type\":\"SearchAction\",\"target\":{\"@type\":\"EntryPoint\",\"urlTemplate\":\"https:\/\/alkazea.com\/?s={search_term_string}\"},\"query-input\":\"required name=search_term_string\"}],\"inLanguage\":\"en-GB\"},{\"@type\":\"ImageObject\",\"@id\":\"https:\/\/alkazea.com\/product\/purai-huile-magique-prix-135e\/#primaryimage\",\"inLanguage\":\"en-GB\",\"url\":\"https:\/\/alkazea.com\/wp-content\/uploads\/2023\/09\/WhatsApp-Image-2023-09-19-at-2.01.14-AM1.jpeg\",\"contentUrl\":\"https:\/\/alkazea.com\/wp-content\/uploads\/2023\/09\/WhatsApp-Image-2023-09-19-at-2.01.14-AM1.jpeg\",\"width\":898,\"height\":861},{\"@type\":\"WebPage\",\"@id\":\"https:\/\/alkazea.com\/product\/purai-huile-magique-prix-135e\/#webpage\",\"url\":\"https:\/\/alkazea.com\/product\/purai-huile-magique-prix-135e\/\",\"name\":\"Purai Huile Magique ( Prix 135\\u20ac ) - ALKAZEA\",\"isPartOf\":{\"@id\":\"https:\/\/alkazea.com\/#website\"},\"primaryImageOfPage\":{\"@id\":\"https:\/\/alkazea.com\/product\/purai-huile-magique-prix-135e\/#primaryimage\"},\"datePublished\":\"2023-09-20T05:20:40+00:00\",\"dateModified\":\"2026-01-25T07:07:39+00:00\",\"breadcrumb\":{\"@id\":\"https:\/\/alkazea.com\/product\/purai-huile-magique-prix-135e\/#breadcrumb\"},\"inLanguage\":\"en-GB\",\"potentialAction\":[{\"@type\":\"ReadAction\",\"target\":[\"https:\/\/alkazea.com\/product\/purai-huile-magique-prix-135e\/\"]}]},{\"@type\":\"BreadcrumbList\",\"@id\":\"https:\/\/alkazea.com\/product\/purai-huile-magique-prix-135e\/#breadcrumb\",\"itemListElement\":[{\"@type\":\"ListItem\",\"position\":1,\"name\":\"Home\",\"item\":\"https:\/\/alkazea.com\/\"},{\"@type\":\"ListItem\",\"position\":2,\"name\":\"Shop\",\"item\":\"https:\/\/alkazea.com\/shop\/\"},{\"@type\":\"ListItem\",\"position\":3,\"name\":\"Purai Huile Magique ( Prix 135\\u20ac )\"}]}]}<\/script>\n<!-- \/ Yoast SEO plugin. -->","yoast_head_json":{"title":"Purai Huile Magique ( Prix 135\u20ac ) - ALKAZEA","robots":{"index":"index","follow":"follow","max-snippet":"max-snippet:-1","max-image-preview":"max-image-preview:large","max-video-preview":"max-video-preview:-1"},"canonical":"https:\/\/alkazea.com\/en\/product\/purai-huile-magique-prix-135e\/","og_locale":"en_GB","og_type":"article","og_title":"Purai Huile Magique ( Prix 135\u20ac ) - ALKAZEA","og_description":"Prix 135\u20ac  \ud83d\udd25 D\u00e9couvrez enfin la solution r\u00e9volutionnaire d'ALKAZEA pour obtenir un ventre plat sans le moindre sentiment de frustration ! \ud83c\udf1f Transformez votre silhouette avec L'HUILE MAGIQUE PURA\u00cf, votre alli\u00e9e pour :  \ud83c\udf08 Sculpter un ventre plat et des abdos enviables \ud83c\udf1f \u00c9liminer rapidement la cellulite tenace \ud83c\udf38 Adapt\u00e9e \u00e0 tous, m\u00eame les mamans allaitantes, sans aucun risque pour votre b\u00e9b\u00e9 \ud83c\udfaf Ciblez pr\u00e9cis\u00e9ment les zones que vous souhaitez affiner, contrairement aux th\u00e9s et g\u00e9lules minceur PURA\u00cf qui agissent sur l'ensemble du corps  \ud83c\udf3c Vous r\u00eavez de r\u00e9duire vos bras, jambes ou pieds enflamm\u00e9s par la cellulite ou la r\u00e9tention d'eau ? L'HUILE MAGIQUE PURA\u00cf est votre r\u00e9ponse infaillible !  \ud83d\udd52 R\u00e9sultats visibles en seulement 24 heures apr\u00e8s l'application. Ne laissez pas passer cette occasion. Mettez \u00e0 l'\u00e9preuve L'HUILE MAGIQUE PURA\u00cf et partagez votre exp\u00e9rience \u00e9blouissante avec nous ! \ud83d\udc83\ud83c\udf1f","og_url":"https:\/\/alkazea.com\/en\/product\/purai-huile-magique-prix-135e\/","og_site_name":"ALKAZEA","article_modified_time":"2026-01-25T07:07:39+00:00","og_image":[{"width":898,"height":861,"url":"https:\/\/alkazea.com\/wp-content\/uploads\/2023\/09\/WhatsApp-Image-2023-09-19-at-2.01.14-AM1.jpeg","type":"image\/jpeg"}],"twitter_card":"summary_large_image","twitter_misc":{"Est. reading time":"2 minutes"},"schema":{"@context":"https:\/\/schema.org","@graph":[{"@type":"WebSite","@id":"https:\/\/alkazea.com\/#website","url":"https:\/\/alkazea.com\/","name":"ALKAZEA","description":"Ne jamais se rendre","potentialAction":[{"@type":"SearchAction","target":{"@type":"EntryPoint","urlTemplate":"https:\/\/alkazea.com\/?s={search_term_string}"},"query-input":"required name=search_term_string"}],"inLanguage":"en-GB"},{"@type":"ImageObject","@id":"https:\/\/alkazea.com\/product\/purai-huile-magique-prix-135e\/#primaryimage","inLanguage":"en-GB","url":"https:\/\/alkazea.com\/wp-content\/uploads\/2023\/09\/WhatsApp-Image-2023-09-19-at-2.01.14-AM1.jpeg","contentUrl":"https:\/\/alkazea.com\/wp-content\/uploads\/2023\/09\/WhatsApp-Image-2023-09-19-at-2.01.14-AM1.jpeg","width":898,"height":861},{"@type":"WebPage","@id":"https:\/\/alkazea.com\/product\/purai-huile-magique-prix-135e\/#webpage","url":"https:\/\/alkazea.com\/product\/purai-huile-magique-prix-135e\/","name":"Purai Huile Magique ( Prix 135\u20ac ) - ALKAZEA","isPartOf":{"@id":"https:\/\/alkazea.com\/#website"},"primaryImageOfPage":{"@id":"https:\/\/alkazea.com\/product\/purai-huile-magique-prix-135e\/#primaryimage"},"datePublished":"2023-09-20T05:20:40+00:00","dateModified":"2026-01-25T07:07:39+00:00","breadcrumb":{"@id":"https:\/\/alkazea.com\/product\/purai-huile-magique-prix-135e\/#breadcrumb"},"inLanguage":"en-GB","potentialAction":[{"@type":"ReadAction","target":["https:\/\/alkazea.com\/product\/purai-huile-magique-prix-135e\/"]}]},{"@type":"BreadcrumbList","@id":"https:\/\/alkazea.com\/product\/purai-huile-magique-prix-135e\/#breadcrumb","itemListElement":[{"@type":"ListItem","position":1,"name":"Home","item":"https:\/\/alkazea.com\/"},{"@type":"ListItem","position":2,"name":"Shop","item":"https:\/\/alkazea.com\/shop\/"},{"@type":"ListItem","position":3,"name":"Purai Huile Magique ( Prix 135\u20ac )"}]}]}},"_links":{"self":[{"href":"https:\/\/alkazea.com\/en\/wp-json\/wp\/v2\/product\/1098"}],"collection":[{"href":"https:\/\/alkazea.com\/en\/wp-json\/wp\/v2\/product"}],"about":[{"href":"https:\/\/alkazea.com\/en\/wp-json\/wp\/v2\/types\/product"}],"replies":[{"embeddable":true,"href":"https:\/\/alkazea.com\/en\/wp-json\/wp\/v2\/comments?post=1098"}],"wp:featuredmedia":[{"embeddable":true,"href":"https:\/\/alkazea.com\/en\/wp-json\/wp\/v2\/media\/1103"}],"wp:attachment":[{"href":"https:\/\/alkazea.com\/en\/wp-json\/wp\/v2\/media?parent=1098"}],"wp:term":[{"taxonomy":"product_cat","embeddable":true,"href":"https:\/\/alkazea.com\/en\/wp-json\/wp\/v2\/product_cat?post=1098"},{"taxonomy":"product_tag","embeddable":true,"href":"https:\/\/alkazea.com\/en\/wp-json\/wp\/v2\/product_tag?post=1098"}],"curies":[{"name":"wp","href":"https:\/\/api.w.org\/{rel}","templated":true}]}}