{"id":115,"date":"2021-11-26T12:19:07","date_gmt":"2021-11-26T11:19:07","guid":{"rendered":"http:\/\/localhost\/alkazea\/?post_type=product&#038;p=115"},"modified":"2025-06-17T04:41:10","modified_gmt":"2025-06-17T02:41:10","slug":"pura-herb-cream","status":"publish","type":"product","link":"https:\/\/alkazea.com\/en\/product\/pura-herb-cream\/","title":{"rendered":"Pura Herb Cream (P\u00e9tite boite de 100ml)"},"content":{"rendered":"","protected":false},"excerpt":{"rendered":"<p>L\u2019efficacit\u00e9 de PURA\u00cf HERB Cream\u00a0 a \u00e9t\u00e9 prouv\u00e9e par 98% de consommateurs.<br \/>\nSur la base de ces donn\u00e9es, je pourrais vous assurer que c\u2019est efficace mais je sais que vous ne me croirez pas sur parole Chose normale parce que les commer\u00e7ants ont l\u2019habitude de faire la publicit\u00e9 mensong\u00e8re pour vendre leurs produits.<\/p>","protected":false},"featured_media":116,"comment_status":"open","ping_status":"closed","template":"","meta":[],"product_cat":[54,18],"product_tag":[],"yoast_head":"<!-- This site is optimized with the Yoast SEO plugin v17.7.1 - https:\/\/yoast.com\/wordpress\/plugins\/seo\/ -->\n<title>Pura Herb Cream (P\u00e9tite boite de 100ml) - ALKAZEA<\/title>\n<meta name=\"robots\" content=\"index, follow, max-snippet:-1, max-image-preview:large, max-video-preview:-1\" \/>\n<link rel=\"canonical\" href=\"https:\/\/alkazea.com\/en\/product\/pura-herb-cream\/\" \/>\n<meta property=\"og:locale\" content=\"en_GB\" \/>\n<meta property=\"og:type\" content=\"article\" \/>\n<meta property=\"og:title\" content=\"Pura Herb Cream (P\u00e9tite boite de 100ml) - ALKAZEA\" \/>\n<meta property=\"og:description\" content=\"L\u2019efficacit\u00e9 de PURA\u00cf HERB Cream\u00a0 a \u00e9t\u00e9 prouv\u00e9e par 98% de consommateurs. Sur la base de ces donn\u00e9es, je pourrais vous assurer que c\u2019est efficace mais je sais que vous ne me croirez pas sur parole Chose normale parce que les commer\u00e7ants ont l\u2019habitude de faire la publicit\u00e9 mensong\u00e8re pour vendre leurs produits.\" \/>\n<meta property=\"og:url\" content=\"https:\/\/alkazea.com\/en\/product\/pura-herb-cream\/\" \/>\n<meta property=\"og:site_name\" content=\"ALKAZEA\" \/>\n<meta property=\"article:modified_time\" content=\"2025-06-17T02:41:10+00:00\" \/>\n<meta property=\"og:image\" content=\"https:\/\/alkazea.com\/wp-content\/uploads\/2021\/11\/IMG-20210524-WA0024.jpg\" \/>\n\t<meta property=\"og:image:width\" content=\"620\" \/>\n\t<meta property=\"og:image:height\" content=\"877\" \/>\n<meta name=\"twitter:card\" content=\"summary_large_image\" \/>\n<script type=\"application\/ld+json\" class=\"yoast-schema-graph\">{\"@context\":\"https:\/\/schema.org\",\"@graph\":[{\"@type\":\"WebSite\",\"@id\":\"https:\/\/alkazea.com\/#website\",\"url\":\"https:\/\/alkazea.com\/\",\"name\":\"ALKAZEA\",\"description\":\"Ne jamais se rendre\",\"potentialAction\":[{\"@type\":\"SearchAction\",\"target\":{\"@type\":\"EntryPoint\",\"urlTemplate\":\"https:\/\/alkazea.com\/?s={search_term_string}\"},\"query-input\":\"required name=search_term_string\"}],\"inLanguage\":\"en-GB\"},{\"@type\":\"ImageObject\",\"@id\":\"https:\/\/alkazea.com\/product\/pura-herb-cream\/#primaryimage\",\"inLanguage\":\"en-GB\",\"url\":\"https:\/\/alkazea.com\/wp-content\/uploads\/2021\/11\/IMG-20210524-WA0024.jpg\",\"contentUrl\":\"https:\/\/alkazea.com\/wp-content\/uploads\/2021\/11\/IMG-20210524-WA0024.jpg\",\"width\":620,\"height\":877},{\"@type\":\"WebPage\",\"@id\":\"https:\/\/alkazea.com\/product\/pura-herb-cream\/#webpage\",\"url\":\"https:\/\/alkazea.com\/product\/pura-herb-cream\/\",\"name\":\"Pura Herb Cream (P\\u00e9tite boite de 100ml) - ALKAZEA\",\"isPartOf\":{\"@id\":\"https:\/\/alkazea.com\/#website\"},\"primaryImageOfPage\":{\"@id\":\"https:\/\/alkazea.com\/product\/pura-herb-cream\/#primaryimage\"},\"datePublished\":\"2021-11-26T11:19:07+00:00\",\"dateModified\":\"2025-06-17T02:41:10+00:00\",\"breadcrumb\":{\"@id\":\"https:\/\/alkazea.com\/product\/pura-herb-cream\/#breadcrumb\"},\"inLanguage\":\"en-GB\",\"potentialAction\":[{\"@type\":\"ReadAction\",\"target\":[\"https:\/\/alkazea.com\/product\/pura-herb-cream\/\"]}]},{\"@type\":\"BreadcrumbList\",\"@id\":\"https:\/\/alkazea.com\/product\/pura-herb-cream\/#breadcrumb\",\"itemListElement\":[{\"@type\":\"ListItem\",\"position\":1,\"name\":\"Home\",\"item\":\"https:\/\/alkazea.com\/\"},{\"@type\":\"ListItem\",\"position\":2,\"name\":\"Shop\",\"item\":\"https:\/\/alkazea.com\/shop\/\"},{\"@type\":\"ListItem\",\"position\":3,\"name\":\"Pura Herb Cream (P\\u00e9tite boite de 100ml)\"}]}]}<\/script>\n<!-- \/ Yoast SEO plugin. -->","yoast_head_json":{"title":"Pura Herb Cream (P\u00e9tite boite de 100ml) - ALKAZEA","robots":{"index":"index","follow":"follow","max-snippet":"max-snippet:-1","max-image-preview":"max-image-preview:large","max-video-preview":"max-video-preview:-1"},"canonical":"https:\/\/alkazea.com\/en\/product\/pura-herb-cream\/","og_locale":"en_GB","og_type":"article","og_title":"Pura Herb Cream (P\u00e9tite boite de 100ml) - ALKAZEA","og_description":"L\u2019efficacit\u00e9 de PURA\u00cf HERB Cream\u00a0 a \u00e9t\u00e9 prouv\u00e9e par 98% de consommateurs. Sur la base de ces donn\u00e9es, je pourrais vous assurer que c\u2019est efficace mais je sais que vous ne me croirez pas sur parole Chose normale parce que les commer\u00e7ants ont l\u2019habitude de faire la publicit\u00e9 mensong\u00e8re pour vendre leurs produits.","og_url":"https:\/\/alkazea.com\/en\/product\/pura-herb-cream\/","og_site_name":"ALKAZEA","article_modified_time":"2025-06-17T02:41:10+00:00","og_image":[{"width":620,"height":877,"url":"https:\/\/alkazea.com\/wp-content\/uploads\/2021\/11\/IMG-20210524-WA0024.jpg","type":"image\/jpeg"}],"twitter_card":"summary_large_image","schema":{"@context":"https:\/\/schema.org","@graph":[{"@type":"WebSite","@id":"https:\/\/alkazea.com\/#website","url":"https:\/\/alkazea.com\/","name":"ALKAZEA","description":"Ne jamais se rendre","potentialAction":[{"@type":"SearchAction","target":{"@type":"EntryPoint","urlTemplate":"https:\/\/alkazea.com\/?s={search_term_string}"},"query-input":"required name=search_term_string"}],"inLanguage":"en-GB"},{"@type":"ImageObject","@id":"https:\/\/alkazea.com\/product\/pura-herb-cream\/#primaryimage","inLanguage":"en-GB","url":"https:\/\/alkazea.com\/wp-content\/uploads\/2021\/11\/IMG-20210524-WA0024.jpg","contentUrl":"https:\/\/alkazea.com\/wp-content\/uploads\/2021\/11\/IMG-20210524-WA0024.jpg","width":620,"height":877},{"@type":"WebPage","@id":"https:\/\/alkazea.com\/product\/pura-herb-cream\/#webpage","url":"https:\/\/alkazea.com\/product\/pura-herb-cream\/","name":"Pura Herb Cream (P\u00e9tite boite de 100ml) - ALKAZEA","isPartOf":{"@id":"https:\/\/alkazea.com\/#website"},"primaryImageOfPage":{"@id":"https:\/\/alkazea.com\/product\/pura-herb-cream\/#primaryimage"},"datePublished":"2021-11-26T11:19:07+00:00","dateModified":"2025-06-17T02:41:10+00:00","breadcrumb":{"@id":"https:\/\/alkazea.com\/product\/pura-herb-cream\/#breadcrumb"},"inLanguage":"en-GB","potentialAction":[{"@type":"ReadAction","target":["https:\/\/alkazea.com\/product\/pura-herb-cream\/"]}]},{"@type":"BreadcrumbList","@id":"https:\/\/alkazea.com\/product\/pura-herb-cream\/#breadcrumb","itemListElement":[{"@type":"ListItem","position":1,"name":"Home","item":"https:\/\/alkazea.com\/"},{"@type":"ListItem","position":2,"name":"Shop","item":"https:\/\/alkazea.com\/shop\/"},{"@type":"ListItem","position":3,"name":"Pura Herb Cream (P\u00e9tite boite de 100ml)"}]}]}},"_links":{"self":[{"href":"https:\/\/alkazea.com\/en\/wp-json\/wp\/v2\/product\/115"}],"collection":[{"href":"https:\/\/alkazea.com\/en\/wp-json\/wp\/v2\/product"}],"about":[{"href":"https:\/\/alkazea.com\/en\/wp-json\/wp\/v2\/types\/product"}],"replies":[{"embeddable":true,"href":"https:\/\/alkazea.com\/en\/wp-json\/wp\/v2\/comments?post=115"}],"wp:featuredmedia":[{"embeddable":true,"href":"https:\/\/alkazea.com\/en\/wp-json\/wp\/v2\/media\/116"}],"wp:attachment":[{"href":"https:\/\/alkazea.com\/en\/wp-json\/wp\/v2\/media?parent=115"}],"wp:term":[{"taxonomy":"product_cat","embeddable":true,"href":"https:\/\/alkazea.com\/en\/wp-json\/wp\/v2\/product_cat?post=115"},{"taxonomy":"product_tag","embeddable":true,"href":"https:\/\/alkazea.com\/en\/wp-json\/wp\/v2\/product_tag?post=115"}],"curies":[{"name":"wp","href":"https:\/\/api.w.org\/{rel}","templated":true}]}}