{"id":1267,"date":"2023-12-04T09:24:30","date_gmt":"2023-12-04T08:24:30","guid":{"rendered":"https:\/\/alkazea.com\/?post_type=product&#038;p=1267"},"modified":"2025-10-03T01:08:09","modified_gmt":"2025-10-02T23:08:09","slug":"creme-magique-purai-prix-80e","status":"publish","type":"product","link":"https:\/\/alkazea.com\/en\/product\/creme-magique-purai-prix-80e\/","title":{"rendered":"CR\u00c8ME MAGIQUE PURA\u00cf ( Prix 80\u20ac)"},"content":{"rendered":"","protected":false},"excerpt":{"rendered":"<p>Enfin!!! Elle est l\u00e0 !!! La solution r\u00e9volutionnaire de ALKAZEA pour d\u00e9gonfler le ventre apr\u00e8s 30 minutes de massage: le petit fr\u00e8re de l\u2019HUILE MAGIQUE que vous avez vous m\u00eame surnomm\u00e9e BBL naturel . Voici enfin la CR\u00c8ME MAGIQUE disponible \u00e0 moindre co\u00fbt pour des personnes n\u2019ayant pas les moyen d\u2019acheter l\u2019HUILE MAGiQUE. Les deux produits ont la m\u00eame efficacit\u00e9, et sont compos\u00e9s des m\u00eames plantes. Seulement, l\u2019huile magique est faite \u00e0 base des essences des plantes amincissantes et br\u00fbleurs de graisses pourtant la cr\u00e8me magique est constitu\u00e9e d\u2019un extrait des m\u00eames plantes. c\u2019est pourquoi l\u2019huile magique a la texture des huiles essentielles pourtant la cr\u00e8me magique a une texture cr\u00e9meuse. Connaissez vous la diff\u00e9rence entre l\u2019huile d\u2019arachide et la patte d\u2019arachides?? F\u00e9licitations \ud83c\udf8a!!! Vous avez donc compris la diff\u00e9rence entre l\u2019HUILE MAGIQUE PURA\u00cf et la CR\u00c8ME MAGIQUE PURA\u00cf. Vous avez des questions?<\/p>","protected":false},"featured_media":1269,"comment_status":"open","ping_status":"closed","template":"","meta":[],"product_cat":[53],"product_tag":[],"yoast_head":"<!-- This site is optimized with the Yoast SEO plugin v17.7.1 - https:\/\/yoast.com\/wordpress\/plugins\/seo\/ -->\n<title>CR\u00c8ME MAGIQUE PURA\u00cf ( Prix 80\u20ac) - ALKAZEA<\/title>\n<meta name=\"robots\" content=\"index, follow, max-snippet:-1, max-image-preview:large, max-video-preview:-1\" \/>\n<link rel=\"canonical\" href=\"https:\/\/alkazea.com\/en\/product\/creme-magique-purai-prix-80e\/\" \/>\n<meta property=\"og:locale\" content=\"en_GB\" \/>\n<meta property=\"og:type\" content=\"article\" \/>\n<meta property=\"og:title\" content=\"CR\u00c8ME MAGIQUE PURA\u00cf ( Prix 80\u20ac) - ALKAZEA\" \/>\n<meta property=\"og:description\" content=\"Enfin!!! Elle est l\u00e0 !!! La solution r\u00e9volutionnaire de ALKAZEA pour d\u00e9gonfler le ventre apr\u00e8s 30 minutes de massage: le petit fr\u00e8re de l\u2019HUILE MAGIQUE que vous avez vous m\u00eame surnomm\u00e9e BBL naturel . Voici enfin la CR\u00c8ME MAGIQUE disponible \u00e0 moindre co\u00fbt pour des personnes n\u2019ayant pas les moyen d\u2019acheter l\u2019HUILE MAGiQUE. Les deux produits ont la m\u00eame efficacit\u00e9, et sont compos\u00e9s des m\u00eames plantes. Seulement, l\u2019huile magique est faite \u00e0 base des essences des plantes amincissantes et br\u00fbleurs de graisses pourtant la cr\u00e8me magique est constitu\u00e9e d\u2019un extrait des m\u00eames plantes. c\u2019est pourquoi l\u2019huile magique a la texture des huiles essentielles pourtant la cr\u00e8me magique a une texture cr\u00e9meuse. Connaissez vous la diff\u00e9rence entre l\u2019huile d\u2019arachide et la patte d\u2019arachides?? F\u00e9licitations \ud83c\udf8a!!! Vous avez donc compris la diff\u00e9rence entre l\u2019HUILE MAGIQUE PURA\u00cf et la CR\u00c8ME MAGIQUE PURA\u00cf. Vous avez des questions?\" \/>\n<meta property=\"og:url\" content=\"https:\/\/alkazea.com\/en\/product\/creme-magique-purai-prix-80e\/\" \/>\n<meta property=\"og:site_name\" content=\"ALKAZEA\" \/>\n<meta property=\"article:modified_time\" content=\"2025-10-02T23:08:09+00:00\" \/>\n<meta property=\"og:image\" content=\"https:\/\/alkazea.com\/wp-content\/uploads\/2023\/12\/WhatsApp-Image-2023-12-03-at-04.31.53.jpeg\" \/>\n\t<meta property=\"og:image:width\" content=\"1050\" \/>\n\t<meta property=\"og:image:height\" content=\"877\" \/>\n<meta name=\"twitter:card\" content=\"summary_large_image\" \/>\n<script type=\"application\/ld+json\" class=\"yoast-schema-graph\">{\"@context\":\"https:\/\/schema.org\",\"@graph\":[{\"@type\":\"WebSite\",\"@id\":\"https:\/\/alkazea.com\/#website\",\"url\":\"https:\/\/alkazea.com\/\",\"name\":\"ALKAZEA\",\"description\":\"Ne jamais se rendre\",\"potentialAction\":[{\"@type\":\"SearchAction\",\"target\":{\"@type\":\"EntryPoint\",\"urlTemplate\":\"https:\/\/alkazea.com\/?s={search_term_string}\"},\"query-input\":\"required name=search_term_string\"}],\"inLanguage\":\"en-GB\"},{\"@type\":\"ImageObject\",\"@id\":\"https:\/\/alkazea.com\/product\/creme-magique-purai-prix-80e\/#primaryimage\",\"inLanguage\":\"en-GB\",\"url\":\"https:\/\/alkazea.com\/wp-content\/uploads\/2023\/12\/WhatsApp-Image-2023-12-03-at-04.31.53.jpeg\",\"contentUrl\":\"https:\/\/alkazea.com\/wp-content\/uploads\/2023\/12\/WhatsApp-Image-2023-12-03-at-04.31.53.jpeg\",\"width\":1050,\"height\":877},{\"@type\":\"WebPage\",\"@id\":\"https:\/\/alkazea.com\/product\/creme-magique-purai-prix-80e\/#webpage\",\"url\":\"https:\/\/alkazea.com\/product\/creme-magique-purai-prix-80e\/\",\"name\":\"CR\\u00c8ME MAGIQUE PURA\\u00cf ( Prix 80\\u20ac) - ALKAZEA\",\"isPartOf\":{\"@id\":\"https:\/\/alkazea.com\/#website\"},\"primaryImageOfPage\":{\"@id\":\"https:\/\/alkazea.com\/product\/creme-magique-purai-prix-80e\/#primaryimage\"},\"datePublished\":\"2023-12-04T08:24:30+00:00\",\"dateModified\":\"2025-10-02T23:08:09+00:00\",\"breadcrumb\":{\"@id\":\"https:\/\/alkazea.com\/product\/creme-magique-purai-prix-80e\/#breadcrumb\"},\"inLanguage\":\"en-GB\",\"potentialAction\":[{\"@type\":\"ReadAction\",\"target\":[\"https:\/\/alkazea.com\/product\/creme-magique-purai-prix-80e\/\"]}]},{\"@type\":\"BreadcrumbList\",\"@id\":\"https:\/\/alkazea.com\/product\/creme-magique-purai-prix-80e\/#breadcrumb\",\"itemListElement\":[{\"@type\":\"ListItem\",\"position\":1,\"name\":\"Home\",\"item\":\"https:\/\/alkazea.com\/\"},{\"@type\":\"ListItem\",\"position\":2,\"name\":\"Shop\",\"item\":\"https:\/\/alkazea.com\/shop\/\"},{\"@type\":\"ListItem\",\"position\":3,\"name\":\"CR\\u00c8ME MAGIQUE PURA\\u00cf ( Prix 80\\u20ac)\"}]}]}<\/script>\n<!-- \/ Yoast SEO plugin. -->","yoast_head_json":{"title":"CR\u00c8ME MAGIQUE PURA\u00cf ( Prix 80\u20ac) - ALKAZEA","robots":{"index":"index","follow":"follow","max-snippet":"max-snippet:-1","max-image-preview":"max-image-preview:large","max-video-preview":"max-video-preview:-1"},"canonical":"https:\/\/alkazea.com\/en\/product\/creme-magique-purai-prix-80e\/","og_locale":"en_GB","og_type":"article","og_title":"CR\u00c8ME MAGIQUE PURA\u00cf ( Prix 80\u20ac) - ALKAZEA","og_description":"Enfin!!! Elle est l\u00e0 !!! La solution r\u00e9volutionnaire de ALKAZEA pour d\u00e9gonfler le ventre apr\u00e8s 30 minutes de massage: le petit fr\u00e8re de l\u2019HUILE MAGIQUE que vous avez vous m\u00eame surnomm\u00e9e BBL naturel . Voici enfin la CR\u00c8ME MAGIQUE disponible \u00e0 moindre co\u00fbt pour des personnes n\u2019ayant pas les moyen d\u2019acheter l\u2019HUILE MAGiQUE. Les deux produits ont la m\u00eame efficacit\u00e9, et sont compos\u00e9s des m\u00eames plantes. Seulement, l\u2019huile magique est faite \u00e0 base des essences des plantes amincissantes et br\u00fbleurs de graisses pourtant la cr\u00e8me magique est constitu\u00e9e d\u2019un extrait des m\u00eames plantes. c\u2019est pourquoi l\u2019huile magique a la texture des huiles essentielles pourtant la cr\u00e8me magique a une texture cr\u00e9meuse. Connaissez vous la diff\u00e9rence entre l\u2019huile d\u2019arachide et la patte d\u2019arachides?? F\u00e9licitations \ud83c\udf8a!!! Vous avez donc compris la diff\u00e9rence entre l\u2019HUILE MAGIQUE PURA\u00cf et la CR\u00c8ME MAGIQUE PURA\u00cf. Vous avez des questions?","og_url":"https:\/\/alkazea.com\/en\/product\/creme-magique-purai-prix-80e\/","og_site_name":"ALKAZEA","article_modified_time":"2025-10-02T23:08:09+00:00","og_image":[{"width":1050,"height":877,"url":"https:\/\/alkazea.com\/wp-content\/uploads\/2023\/12\/WhatsApp-Image-2023-12-03-at-04.31.53.jpeg","type":"image\/jpeg"}],"twitter_card":"summary_large_image","schema":{"@context":"https:\/\/schema.org","@graph":[{"@type":"WebSite","@id":"https:\/\/alkazea.com\/#website","url":"https:\/\/alkazea.com\/","name":"ALKAZEA","description":"Ne jamais se rendre","potentialAction":[{"@type":"SearchAction","target":{"@type":"EntryPoint","urlTemplate":"https:\/\/alkazea.com\/?s={search_term_string}"},"query-input":"required name=search_term_string"}],"inLanguage":"en-GB"},{"@type":"ImageObject","@id":"https:\/\/alkazea.com\/product\/creme-magique-purai-prix-80e\/#primaryimage","inLanguage":"en-GB","url":"https:\/\/alkazea.com\/wp-content\/uploads\/2023\/12\/WhatsApp-Image-2023-12-03-at-04.31.53.jpeg","contentUrl":"https:\/\/alkazea.com\/wp-content\/uploads\/2023\/12\/WhatsApp-Image-2023-12-03-at-04.31.53.jpeg","width":1050,"height":877},{"@type":"WebPage","@id":"https:\/\/alkazea.com\/product\/creme-magique-purai-prix-80e\/#webpage","url":"https:\/\/alkazea.com\/product\/creme-magique-purai-prix-80e\/","name":"CR\u00c8ME MAGIQUE PURA\u00cf ( Prix 80\u20ac) - ALKAZEA","isPartOf":{"@id":"https:\/\/alkazea.com\/#website"},"primaryImageOfPage":{"@id":"https:\/\/alkazea.com\/product\/creme-magique-purai-prix-80e\/#primaryimage"},"datePublished":"2023-12-04T08:24:30+00:00","dateModified":"2025-10-02T23:08:09+00:00","breadcrumb":{"@id":"https:\/\/alkazea.com\/product\/creme-magique-purai-prix-80e\/#breadcrumb"},"inLanguage":"en-GB","potentialAction":[{"@type":"ReadAction","target":["https:\/\/alkazea.com\/product\/creme-magique-purai-prix-80e\/"]}]},{"@type":"BreadcrumbList","@id":"https:\/\/alkazea.com\/product\/creme-magique-purai-prix-80e\/#breadcrumb","itemListElement":[{"@type":"ListItem","position":1,"name":"Home","item":"https:\/\/alkazea.com\/"},{"@type":"ListItem","position":2,"name":"Shop","item":"https:\/\/alkazea.com\/shop\/"},{"@type":"ListItem","position":3,"name":"CR\u00c8ME MAGIQUE PURA\u00cf ( Prix 80\u20ac)"}]}]}},"_links":{"self":[{"href":"https:\/\/alkazea.com\/en\/wp-json\/wp\/v2\/product\/1267"}],"collection":[{"href":"https:\/\/alkazea.com\/en\/wp-json\/wp\/v2\/product"}],"about":[{"href":"https:\/\/alkazea.com\/en\/wp-json\/wp\/v2\/types\/product"}],"replies":[{"embeddable":true,"href":"https:\/\/alkazea.com\/en\/wp-json\/wp\/v2\/comments?post=1267"}],"wp:featuredmedia":[{"embeddable":true,"href":"https:\/\/alkazea.com\/en\/wp-json\/wp\/v2\/media\/1269"}],"wp:attachment":[{"href":"https:\/\/alkazea.com\/en\/wp-json\/wp\/v2\/media?parent=1267"}],"wp:term":[{"taxonomy":"product_cat","embeddable":true,"href":"https:\/\/alkazea.com\/en\/wp-json\/wp\/v2\/product_cat?post=1267"},{"taxonomy":"product_tag","embeddable":true,"href":"https:\/\/alkazea.com\/en\/wp-json\/wp\/v2\/product_tag?post=1267"}],"curies":[{"name":"wp","href":"https:\/\/api.w.org\/{rel}","templated":true}]}}