{"id":1466,"date":"2024-03-23T09:23:56","date_gmt":"2024-03-23T08:23:56","guid":{"rendered":"https:\/\/alkazea.com\/?post_type=product&#038;p=1466"},"modified":"2026-01-23T01:17:23","modified_gmt":"2026-01-23T00:17:23","slug":"purai-bazooka","status":"publish","type":"product","link":"https:\/\/alkazea.com\/en\/product\/purai-bazooka\/","title":{"rendered":"PURA\u00cf BAZOOKA (Prix 90\u20ac)"},"content":{"rendered":"<p>Prix 90<span class=\"BxUVEf ILfuVd\" lang=\"fr\"><span class=\"hgKElc\">\u20ac<\/span><\/span><\/p>","protected":false},"excerpt":{"rendered":"<p><strong>(Prix 90\u20ac)<\/strong><\/p>\n<p><strong>TU N\u2019AS RIIIEN DANS LE PANTALON<\/strong> : voici la phrase qui d\u00e9\u00e9\u00e9stabilise tous les hommes!! Aujourd\u2019hui, les laboratoires ALKAZEA ont con\u00e7u exclusivement pour eux, la cr\u00e8me PURA\u00cf BAZOOKA qui allonge, grossit et tonifie Dagobert . \u2705\u2705 Elle est fabriqu\u00e9e \u00e0 base des PUISSANTES ECORCES des plantes \ud83c\udf31 africaines qui ont le pouvoir de grossir et r\u00e9veiller votre kiiiki m\u00eame s\u2019il est endormi depuis longtemps . \u2705 Il suffit de le frotter deux fois par jour jusqu\u2019\u00e0 l\u2019obtention de la taille souhait\u00e9e et arr\u00eater imm\u00e9diatement parce que si \u00e7a grossit trop je n\u2019ai pas de rem\u00e8de pour r\u00e9tr\u00e9cir. \ud83d\uded1\ud83d\uded1\ud83d\uded1Attention \u26a0\ufe0f J\u2019insiste:n\u2019appliquez pas trop cette cr\u00e8me si non le menuisier va devoir refaire votre lit conjugal et les voisins vont vous chassser du quartier \u00e0 cause des geeemisssements excessifs de votre partenaire!<\/p>","protected":false},"featured_media":1467,"comment_status":"open","ping_status":"closed","template":"","meta":[],"product_cat":[54,53,18,52],"product_tag":[],"yoast_head":"<!-- This site is optimized with the Yoast SEO plugin v17.7.1 - https:\/\/yoast.com\/wordpress\/plugins\/seo\/ -->\n<title>PURA\u00cf BAZOOKA (Prix 90\u20ac) - ALKAZEA<\/title>\n<meta name=\"description\" content=\"TU N\u2019AS RIIIEN DANS LE PANTALON : voici la phrase qui d\u00e9\u00e9\u00e9stabilise tous les hommes!! Aujourd\u2019hui, les laboratoires ALKAZEA ont con\u00e7u exclusivement pour eux, la cr\u00e8me PURA\u00cf BAZOOKA qui allonge, grossit et tonifie Dagobert .\" \/>\n<meta name=\"robots\" content=\"index, follow, max-snippet:-1, max-image-preview:large, max-video-preview:-1\" \/>\n<link rel=\"canonical\" href=\"https:\/\/alkazea.com\/en\/product\/purai-bazooka\/\" \/>\n<meta property=\"og:locale\" content=\"en_GB\" \/>\n<meta property=\"og:type\" content=\"article\" \/>\n<meta property=\"og:title\" content=\"PURA\u00cf BAZOOKA (Prix 90\u20ac) - ALKAZEA\" \/>\n<meta property=\"og:description\" content=\"TU N\u2019AS RIIIEN DANS LE PANTALON : voici la phrase qui d\u00e9\u00e9\u00e9stabilise tous les hommes!! Aujourd\u2019hui, les laboratoires ALKAZEA ont con\u00e7u exclusivement pour eux, la cr\u00e8me PURA\u00cf BAZOOKA qui allonge, grossit et tonifie Dagobert .\" \/>\n<meta property=\"og:url\" content=\"https:\/\/alkazea.com\/en\/product\/purai-bazooka\/\" \/>\n<meta property=\"og:site_name\" content=\"ALKAZEA\" \/>\n<meta property=\"article:modified_time\" content=\"2026-01-23T00:17:23+00:00\" \/>\n<meta property=\"og:image\" content=\"https:\/\/alkazea.com\/wp-content\/uploads\/2024\/03\/bazooka.jpeg\" \/>\n\t<meta property=\"og:image:width\" content=\"1080\" \/>\n\t<meta property=\"og:image:height\" content=\"763\" \/>\n<meta name=\"twitter:card\" content=\"summary_large_image\" \/>\n<meta name=\"twitter:label1\" content=\"Est. reading time\" \/>\n\t<meta name=\"twitter:data1\" content=\"1 minute\" \/>\n<script type=\"application\/ld+json\" class=\"yoast-schema-graph\">{\"@context\":\"https:\/\/schema.org\",\"@graph\":[{\"@type\":\"WebSite\",\"@id\":\"https:\/\/alkazea.com\/#website\",\"url\":\"https:\/\/alkazea.com\/\",\"name\":\"ALKAZEA\",\"description\":\"Ne jamais se rendre\",\"potentialAction\":[{\"@type\":\"SearchAction\",\"target\":{\"@type\":\"EntryPoint\",\"urlTemplate\":\"https:\/\/alkazea.com\/?s={search_term_string}\"},\"query-input\":\"required name=search_term_string\"}],\"inLanguage\":\"en-GB\"},{\"@type\":\"ImageObject\",\"@id\":\"https:\/\/alkazea.com\/product\/purai-bazooka\/#primaryimage\",\"inLanguage\":\"en-GB\",\"url\":\"https:\/\/alkazea.com\/wp-content\/uploads\/2024\/03\/bazooka.jpeg\",\"contentUrl\":\"https:\/\/alkazea.com\/wp-content\/uploads\/2024\/03\/bazooka.jpeg\",\"width\":1080,\"height\":763},{\"@type\":\"WebPage\",\"@id\":\"https:\/\/alkazea.com\/product\/purai-bazooka\/#webpage\",\"url\":\"https:\/\/alkazea.com\/product\/purai-bazooka\/\",\"name\":\"PURA\\u00cf BAZOOKA (Prix 90\\u20ac) - ALKAZEA\",\"isPartOf\":{\"@id\":\"https:\/\/alkazea.com\/#website\"},\"primaryImageOfPage\":{\"@id\":\"https:\/\/alkazea.com\/product\/purai-bazooka\/#primaryimage\"},\"datePublished\":\"2024-03-23T08:23:56+00:00\",\"dateModified\":\"2026-01-23T00:17:23+00:00\",\"description\":\"TU N\\u2019AS RIIIEN DANS LE PANTALON : voici la phrase qui d\\u00e9\\u00e9\\u00e9stabilise tous les hommes!! Aujourd\\u2019hui, les laboratoires ALKAZEA ont con\\u00e7u exclusivement pour eux, la cr\\u00e8me PURA\\u00cf BAZOOKA qui allonge, grossit et tonifie Dagobert .\",\"breadcrumb\":{\"@id\":\"https:\/\/alkazea.com\/product\/purai-bazooka\/#breadcrumb\"},\"inLanguage\":\"en-GB\",\"potentialAction\":[{\"@type\":\"ReadAction\",\"target\":[\"https:\/\/alkazea.com\/product\/purai-bazooka\/\"]}]},{\"@type\":\"BreadcrumbList\",\"@id\":\"https:\/\/alkazea.com\/product\/purai-bazooka\/#breadcrumb\",\"itemListElement\":[{\"@type\":\"ListItem\",\"position\":1,\"name\":\"Home\",\"item\":\"https:\/\/alkazea.com\/\"},{\"@type\":\"ListItem\",\"position\":2,\"name\":\"Shop\",\"item\":\"https:\/\/alkazea.com\/shop\/\"},{\"@type\":\"ListItem\",\"position\":3,\"name\":\"PURA\\u00cf BAZOOKA (Prix 90\\u20ac)\"}]}]}<\/script>\n<!-- \/ Yoast SEO plugin. -->","yoast_head_json":{"title":"PURA\u00cf BAZOOKA (Prix 90\u20ac) - ALKAZEA","description":"TU N\u2019AS RIIIEN DANS LE PANTALON : voici la phrase qui d\u00e9\u00e9\u00e9stabilise tous les hommes!! Aujourd\u2019hui, les laboratoires ALKAZEA ont con\u00e7u exclusivement pour eux, la cr\u00e8me PURA\u00cf BAZOOKA qui allonge, grossit et tonifie Dagobert .","robots":{"index":"index","follow":"follow","max-snippet":"max-snippet:-1","max-image-preview":"max-image-preview:large","max-video-preview":"max-video-preview:-1"},"canonical":"https:\/\/alkazea.com\/en\/product\/purai-bazooka\/","og_locale":"en_GB","og_type":"article","og_title":"PURA\u00cf BAZOOKA (Prix 90\u20ac) - ALKAZEA","og_description":"TU N\u2019AS RIIIEN DANS LE PANTALON : voici la phrase qui d\u00e9\u00e9\u00e9stabilise tous les hommes!! Aujourd\u2019hui, les laboratoires ALKAZEA ont con\u00e7u exclusivement pour eux, la cr\u00e8me PURA\u00cf BAZOOKA qui allonge, grossit et tonifie Dagobert .","og_url":"https:\/\/alkazea.com\/en\/product\/purai-bazooka\/","og_site_name":"ALKAZEA","article_modified_time":"2026-01-23T00:17:23+00:00","og_image":[{"width":1080,"height":763,"url":"https:\/\/alkazea.com\/wp-content\/uploads\/2024\/03\/bazooka.jpeg","type":"image\/jpeg"}],"twitter_card":"summary_large_image","twitter_misc":{"Est. reading time":"1 minute"},"schema":{"@context":"https:\/\/schema.org","@graph":[{"@type":"WebSite","@id":"https:\/\/alkazea.com\/#website","url":"https:\/\/alkazea.com\/","name":"ALKAZEA","description":"Ne jamais se rendre","potentialAction":[{"@type":"SearchAction","target":{"@type":"EntryPoint","urlTemplate":"https:\/\/alkazea.com\/?s={search_term_string}"},"query-input":"required name=search_term_string"}],"inLanguage":"en-GB"},{"@type":"ImageObject","@id":"https:\/\/alkazea.com\/product\/purai-bazooka\/#primaryimage","inLanguage":"en-GB","url":"https:\/\/alkazea.com\/wp-content\/uploads\/2024\/03\/bazooka.jpeg","contentUrl":"https:\/\/alkazea.com\/wp-content\/uploads\/2024\/03\/bazooka.jpeg","width":1080,"height":763},{"@type":"WebPage","@id":"https:\/\/alkazea.com\/product\/purai-bazooka\/#webpage","url":"https:\/\/alkazea.com\/product\/purai-bazooka\/","name":"PURA\u00cf BAZOOKA (Prix 90\u20ac) - ALKAZEA","isPartOf":{"@id":"https:\/\/alkazea.com\/#website"},"primaryImageOfPage":{"@id":"https:\/\/alkazea.com\/product\/purai-bazooka\/#primaryimage"},"datePublished":"2024-03-23T08:23:56+00:00","dateModified":"2026-01-23T00:17:23+00:00","description":"TU N\u2019AS RIIIEN DANS LE PANTALON : voici la phrase qui d\u00e9\u00e9\u00e9stabilise tous les hommes!! Aujourd\u2019hui, les laboratoires ALKAZEA ont con\u00e7u exclusivement pour eux, la cr\u00e8me PURA\u00cf BAZOOKA qui allonge, grossit et tonifie Dagobert .","breadcrumb":{"@id":"https:\/\/alkazea.com\/product\/purai-bazooka\/#breadcrumb"},"inLanguage":"en-GB","potentialAction":[{"@type":"ReadAction","target":["https:\/\/alkazea.com\/product\/purai-bazooka\/"]}]},{"@type":"BreadcrumbList","@id":"https:\/\/alkazea.com\/product\/purai-bazooka\/#breadcrumb","itemListElement":[{"@type":"ListItem","position":1,"name":"Home","item":"https:\/\/alkazea.com\/"},{"@type":"ListItem","position":2,"name":"Shop","item":"https:\/\/alkazea.com\/shop\/"},{"@type":"ListItem","position":3,"name":"PURA\u00cf BAZOOKA (Prix 90\u20ac)"}]}]}},"_links":{"self":[{"href":"https:\/\/alkazea.com\/en\/wp-json\/wp\/v2\/product\/1466"}],"collection":[{"href":"https:\/\/alkazea.com\/en\/wp-json\/wp\/v2\/product"}],"about":[{"href":"https:\/\/alkazea.com\/en\/wp-json\/wp\/v2\/types\/product"}],"replies":[{"embeddable":true,"href":"https:\/\/alkazea.com\/en\/wp-json\/wp\/v2\/comments?post=1466"}],"wp:featuredmedia":[{"embeddable":true,"href":"https:\/\/alkazea.com\/en\/wp-json\/wp\/v2\/media\/1467"}],"wp:attachment":[{"href":"https:\/\/alkazea.com\/en\/wp-json\/wp\/v2\/media?parent=1466"}],"wp:term":[{"taxonomy":"product_cat","embeddable":true,"href":"https:\/\/alkazea.com\/en\/wp-json\/wp\/v2\/product_cat?post=1466"},{"taxonomy":"product_tag","embeddable":true,"href":"https:\/\/alkazea.com\/en\/wp-json\/wp\/v2\/product_tag?post=1466"}],"curies":[{"name":"wp","href":"https:\/\/api.w.org\/{rel}","templated":true}]}}