{"id":177,"date":"2021-12-27T17:33:40","date_gmt":"2021-12-27T16:33:40","guid":{"rendered":"https:\/\/alkazea.com\/?post_type=product&#038;p=177"},"modified":"2024-11-18T01:07:34","modified_gmt":"2024-11-18T00:07:34","slug":"game-eclat-natura","status":"publish","type":"product","link":"https:\/\/alkazea.com\/en\/product\/game-eclat-natura\/","title":{"rendered":"Game ECLAT NATURA"},"content":{"rendered":"<p>La <strong>Game Eclat Natura<\/strong>\u00a0 est compos\u00e9e d&rsquo;un gel de douche hydradant et d&rsquo;un lait de toilette. Il est con\u00e7u pour att\u00e9nuer rapidement, dans les zones tropicales, toutes les <strong>taches brunes<\/strong>\u00a0et imperfections de l&rsquo;<strong>hyperpigmentation<\/strong>\u00a0de la peau.<\/p>\n<p>Bas\u00e9 sur l&rsquo;association de GT White, d&rsquo;<strong>acide kojique<\/strong>\u00a0et d&rsquo;extraits de plantes (Gatuline Whitening) et de vitamines E et F, ce fluide, en\u00a0<strong>hydratant la peau<\/strong>,\u00a0<strong>\u00e9claircit progressivement les zones fonc\u00e9es<\/strong>\u00a0et r\u00e9gularise la production homog\u00e8ne de la m\u00e9lanine.<\/p>\n<p>Une application matin et soir coupl\u00e9e \u00e0 l&rsquo;utilisation de son savon \u00e9claircissant prot\u00e8ge,\u00a0<strong>hydrate, nourrit<\/strong>\u00a0et donne \u00e0 votre peau\u00a0 un\u00a0<strong>teint plus clair et uni.<\/strong><\/p>","protected":false},"excerpt":{"rendered":"<p>Le\u00a0<strong>lait Game Eclat Natura<\/strong>\u00a0est un complexe fluide con\u00e7u pour att\u00e9nuer rapidement, dans les zones tropicales, toutes les\u00a0<strong>taches brunes<\/strong>\u00a0et imperfections de l&rsquo;<strong>hyperpigmentation<\/strong>\u00a0de la peau.<\/p>\n<p>Bas\u00e9 sur l&rsquo;association de GT White, d&rsquo;<strong>acide kojique<\/strong>\u00a0et d&rsquo;extraits de plantes (Gatuline Whitening) et de vitamines E et F, ce fluide, en\u00a0<strong>hydratant la peau<\/strong>,\u00a0<strong>\u00e9claircit progressivement les zones fonc\u00e9es<\/strong>\u00a0et r\u00e9gularise la production homog\u00e8ne de la m\u00e9lanine.<\/p>\n<p>Une application matin et soir coupl\u00e9e \u00e0 l&rsquo;utilisation de son savon \u00e9claircissant prot\u00e8ge,\u00a0<strong>hydrate, nourrit<\/strong>\u00a0et donne \u00e0 votre peau\u00a0 un\u00a0<strong>teint plus clair et uni.<\/strong><\/p>","protected":false},"featured_media":185,"comment_status":"open","ping_status":"closed","template":"","meta":[],"product_cat":[53,18],"product_tag":[],"yoast_head":"<!-- This site is optimized with the Yoast SEO plugin v17.7.1 - https:\/\/yoast.com\/wordpress\/plugins\/seo\/ -->\n<title>Game ECLAT NATURA - ALKAZEA<\/title>\n<meta name=\"description\" content=\"alzazea, game eclat natura, lait de toilette\" \/>\n<meta name=\"robots\" content=\"index, follow, max-snippet:-1, max-image-preview:large, max-video-preview:-1\" \/>\n<link rel=\"canonical\" href=\"https:\/\/alkazea.com\/en\/product\/game-eclat-natura\/\" \/>\n<meta property=\"og:locale\" content=\"en_GB\" \/>\n<meta property=\"og:type\" content=\"article\" \/>\n<meta property=\"og:title\" content=\"Game ECLAT NATURA - ALKAZEA\" \/>\n<meta property=\"og:description\" content=\"alzazea, game eclat natura, lait de toilette\" \/>\n<meta property=\"og:url\" content=\"https:\/\/alkazea.com\/en\/product\/game-eclat-natura\/\" \/>\n<meta property=\"og:site_name\" content=\"ALKAZEA\" \/>\n<meta property=\"article:modified_time\" content=\"2024-11-18T00:07:34+00:00\" \/>\n<meta property=\"og:image\" content=\"https:\/\/alkazea.com\/wp-content\/uploads\/2021\/12\/eclat.png\" \/>\n\t<meta property=\"og:image:width\" content=\"593\" \/>\n\t<meta property=\"og:image:height\" content=\"592\" \/>\n<meta name=\"twitter:card\" content=\"summary_large_image\" \/>\n<meta name=\"twitter:label1\" content=\"Est. reading time\" \/>\n\t<meta name=\"twitter:data1\" content=\"1 minute\" \/>\n<script type=\"application\/ld+json\" class=\"yoast-schema-graph\">{\"@context\":\"https:\/\/schema.org\",\"@graph\":[{\"@type\":\"WebSite\",\"@id\":\"https:\/\/alkazea.com\/#website\",\"url\":\"https:\/\/alkazea.com\/\",\"name\":\"ALKAZEA\",\"description\":\"Ne jamais se rendre\",\"potentialAction\":[{\"@type\":\"SearchAction\",\"target\":{\"@type\":\"EntryPoint\",\"urlTemplate\":\"https:\/\/alkazea.com\/?s={search_term_string}\"},\"query-input\":\"required name=search_term_string\"}],\"inLanguage\":\"en-GB\"},{\"@type\":\"ImageObject\",\"@id\":\"https:\/\/alkazea.com\/product\/game-eclat-natura\/#primaryimage\",\"inLanguage\":\"en-GB\",\"url\":\"https:\/\/alkazea.com\/wp-content\/uploads\/2021\/12\/eclat.png\",\"contentUrl\":\"https:\/\/alkazea.com\/wp-content\/uploads\/2021\/12\/eclat.png\",\"width\":593,\"height\":592,\"caption\":\"game eclat natura\"},{\"@type\":\"WebPage\",\"@id\":\"https:\/\/alkazea.com\/product\/game-eclat-natura\/#webpage\",\"url\":\"https:\/\/alkazea.com\/product\/game-eclat-natura\/\",\"name\":\"Game ECLAT NATURA - ALKAZEA\",\"isPartOf\":{\"@id\":\"https:\/\/alkazea.com\/#website\"},\"primaryImageOfPage\":{\"@id\":\"https:\/\/alkazea.com\/product\/game-eclat-natura\/#primaryimage\"},\"datePublished\":\"2021-12-27T16:33:40+00:00\",\"dateModified\":\"2024-11-18T00:07:34+00:00\",\"description\":\"alzazea, game eclat natura, lait de toilette\",\"breadcrumb\":{\"@id\":\"https:\/\/alkazea.com\/product\/game-eclat-natura\/#breadcrumb\"},\"inLanguage\":\"en-GB\",\"potentialAction\":[{\"@type\":\"ReadAction\",\"target\":[\"https:\/\/alkazea.com\/product\/game-eclat-natura\/\"]}]},{\"@type\":\"BreadcrumbList\",\"@id\":\"https:\/\/alkazea.com\/product\/game-eclat-natura\/#breadcrumb\",\"itemListElement\":[{\"@type\":\"ListItem\",\"position\":1,\"name\":\"Home\",\"item\":\"https:\/\/alkazea.com\/\"},{\"@type\":\"ListItem\",\"position\":2,\"name\":\"Shop\",\"item\":\"https:\/\/alkazea.com\/shop\/\"},{\"@type\":\"ListItem\",\"position\":3,\"name\":\"Game ECLAT NATURA\"}]}]}<\/script>\n<!-- \/ Yoast SEO plugin. -->","yoast_head_json":{"title":"Game ECLAT NATURA - ALKAZEA","description":"alzazea, game eclat natura, lait de toilette","robots":{"index":"index","follow":"follow","max-snippet":"max-snippet:-1","max-image-preview":"max-image-preview:large","max-video-preview":"max-video-preview:-1"},"canonical":"https:\/\/alkazea.com\/en\/product\/game-eclat-natura\/","og_locale":"en_GB","og_type":"article","og_title":"Game ECLAT NATURA - ALKAZEA","og_description":"alzazea, game eclat natura, lait de toilette","og_url":"https:\/\/alkazea.com\/en\/product\/game-eclat-natura\/","og_site_name":"ALKAZEA","article_modified_time":"2024-11-18T00:07:34+00:00","og_image":[{"width":593,"height":592,"url":"https:\/\/alkazea.com\/wp-content\/uploads\/2021\/12\/eclat.png","type":"image\/png"}],"twitter_card":"summary_large_image","twitter_misc":{"Est. reading time":"1 minute"},"schema":{"@context":"https:\/\/schema.org","@graph":[{"@type":"WebSite","@id":"https:\/\/alkazea.com\/#website","url":"https:\/\/alkazea.com\/","name":"ALKAZEA","description":"Ne jamais se rendre","potentialAction":[{"@type":"SearchAction","target":{"@type":"EntryPoint","urlTemplate":"https:\/\/alkazea.com\/?s={search_term_string}"},"query-input":"required name=search_term_string"}],"inLanguage":"en-GB"},{"@type":"ImageObject","@id":"https:\/\/alkazea.com\/product\/game-eclat-natura\/#primaryimage","inLanguage":"en-GB","url":"https:\/\/alkazea.com\/wp-content\/uploads\/2021\/12\/eclat.png","contentUrl":"https:\/\/alkazea.com\/wp-content\/uploads\/2021\/12\/eclat.png","width":593,"height":592,"caption":"game eclat natura"},{"@type":"WebPage","@id":"https:\/\/alkazea.com\/product\/game-eclat-natura\/#webpage","url":"https:\/\/alkazea.com\/product\/game-eclat-natura\/","name":"Game ECLAT NATURA - ALKAZEA","isPartOf":{"@id":"https:\/\/alkazea.com\/#website"},"primaryImageOfPage":{"@id":"https:\/\/alkazea.com\/product\/game-eclat-natura\/#primaryimage"},"datePublished":"2021-12-27T16:33:40+00:00","dateModified":"2024-11-18T00:07:34+00:00","description":"alzazea, game eclat natura, lait de toilette","breadcrumb":{"@id":"https:\/\/alkazea.com\/product\/game-eclat-natura\/#breadcrumb"},"inLanguage":"en-GB","potentialAction":[{"@type":"ReadAction","target":["https:\/\/alkazea.com\/product\/game-eclat-natura\/"]}]},{"@type":"BreadcrumbList","@id":"https:\/\/alkazea.com\/product\/game-eclat-natura\/#breadcrumb","itemListElement":[{"@type":"ListItem","position":1,"name":"Home","item":"https:\/\/alkazea.com\/"},{"@type":"ListItem","position":2,"name":"Shop","item":"https:\/\/alkazea.com\/shop\/"},{"@type":"ListItem","position":3,"name":"Game ECLAT NATURA"}]}]}},"_links":{"self":[{"href":"https:\/\/alkazea.com\/en\/wp-json\/wp\/v2\/product\/177"}],"collection":[{"href":"https:\/\/alkazea.com\/en\/wp-json\/wp\/v2\/product"}],"about":[{"href":"https:\/\/alkazea.com\/en\/wp-json\/wp\/v2\/types\/product"}],"replies":[{"embeddable":true,"href":"https:\/\/alkazea.com\/en\/wp-json\/wp\/v2\/comments?post=177"}],"wp:featuredmedia":[{"embeddable":true,"href":"https:\/\/alkazea.com\/en\/wp-json\/wp\/v2\/media\/185"}],"wp:attachment":[{"href":"https:\/\/alkazea.com\/en\/wp-json\/wp\/v2\/media?parent=177"}],"wp:term":[{"taxonomy":"product_cat","embeddable":true,"href":"https:\/\/alkazea.com\/en\/wp-json\/wp\/v2\/product_cat?post=177"},{"taxonomy":"product_tag","embeddable":true,"href":"https:\/\/alkazea.com\/en\/wp-json\/wp\/v2\/product_tag?post=177"}],"curies":[{"name":"wp","href":"https:\/\/api.w.org\/{rel}","templated":true}]}}