{"id":195,"date":"2021-12-27T18:04:50","date_gmt":"2021-12-27T17:04:50","guid":{"rendered":"https:\/\/alkazea.com\/?post_type=product&#038;p=195"},"modified":"2025-11-01T06:42:32","modified_gmt":"2025-11-01T05:42:32","slug":"lait-de-toilette-eclat-natura","status":"publish","type":"product","link":"https:\/\/alkazea.com\/en\/product\/lait-de-toilette-eclat-natura\/","title":{"rendered":"Lait de Toilette Eclat Natura"},"content":{"rendered":"<p><span style=\"font-family: Arial, Verdana, Helvetica, sans-serif;\"><span style=\"font-size: 12px;\">Lait de Toilette Eclat Natura\u00a0<\/span><\/span><span style=\"font-family: Arial, Verdana, Helvetica, sans-serif; font-size: 12px;\">est une lotion pour le corps aux acides de fruits et au complexe de blanchiment, qui est d\u00e9velopp\u00e9e pour blanchir, hydrater et purifier votre peau. Enrichi en vitamine A et E, Eclat-White prot\u00e8ge votre jeunesse, adoucit votre peau, la rafra\u00eechit et la rend tellement plus sensationnelle.<\/span><\/p>","protected":false},"excerpt":{"rendered":"<p><span style=\"color: #323232; font-family: Arial, Verdana, Helvetica, sans-serif;\"><span style=\"font-size: 12px;\">Lait de Toilette Eclat Natura <\/span><\/span><span style=\"font-family: Arial, Verdana, Helvetica, sans-serif; font-size: 12px;\">est une lotion pour le corps aux acides de fruits et au complexe de blanchiment, qui est d\u00e9velopp\u00e9e pour blanchir, hydrater et purifier votre peau. Enrichi en vitamine A et E, Eclat-White prot\u00e8ge votre jeunesse, adoucit votre peau, la rafra\u00eechit et la rend tellement plus sensationnelle.<\/span><\/p>","protected":false},"featured_media":182,"comment_status":"open","ping_status":"closed","template":"","meta":[],"product_cat":[53,18],"product_tag":[],"yoast_head":"<!-- This site is optimized with the Yoast SEO plugin v17.7.1 - https:\/\/yoast.com\/wordpress\/plugins\/seo\/ -->\n<title>Lait de Toilette Eclat Natura - ALKAZEA<\/title>\n<meta name=\"robots\" content=\"index, follow, max-snippet:-1, max-image-preview:large, max-video-preview:-1\" \/>\n<link rel=\"canonical\" href=\"https:\/\/alkazea.com\/en\/product\/lait-de-toilette-eclat-natura\/\" \/>\n<meta property=\"og:locale\" content=\"en_GB\" \/>\n<meta property=\"og:type\" content=\"article\" \/>\n<meta property=\"og:title\" content=\"Lait de Toilette Eclat Natura - ALKAZEA\" \/>\n<meta property=\"og:description\" content=\"Lait de Toilette Eclat Natura est une lotion pour le corps aux acides de fruits et au complexe de blanchiment, qui est d\u00e9velopp\u00e9e pour blanchir, hydrater et purifier votre peau. Enrichi en vitamine A et E, Eclat-White prot\u00e8ge votre jeunesse, adoucit votre peau, la rafra\u00eechit et la rend tellement plus sensationnelle.\" \/>\n<meta property=\"og:url\" content=\"https:\/\/alkazea.com\/en\/product\/lait-de-toilette-eclat-natura\/\" \/>\n<meta property=\"og:site_name\" content=\"ALKAZEA\" \/>\n<meta property=\"article:modified_time\" content=\"2025-11-01T05:42:32+00:00\" \/>\n<meta property=\"og:image\" content=\"https:\/\/alkazea.com\/wp-content\/uploads\/2021\/12\/lait-toilette.png\" \/>\n\t<meta property=\"og:image:width\" content=\"572\" \/>\n\t<meta property=\"og:image:height\" content=\"760\" \/>\n<meta name=\"twitter:card\" content=\"summary_large_image\" \/>\n<script type=\"application\/ld+json\" class=\"yoast-schema-graph\">{\"@context\":\"https:\/\/schema.org\",\"@graph\":[{\"@type\":\"WebSite\",\"@id\":\"https:\/\/alkazea.com\/#website\",\"url\":\"https:\/\/alkazea.com\/\",\"name\":\"ALKAZEA\",\"description\":\"Ne jamais se rendre\",\"potentialAction\":[{\"@type\":\"SearchAction\",\"target\":{\"@type\":\"EntryPoint\",\"urlTemplate\":\"https:\/\/alkazea.com\/?s={search_term_string}\"},\"query-input\":\"required name=search_term_string\"}],\"inLanguage\":\"en-GB\"},{\"@type\":\"ImageObject\",\"@id\":\"https:\/\/alkazea.com\/product\/lait-de-toilette-eclat-natura\/#primaryimage\",\"inLanguage\":\"en-GB\",\"url\":\"https:\/\/alkazea.com\/wp-content\/uploads\/2021\/12\/lait-toilette.png\",\"contentUrl\":\"https:\/\/alkazea.com\/wp-content\/uploads\/2021\/12\/lait-toilette.png\",\"width\":572,\"height\":760,\"caption\":\"lait de toilette\"},{\"@type\":\"WebPage\",\"@id\":\"https:\/\/alkazea.com\/product\/lait-de-toilette-eclat-natura\/#webpage\",\"url\":\"https:\/\/alkazea.com\/product\/lait-de-toilette-eclat-natura\/\",\"name\":\"Lait de Toilette Eclat Natura - ALKAZEA\",\"isPartOf\":{\"@id\":\"https:\/\/alkazea.com\/#website\"},\"primaryImageOfPage\":{\"@id\":\"https:\/\/alkazea.com\/product\/lait-de-toilette-eclat-natura\/#primaryimage\"},\"datePublished\":\"2021-12-27T17:04:50+00:00\",\"dateModified\":\"2025-11-01T05:42:32+00:00\",\"breadcrumb\":{\"@id\":\"https:\/\/alkazea.com\/product\/lait-de-toilette-eclat-natura\/#breadcrumb\"},\"inLanguage\":\"en-GB\",\"potentialAction\":[{\"@type\":\"ReadAction\",\"target\":[\"https:\/\/alkazea.com\/product\/lait-de-toilette-eclat-natura\/\"]}]},{\"@type\":\"BreadcrumbList\",\"@id\":\"https:\/\/alkazea.com\/product\/lait-de-toilette-eclat-natura\/#breadcrumb\",\"itemListElement\":[{\"@type\":\"ListItem\",\"position\":1,\"name\":\"Home\",\"item\":\"https:\/\/alkazea.com\/\"},{\"@type\":\"ListItem\",\"position\":2,\"name\":\"Shop\",\"item\":\"https:\/\/alkazea.com\/shop\/\"},{\"@type\":\"ListItem\",\"position\":3,\"name\":\"Lait de Toilette Eclat Natura\"}]}]}<\/script>\n<!-- \/ Yoast SEO plugin. -->","yoast_head_json":{"title":"Lait de Toilette Eclat Natura - ALKAZEA","robots":{"index":"index","follow":"follow","max-snippet":"max-snippet:-1","max-image-preview":"max-image-preview:large","max-video-preview":"max-video-preview:-1"},"canonical":"https:\/\/alkazea.com\/en\/product\/lait-de-toilette-eclat-natura\/","og_locale":"en_GB","og_type":"article","og_title":"Lait de Toilette Eclat Natura - ALKAZEA","og_description":"Lait de Toilette Eclat Natura est une lotion pour le corps aux acides de fruits et au complexe de blanchiment, qui est d\u00e9velopp\u00e9e pour blanchir, hydrater et purifier votre peau. Enrichi en vitamine A et E, Eclat-White prot\u00e8ge votre jeunesse, adoucit votre peau, la rafra\u00eechit et la rend tellement plus sensationnelle.","og_url":"https:\/\/alkazea.com\/en\/product\/lait-de-toilette-eclat-natura\/","og_site_name":"ALKAZEA","article_modified_time":"2025-11-01T05:42:32+00:00","og_image":[{"width":572,"height":760,"url":"https:\/\/alkazea.com\/wp-content\/uploads\/2021\/12\/lait-toilette.png","type":"image\/png"}],"twitter_card":"summary_large_image","schema":{"@context":"https:\/\/schema.org","@graph":[{"@type":"WebSite","@id":"https:\/\/alkazea.com\/#website","url":"https:\/\/alkazea.com\/","name":"ALKAZEA","description":"Ne jamais se rendre","potentialAction":[{"@type":"SearchAction","target":{"@type":"EntryPoint","urlTemplate":"https:\/\/alkazea.com\/?s={search_term_string}"},"query-input":"required name=search_term_string"}],"inLanguage":"en-GB"},{"@type":"ImageObject","@id":"https:\/\/alkazea.com\/product\/lait-de-toilette-eclat-natura\/#primaryimage","inLanguage":"en-GB","url":"https:\/\/alkazea.com\/wp-content\/uploads\/2021\/12\/lait-toilette.png","contentUrl":"https:\/\/alkazea.com\/wp-content\/uploads\/2021\/12\/lait-toilette.png","width":572,"height":760,"caption":"lait de toilette"},{"@type":"WebPage","@id":"https:\/\/alkazea.com\/product\/lait-de-toilette-eclat-natura\/#webpage","url":"https:\/\/alkazea.com\/product\/lait-de-toilette-eclat-natura\/","name":"Lait de Toilette Eclat Natura - ALKAZEA","isPartOf":{"@id":"https:\/\/alkazea.com\/#website"},"primaryImageOfPage":{"@id":"https:\/\/alkazea.com\/product\/lait-de-toilette-eclat-natura\/#primaryimage"},"datePublished":"2021-12-27T17:04:50+00:00","dateModified":"2025-11-01T05:42:32+00:00","breadcrumb":{"@id":"https:\/\/alkazea.com\/product\/lait-de-toilette-eclat-natura\/#breadcrumb"},"inLanguage":"en-GB","potentialAction":[{"@type":"ReadAction","target":["https:\/\/alkazea.com\/product\/lait-de-toilette-eclat-natura\/"]}]},{"@type":"BreadcrumbList","@id":"https:\/\/alkazea.com\/product\/lait-de-toilette-eclat-natura\/#breadcrumb","itemListElement":[{"@type":"ListItem","position":1,"name":"Home","item":"https:\/\/alkazea.com\/"},{"@type":"ListItem","position":2,"name":"Shop","item":"https:\/\/alkazea.com\/shop\/"},{"@type":"ListItem","position":3,"name":"Lait de Toilette Eclat Natura"}]}]}},"_links":{"self":[{"href":"https:\/\/alkazea.com\/en\/wp-json\/wp\/v2\/product\/195"}],"collection":[{"href":"https:\/\/alkazea.com\/en\/wp-json\/wp\/v2\/product"}],"about":[{"href":"https:\/\/alkazea.com\/en\/wp-json\/wp\/v2\/types\/product"}],"replies":[{"embeddable":true,"href":"https:\/\/alkazea.com\/en\/wp-json\/wp\/v2\/comments?post=195"}],"wp:featuredmedia":[{"embeddable":true,"href":"https:\/\/alkazea.com\/en\/wp-json\/wp\/v2\/media\/182"}],"wp:attachment":[{"href":"https:\/\/alkazea.com\/en\/wp-json\/wp\/v2\/media?parent=195"}],"wp:term":[{"taxonomy":"product_cat","embeddable":true,"href":"https:\/\/alkazea.com\/en\/wp-json\/wp\/v2\/product_cat?post=195"},{"taxonomy":"product_tag","embeddable":true,"href":"https:\/\/alkazea.com\/en\/wp-json\/wp\/v2\/product_tag?post=195"}],"curies":[{"name":"wp","href":"https:\/\/api.w.org\/{rel}","templated":true}]}}