{"id":196,"date":"2021-12-27T18:10:58","date_gmt":"2021-12-27T17:10:58","guid":{"rendered":"https:\/\/alkazea.com\/?post_type=product&#038;p=196"},"modified":"2025-10-03T01:07:50","modified_gmt":"2025-10-02T23:07:50","slug":"creme-de-visage-eclat-natura","status":"publish","type":"product","link":"https:\/\/alkazea.com\/en\/product\/creme-de-visage-eclat-natura\/","title":{"rendered":"Cr\u00e8me de visage Eclat Natura"},"content":{"rendered":"<p>Le\u00a0<strong>lait Eclat Total \u00e9claircissant<\/strong>\u00a0est un complexe fluide con\u00e7u pour att\u00e9nuer rapidement, dans les zones tropicales, toutes les\u00a0<strong>taches brunes<\/strong>\u00a0et imperfections de l&rsquo;<strong>hyperpigmentation<\/strong>\u00a0de la peau.<\/p>\n<p>Bas\u00e9 sur l&rsquo;association de GT White, d&rsquo;<strong>acide kojique<\/strong>\u00a0et d&rsquo;extraits de plantes (Gatuline Whitening) et de vitamines E et F, ce fluide, en\u00a0<strong>hydratant la peau<\/strong>,\u00a0<strong>\u00e9claircit progressivement les zones fonc\u00e9es<\/strong>\u00a0et r\u00e9gularise la production homog\u00e8ne de la m\u00e9lanine.<\/p>","protected":false},"excerpt":{"rendered":"<p>Le\u00a0lait Eclat Total \u00e9claircissant\u00a0est un complexe fluide con\u00e7u pour att\u00e9nuer rapidement, dans les zones tropicales, toutes les\u00a0taches brunes\u00a0et imperfections de l&rsquo;hyperpigmentation\u00a0de la peau. Bas\u00e9 sur l&rsquo;association de GT White, d&rsquo;acide kojique\u00a0et d&rsquo;extraits de plantes (Gatuline Whitening) et de vitamines E et F, ce fluide, en\u00a0hydratant la peau,\u00a0\u00e9claircit progressivement les zones fonc\u00e9es\u00a0et r\u00e9gularise la production homog\u00e8ne de la m\u00e9lanine.<\/p>","protected":false},"featured_media":184,"comment_status":"open","ping_status":"closed","template":"","meta":[],"product_cat":[53,18],"product_tag":[],"yoast_head":"<!-- This site is optimized with the Yoast SEO plugin v17.7.1 - https:\/\/yoast.com\/wordpress\/plugins\/seo\/ -->\n<title>Cr\u00e8me de visage Eclat Natura - ALKAZEA<\/title>\n<meta name=\"robots\" content=\"index, follow, max-snippet:-1, max-image-preview:large, max-video-preview:-1\" \/>\n<link rel=\"canonical\" href=\"https:\/\/alkazea.com\/en\/product\/creme-de-visage-eclat-natura\/\" \/>\n<meta property=\"og:locale\" content=\"en_GB\" \/>\n<meta property=\"og:type\" content=\"article\" \/>\n<meta property=\"og:title\" content=\"Cr\u00e8me de visage Eclat Natura - ALKAZEA\" \/>\n<meta property=\"og:description\" content=\"Le\u00a0lait Eclat Total \u00e9claircissant\u00a0est un complexe fluide con\u00e7u pour att\u00e9nuer rapidement, dans les zones tropicales, toutes les\u00a0taches brunes\u00a0et imperfections de l&rsquo;hyperpigmentation\u00a0de la peau. Bas\u00e9 sur l&rsquo;association de GT White, d&rsquo;acide kojique\u00a0et d&rsquo;extraits de plantes (Gatuline Whitening) et de vitamines E et F, ce fluide, en\u00a0hydratant la peau,\u00a0\u00e9claircit progressivement les zones fonc\u00e9es\u00a0et r\u00e9gularise la production homog\u00e8ne de la m\u00e9lanine.\" \/>\n<meta property=\"og:url\" content=\"https:\/\/alkazea.com\/en\/product\/creme-de-visage-eclat-natura\/\" \/>\n<meta property=\"og:site_name\" content=\"ALKAZEA\" \/>\n<meta property=\"article:modified_time\" content=\"2025-10-02T23:07:50+00:00\" \/>\n<meta property=\"og:image\" content=\"https:\/\/alkazea.com\/wp-content\/uploads\/2021\/12\/creme.png\" \/>\n\t<meta property=\"og:image:width\" content=\"575\" \/>\n\t<meta property=\"og:image:height\" content=\"624\" \/>\n<meta name=\"twitter:card\" content=\"summary_large_image\" \/>\n<script type=\"application\/ld+json\" class=\"yoast-schema-graph\">{\"@context\":\"https:\/\/schema.org\",\"@graph\":[{\"@type\":\"WebSite\",\"@id\":\"https:\/\/alkazea.com\/#website\",\"url\":\"https:\/\/alkazea.com\/\",\"name\":\"ALKAZEA\",\"description\":\"Ne jamais se rendre\",\"potentialAction\":[{\"@type\":\"SearchAction\",\"target\":{\"@type\":\"EntryPoint\",\"urlTemplate\":\"https:\/\/alkazea.com\/?s={search_term_string}\"},\"query-input\":\"required name=search_term_string\"}],\"inLanguage\":\"en-GB\"},{\"@type\":\"ImageObject\",\"@id\":\"https:\/\/alkazea.com\/product\/creme-de-visage-eclat-natura\/#primaryimage\",\"inLanguage\":\"en-GB\",\"url\":\"https:\/\/alkazea.com\/wp-content\/uploads\/2021\/12\/creme.png\",\"contentUrl\":\"https:\/\/alkazea.com\/wp-content\/uploads\/2021\/12\/creme.png\",\"width\":575,\"height\":624,\"caption\":\"Cr\\u00e8me de visage Eclat Natura\"},{\"@type\":\"WebPage\",\"@id\":\"https:\/\/alkazea.com\/product\/creme-de-visage-eclat-natura\/#webpage\",\"url\":\"https:\/\/alkazea.com\/product\/creme-de-visage-eclat-natura\/\",\"name\":\"Cr\\u00e8me de visage Eclat Natura - ALKAZEA\",\"isPartOf\":{\"@id\":\"https:\/\/alkazea.com\/#website\"},\"primaryImageOfPage\":{\"@id\":\"https:\/\/alkazea.com\/product\/creme-de-visage-eclat-natura\/#primaryimage\"},\"datePublished\":\"2021-12-27T17:10:58+00:00\",\"dateModified\":\"2025-10-02T23:07:50+00:00\",\"breadcrumb\":{\"@id\":\"https:\/\/alkazea.com\/product\/creme-de-visage-eclat-natura\/#breadcrumb\"},\"inLanguage\":\"en-GB\",\"potentialAction\":[{\"@type\":\"ReadAction\",\"target\":[\"https:\/\/alkazea.com\/product\/creme-de-visage-eclat-natura\/\"]}]},{\"@type\":\"BreadcrumbList\",\"@id\":\"https:\/\/alkazea.com\/product\/creme-de-visage-eclat-natura\/#breadcrumb\",\"itemListElement\":[{\"@type\":\"ListItem\",\"position\":1,\"name\":\"Home\",\"item\":\"https:\/\/alkazea.com\/\"},{\"@type\":\"ListItem\",\"position\":2,\"name\":\"Shop\",\"item\":\"https:\/\/alkazea.com\/shop\/\"},{\"@type\":\"ListItem\",\"position\":3,\"name\":\"Cr\\u00e8me de visage Eclat Natura\"}]}]}<\/script>\n<!-- \/ Yoast SEO plugin. -->","yoast_head_json":{"title":"Cr\u00e8me de visage Eclat Natura - ALKAZEA","robots":{"index":"index","follow":"follow","max-snippet":"max-snippet:-1","max-image-preview":"max-image-preview:large","max-video-preview":"max-video-preview:-1"},"canonical":"https:\/\/alkazea.com\/en\/product\/creme-de-visage-eclat-natura\/","og_locale":"en_GB","og_type":"article","og_title":"Cr\u00e8me de visage Eclat Natura - ALKAZEA","og_description":"Le\u00a0lait Eclat Total \u00e9claircissant\u00a0est un complexe fluide con\u00e7u pour att\u00e9nuer rapidement, dans les zones tropicales, toutes les\u00a0taches brunes\u00a0et imperfections de l&rsquo;hyperpigmentation\u00a0de la peau. Bas\u00e9 sur l&rsquo;association de GT White, d&rsquo;acide kojique\u00a0et d&rsquo;extraits de plantes (Gatuline Whitening) et de vitamines E et F, ce fluide, en\u00a0hydratant la peau,\u00a0\u00e9claircit progressivement les zones fonc\u00e9es\u00a0et r\u00e9gularise la production homog\u00e8ne de la m\u00e9lanine.","og_url":"https:\/\/alkazea.com\/en\/product\/creme-de-visage-eclat-natura\/","og_site_name":"ALKAZEA","article_modified_time":"2025-10-02T23:07:50+00:00","og_image":[{"width":575,"height":624,"url":"https:\/\/alkazea.com\/wp-content\/uploads\/2021\/12\/creme.png","type":"image\/png"}],"twitter_card":"summary_large_image","schema":{"@context":"https:\/\/schema.org","@graph":[{"@type":"WebSite","@id":"https:\/\/alkazea.com\/#website","url":"https:\/\/alkazea.com\/","name":"ALKAZEA","description":"Ne jamais se rendre","potentialAction":[{"@type":"SearchAction","target":{"@type":"EntryPoint","urlTemplate":"https:\/\/alkazea.com\/?s={search_term_string}"},"query-input":"required name=search_term_string"}],"inLanguage":"en-GB"},{"@type":"ImageObject","@id":"https:\/\/alkazea.com\/product\/creme-de-visage-eclat-natura\/#primaryimage","inLanguage":"en-GB","url":"https:\/\/alkazea.com\/wp-content\/uploads\/2021\/12\/creme.png","contentUrl":"https:\/\/alkazea.com\/wp-content\/uploads\/2021\/12\/creme.png","width":575,"height":624,"caption":"Cr\u00e8me de visage Eclat Natura"},{"@type":"WebPage","@id":"https:\/\/alkazea.com\/product\/creme-de-visage-eclat-natura\/#webpage","url":"https:\/\/alkazea.com\/product\/creme-de-visage-eclat-natura\/","name":"Cr\u00e8me de visage Eclat Natura - ALKAZEA","isPartOf":{"@id":"https:\/\/alkazea.com\/#website"},"primaryImageOfPage":{"@id":"https:\/\/alkazea.com\/product\/creme-de-visage-eclat-natura\/#primaryimage"},"datePublished":"2021-12-27T17:10:58+00:00","dateModified":"2025-10-02T23:07:50+00:00","breadcrumb":{"@id":"https:\/\/alkazea.com\/product\/creme-de-visage-eclat-natura\/#breadcrumb"},"inLanguage":"en-GB","potentialAction":[{"@type":"ReadAction","target":["https:\/\/alkazea.com\/product\/creme-de-visage-eclat-natura\/"]}]},{"@type":"BreadcrumbList","@id":"https:\/\/alkazea.com\/product\/creme-de-visage-eclat-natura\/#breadcrumb","itemListElement":[{"@type":"ListItem","position":1,"name":"Home","item":"https:\/\/alkazea.com\/"},{"@type":"ListItem","position":2,"name":"Shop","item":"https:\/\/alkazea.com\/shop\/"},{"@type":"ListItem","position":3,"name":"Cr\u00e8me de visage Eclat Natura"}]}]}},"_links":{"self":[{"href":"https:\/\/alkazea.com\/en\/wp-json\/wp\/v2\/product\/196"}],"collection":[{"href":"https:\/\/alkazea.com\/en\/wp-json\/wp\/v2\/product"}],"about":[{"href":"https:\/\/alkazea.com\/en\/wp-json\/wp\/v2\/types\/product"}],"replies":[{"embeddable":true,"href":"https:\/\/alkazea.com\/en\/wp-json\/wp\/v2\/comments?post=196"}],"wp:featuredmedia":[{"embeddable":true,"href":"https:\/\/alkazea.com\/en\/wp-json\/wp\/v2\/media\/184"}],"wp:attachment":[{"href":"https:\/\/alkazea.com\/en\/wp-json\/wp\/v2\/media?parent=196"}],"wp:term":[{"taxonomy":"product_cat","embeddable":true,"href":"https:\/\/alkazea.com\/en\/wp-json\/wp\/v2\/product_cat?post=196"},{"taxonomy":"product_tag","embeddable":true,"href":"https:\/\/alkazea.com\/en\/wp-json\/wp\/v2\/product_tag?post=196"}],"curies":[{"name":"wp","href":"https:\/\/api.w.org\/{rel}","templated":true}]}}