{"id":428,"date":"2022-10-01T13:39:11","date_gmt":"2022-10-01T11:39:11","guid":{"rendered":"https:\/\/alkazea.com\/?post_type=product&#038;p=428"},"modified":"2024-06-06T06:52:17","modified_gmt":"2024-06-06T04:52:17","slug":"purai-herb-gelules","status":"publish","type":"product","link":"https:\/\/alkazea.com\/en\/product\/purai-herb-gelules\/","title":{"rendered":"PURA\u00cf HERB g\u00e9lules"},"content":{"rendered":"<p>Au niveau de la posologie, les g\u00e9lules se consomment ainsi : deux comprim\u00e9s le matin \u00e0 jeun deux \u00e0 midi avant le repas et deux le soir avant le repas . Si vous achetez le the , vous mettrez un sachet dans deux litres d\u2019eaux chaque matin et y ajouter le jus de 3 citrons + une cuill\u00e8re \u00e0 caf\u00e9 de clou de girofle en poudre . Vous buvez le tout en un jour toujours \u00e0 chaud .<\/p>","protected":false},"excerpt":{"rendered":"<p>Apr\u00e8s plusieurs exp\u00e9riences, les di\u00e9t\u00e9ticiens ont conclu que la plus grande cause du surpoids est la gourmandise \ud83d\ude02\ud83d\ude02\ud83d\ude02\ud83d\ude02. Plusieurs personnes sont ob\u00e8ses et ou ont un ventre ballonn\u00e9 parce qu\u2019ils mangent tout et \u00e0 n\u2019importe quel moment \ud83d\ude02\ud83d\ude02\ud83d\ude02. Certains d\u2019entre vous, choisissent permis les m\u00e9thodes que ALKAZEA vous propose pour votre perte de poids , le je\u00fbne intermittent mais ont du mal \u00e0 respecter le programme. Choisissez PURA\u00cf HERB comme votre alli\u00e9 minceur et vous n\u2019aurez absolument pas envie de grignoter et encore moins de manger excessivement. PURA\u00cf HERB vous permet de r\u00e9duire votre app\u00e9tit et de r\u00e9duire progressivement votre assiette \ud83c\udf7d afin d\u2019obliger votre organisme \u00e0 utiliser les r\u00e9serves de graisse comme source d\u2019\u00e9nergie<\/p>","protected":false},"featured_media":431,"comment_status":"open","ping_status":"closed","template":"","meta":[],"product_cat":[54,18],"product_tag":[],"yoast_head":"<!-- This site is optimized with the Yoast SEO plugin v17.7.1 - https:\/\/yoast.com\/wordpress\/plugins\/seo\/ -->\n<title>PURA\u00cf HERB g\u00e9lules - ALKAZEA<\/title>\n<meta name=\"robots\" content=\"index, follow, max-snippet:-1, max-image-preview:large, max-video-preview:-1\" \/>\n<link rel=\"canonical\" href=\"https:\/\/alkazea.com\/en\/product\/purai-herb-gelules\/\" \/>\n<meta property=\"og:locale\" content=\"en_GB\" \/>\n<meta property=\"og:type\" content=\"article\" \/>\n<meta property=\"og:title\" content=\"PURA\u00cf HERB g\u00e9lules - ALKAZEA\" \/>\n<meta property=\"og:description\" content=\"Apr\u00e8s plusieurs exp\u00e9riences, les di\u00e9t\u00e9ticiens ont conclu que la plus grande cause du surpoids est la gourmandise \ud83d\ude02\ud83d\ude02\ud83d\ude02\ud83d\ude02. Plusieurs personnes sont ob\u00e8ses et ou ont un ventre ballonn\u00e9 parce qu\u2019ils mangent tout et \u00e0 n\u2019importe quel moment \ud83d\ude02\ud83d\ude02\ud83d\ude02. Certains d\u2019entre vous, choisissent permis les m\u00e9thodes que ALKAZEA vous propose pour votre perte de poids , le je\u00fbne intermittent mais ont du mal \u00e0 respecter le programme. Choisissez PURA\u00cf HERB comme votre alli\u00e9 minceur et vous n\u2019aurez absolument pas envie de grignoter et encore moins de manger excessivement. PURA\u00cf HERB vous permet de r\u00e9duire votre app\u00e9tit et de r\u00e9duire progressivement votre assiette \ud83c\udf7d afin d\u2019obliger votre organisme \u00e0 utiliser les r\u00e9serves de graisse comme source d\u2019\u00e9nergie\" \/>\n<meta property=\"og:url\" content=\"https:\/\/alkazea.com\/en\/product\/purai-herb-gelules\/\" \/>\n<meta property=\"og:site_name\" content=\"ALKAZEA\" \/>\n<meta property=\"article:modified_time\" content=\"2024-06-06T04:52:17+00:00\" \/>\n<meta property=\"og:image\" content=\"https:\/\/alkazea.com\/wp-content\/uploads\/2022\/10\/WhatsApp-Image-2022-10-01-at-9.59.34-AM.jpeg\" \/>\n\t<meta property=\"og:image:width\" content=\"928\" \/>\n\t<meta property=\"og:image:height\" content=\"1080\" \/>\n<meta name=\"twitter:card\" content=\"summary_large_image\" \/>\n<script type=\"application\/ld+json\" class=\"yoast-schema-graph\">{\"@context\":\"https:\/\/schema.org\",\"@graph\":[{\"@type\":\"WebSite\",\"@id\":\"https:\/\/alkazea.com\/#website\",\"url\":\"https:\/\/alkazea.com\/\",\"name\":\"ALKAZEA\",\"description\":\"Ne jamais se rendre\",\"potentialAction\":[{\"@type\":\"SearchAction\",\"target\":{\"@type\":\"EntryPoint\",\"urlTemplate\":\"https:\/\/alkazea.com\/?s={search_term_string}\"},\"query-input\":\"required name=search_term_string\"}],\"inLanguage\":\"en-GB\"},{\"@type\":\"ImageObject\",\"@id\":\"https:\/\/alkazea.com\/product\/purai-herb-gelules\/#primaryimage\",\"inLanguage\":\"en-GB\",\"url\":\"https:\/\/alkazea.com\/wp-content\/uploads\/2022\/10\/WhatsApp-Image-2022-10-01-at-9.59.34-AM.jpeg\",\"contentUrl\":\"https:\/\/alkazea.com\/wp-content\/uploads\/2022\/10\/WhatsApp-Image-2022-10-01-at-9.59.34-AM.jpeg\",\"width\":928,\"height\":1080},{\"@type\":\"WebPage\",\"@id\":\"https:\/\/alkazea.com\/product\/purai-herb-gelules\/#webpage\",\"url\":\"https:\/\/alkazea.com\/product\/purai-herb-gelules\/\",\"name\":\"PURA\\u00cf HERB g\\u00e9lules - ALKAZEA\",\"isPartOf\":{\"@id\":\"https:\/\/alkazea.com\/#website\"},\"primaryImageOfPage\":{\"@id\":\"https:\/\/alkazea.com\/product\/purai-herb-gelules\/#primaryimage\"},\"datePublished\":\"2022-10-01T11:39:11+00:00\",\"dateModified\":\"2024-06-06T04:52:17+00:00\",\"breadcrumb\":{\"@id\":\"https:\/\/alkazea.com\/product\/purai-herb-gelules\/#breadcrumb\"},\"inLanguage\":\"en-GB\",\"potentialAction\":[{\"@type\":\"ReadAction\",\"target\":[\"https:\/\/alkazea.com\/product\/purai-herb-gelules\/\"]}]},{\"@type\":\"BreadcrumbList\",\"@id\":\"https:\/\/alkazea.com\/product\/purai-herb-gelules\/#breadcrumb\",\"itemListElement\":[{\"@type\":\"ListItem\",\"position\":1,\"name\":\"Home\",\"item\":\"https:\/\/alkazea.com\/\"},{\"@type\":\"ListItem\",\"position\":2,\"name\":\"Shop\",\"item\":\"https:\/\/alkazea.com\/shop\/\"},{\"@type\":\"ListItem\",\"position\":3,\"name\":\"PURA\\u00cf HERB g\\u00e9lules\"}]}]}<\/script>\n<!-- \/ Yoast SEO plugin. -->","yoast_head_json":{"title":"PURA\u00cf HERB g\u00e9lules - ALKAZEA","robots":{"index":"index","follow":"follow","max-snippet":"max-snippet:-1","max-image-preview":"max-image-preview:large","max-video-preview":"max-video-preview:-1"},"canonical":"https:\/\/alkazea.com\/en\/product\/purai-herb-gelules\/","og_locale":"en_GB","og_type":"article","og_title":"PURA\u00cf HERB g\u00e9lules - ALKAZEA","og_description":"Apr\u00e8s plusieurs exp\u00e9riences, les di\u00e9t\u00e9ticiens ont conclu que la plus grande cause du surpoids est la gourmandise \ud83d\ude02\ud83d\ude02\ud83d\ude02\ud83d\ude02. Plusieurs personnes sont ob\u00e8ses et ou ont un ventre ballonn\u00e9 parce qu\u2019ils mangent tout et \u00e0 n\u2019importe quel moment \ud83d\ude02\ud83d\ude02\ud83d\ude02. Certains d\u2019entre vous, choisissent permis les m\u00e9thodes que ALKAZEA vous propose pour votre perte de poids , le je\u00fbne intermittent mais ont du mal \u00e0 respecter le programme. Choisissez PURA\u00cf HERB comme votre alli\u00e9 minceur et vous n\u2019aurez absolument pas envie de grignoter et encore moins de manger excessivement. PURA\u00cf HERB vous permet de r\u00e9duire votre app\u00e9tit et de r\u00e9duire progressivement votre assiette \ud83c\udf7d afin d\u2019obliger votre organisme \u00e0 utiliser les r\u00e9serves de graisse comme source d\u2019\u00e9nergie","og_url":"https:\/\/alkazea.com\/en\/product\/purai-herb-gelules\/","og_site_name":"ALKAZEA","article_modified_time":"2024-06-06T04:52:17+00:00","og_image":[{"width":928,"height":1080,"url":"https:\/\/alkazea.com\/wp-content\/uploads\/2022\/10\/WhatsApp-Image-2022-10-01-at-9.59.34-AM.jpeg","type":"image\/jpeg"}],"twitter_card":"summary_large_image","schema":{"@context":"https:\/\/schema.org","@graph":[{"@type":"WebSite","@id":"https:\/\/alkazea.com\/#website","url":"https:\/\/alkazea.com\/","name":"ALKAZEA","description":"Ne jamais se rendre","potentialAction":[{"@type":"SearchAction","target":{"@type":"EntryPoint","urlTemplate":"https:\/\/alkazea.com\/?s={search_term_string}"},"query-input":"required name=search_term_string"}],"inLanguage":"en-GB"},{"@type":"ImageObject","@id":"https:\/\/alkazea.com\/product\/purai-herb-gelules\/#primaryimage","inLanguage":"en-GB","url":"https:\/\/alkazea.com\/wp-content\/uploads\/2022\/10\/WhatsApp-Image-2022-10-01-at-9.59.34-AM.jpeg","contentUrl":"https:\/\/alkazea.com\/wp-content\/uploads\/2022\/10\/WhatsApp-Image-2022-10-01-at-9.59.34-AM.jpeg","width":928,"height":1080},{"@type":"WebPage","@id":"https:\/\/alkazea.com\/product\/purai-herb-gelules\/#webpage","url":"https:\/\/alkazea.com\/product\/purai-herb-gelules\/","name":"PURA\u00cf HERB g\u00e9lules - ALKAZEA","isPartOf":{"@id":"https:\/\/alkazea.com\/#website"},"primaryImageOfPage":{"@id":"https:\/\/alkazea.com\/product\/purai-herb-gelules\/#primaryimage"},"datePublished":"2022-10-01T11:39:11+00:00","dateModified":"2024-06-06T04:52:17+00:00","breadcrumb":{"@id":"https:\/\/alkazea.com\/product\/purai-herb-gelules\/#breadcrumb"},"inLanguage":"en-GB","potentialAction":[{"@type":"ReadAction","target":["https:\/\/alkazea.com\/product\/purai-herb-gelules\/"]}]},{"@type":"BreadcrumbList","@id":"https:\/\/alkazea.com\/product\/purai-herb-gelules\/#breadcrumb","itemListElement":[{"@type":"ListItem","position":1,"name":"Home","item":"https:\/\/alkazea.com\/"},{"@type":"ListItem","position":2,"name":"Shop","item":"https:\/\/alkazea.com\/shop\/"},{"@type":"ListItem","position":3,"name":"PURA\u00cf HERB g\u00e9lules"}]}]}},"_links":{"self":[{"href":"https:\/\/alkazea.com\/en\/wp-json\/wp\/v2\/product\/428"}],"collection":[{"href":"https:\/\/alkazea.com\/en\/wp-json\/wp\/v2\/product"}],"about":[{"href":"https:\/\/alkazea.com\/en\/wp-json\/wp\/v2\/types\/product"}],"replies":[{"embeddable":true,"href":"https:\/\/alkazea.com\/en\/wp-json\/wp\/v2\/comments?post=428"}],"wp:featuredmedia":[{"embeddable":true,"href":"https:\/\/alkazea.com\/en\/wp-json\/wp\/v2\/media\/431"}],"wp:attachment":[{"href":"https:\/\/alkazea.com\/en\/wp-json\/wp\/v2\/media?parent=428"}],"wp:term":[{"taxonomy":"product_cat","embeddable":true,"href":"https:\/\/alkazea.com\/en\/wp-json\/wp\/v2\/product_cat?post=428"},{"taxonomy":"product_tag","embeddable":true,"href":"https:\/\/alkazea.com\/en\/wp-json\/wp\/v2\/product_tag?post=428"}],"curies":[{"name":"wp","href":"https:\/\/api.w.org\/{rel}","templated":true}]}}