{"id":476,"date":"2022-11-17T15:36:28","date_gmt":"2022-11-17T14:36:28","guid":{"rendered":"https:\/\/alkazea.com\/?post_type=product&#038;p=476"},"modified":"2026-01-23T03:31:51","modified_gmt":"2026-01-23T02:31:51","slug":"formule-ultra-rapide-des-gelules-purai-herb","status":"publish","type":"product","link":"https:\/\/alkazea.com\/en\/product\/formule-ultra-rapide-des-gelules-purai-herb\/","title":{"rendered":"FORMULE ULTRA RAPIDE des g\u00e9lules PURA\u00cf HERB"},"content":{"rendered":"<p>Perdre du poids devient un jeu d\u2019enfants avec la nouvelle formule ULTRA RAPIDE des g\u00e9lules PURA\u00cf HERB<br \/>\nVous souhaitez perdre du poids tr\u00e8s tr\u00e8s rapidement ??? Vous \u00eates press\u00e9s d\u2019enfiler votre nouvelle robe avant une c\u00e9r\u00e9monie imminente ?? Cette formule est pour vous .<br \/>\nVous avez tant r\u00eav\u00e9 d\u2019un monde o\u00f9 il serait possible de transformer rapidement votre silhouette sans efforts ! Et bien \ud83e\udd29 les laboratoires ALKAZEA ont con\u00e7u sp\u00e9cialement pour vous des g\u00e9lules ULTRA RAPIDE qui:<br \/>\n\u2705R\u00e9duisent consid\u00e9rablement votre app\u00e9tit. Avec cette formule, l\u2019envie de manger n\u2019importe quoi n\u2019importe o\u00f9 et \u00e0 n\u2019importe quelle heure vous passera<br \/>\n\u2705\u00c9vacuent rapidement les toxines. Apr\u00e8s avoir consomm\u00e9 la formule ULTRA RAPIDE des g\u00e9lules PURA\u00cf , vous n\u2019allez pas croire en ce qui sort de votre ventre\ud83e\udd79.<br \/>\n\u2705*Evacuent tr\u00e8s rapidement les graiss\u00e9s rebelles * . M\u00eame si vous avez lea graisses dures comme le<br \/>\nCailloux \ud83d\ude02\ud83d\ude02\ud83d\ude02 m\u00eame si vous avez tout essay\u00e9 et rien a boug\u00e9. Testez la nouvelle formule des g\u00e9lules ULTRA RAPIDE de PURA\u00cf. Just wait en see !!! Fa\u00e7on dont vous allez \u00e9vacuer la graisse par la sueur les urines et l\u2019effet laxatif \ud83d\ude00\ud83d\ude00\ud83d\ude00. Vous allez vous demander si c\u2019est la magie<\/p>","protected":false},"excerpt":{"rendered":"<p>Vous souhaitez perdre du poids tr\u00e8s tr\u00e8s rapidement ??? Vous \u00eates press\u00e9s d\u2019enfiler votre nouvelle robe avant une c\u00e9r\u00e9monie imminente ?? Cette formule est pour vous .<br \/>\nVous avez tant r\u00eav\u00e9 d\u2019un monde o\u00f9 il serait possible de transformer rapidement votre silhouette sans efforts ! Et bien \ud83e\udd29 les laboratoires ALKAZEA ont con\u00e7u sp\u00e9cialement pour vous des g\u00e9lules ULTRA RAPIDE qui:<br \/>\n\u2705R\u00e9duisent consid\u00e9rablement votre app\u00e9tit. Avec cette formule, l\u2019envie de manger n\u2019importe quoi n\u2019importe o\u00f9 et \u00e0 n\u2019importe quelle heure vous passera<br \/>\n\u2705\u00c9vacuent rapidement les toxines. Apr\u00e8s avoir consomm\u00e9 la formule ULTRA RAPIDE des g\u00e9lules PURA\u00cf , vous n\u2019allez pas croire en ce qui sort de votre ventre\ud83e\udd79.<br \/>\n\u2705*Evacuent tr\u00e8s rapidement les graiss\u00e9s rebelles * . M\u00eame si vous avez lea graisses dures comme le<br \/>\nCailloux \ud83d\ude02\ud83d\ude02\ud83d\ude02 m\u00eame si vous avez tout essay\u00e9 et rien a boug\u00e9. Testez la nouvelle formule des g\u00e9lules ULTRA RAPIDE de PURA\u00cf. Just wait en see !!! Fa\u00e7on dont vous allez \u00e9vacuer la graisse par la sueur les urines et l\u2019effet laxatif \ud83d\ude00\ud83d\ude00\ud83d\ude00. Vous allez vous demander si c\u2019est la magie<\/p>","protected":false},"featured_media":474,"comment_status":"open","ping_status":"closed","template":"","meta":[],"product_cat":[54,18],"product_tag":[],"yoast_head":"<!-- This site is optimized with the Yoast SEO plugin v17.7.1 - https:\/\/yoast.com\/wordpress\/plugins\/seo\/ -->\n<title>FORMULE ULTRA RAPIDE des g\u00e9lules PURA\u00cf HERB - ALKAZEA<\/title>\n<meta name=\"description\" content=\"Vous avez tant r\u00eav\u00e9 d\u2019un monde o\u00f9 il serait possible de transformer rapidement votre silhouette sans efforts ! Et bien \ud83e\udd29 les laboratoires ALKAZEA ont con\u00e7u sp\u00e9cialement pour vous des g\u00e9lules ULTRA RAPIDE\" \/>\n<meta name=\"robots\" content=\"index, follow, max-snippet:-1, max-image-preview:large, max-video-preview:-1\" \/>\n<link rel=\"canonical\" href=\"https:\/\/alkazea.com\/en\/product\/formule-ultra-rapide-des-gelules-purai-herb\/\" \/>\n<meta property=\"og:locale\" content=\"en_GB\" \/>\n<meta property=\"og:type\" content=\"article\" \/>\n<meta property=\"og:title\" content=\"FORMULE ULTRA RAPIDE des g\u00e9lules PURA\u00cf HERB - ALKAZEA\" \/>\n<meta property=\"og:description\" content=\"Vous avez tant r\u00eav\u00e9 d\u2019un monde o\u00f9 il serait possible de transformer rapidement votre silhouette sans efforts ! Et bien \ud83e\udd29 les laboratoires ALKAZEA ont con\u00e7u sp\u00e9cialement pour vous des g\u00e9lules ULTRA RAPIDE\" \/>\n<meta property=\"og:url\" content=\"https:\/\/alkazea.com\/en\/product\/formule-ultra-rapide-des-gelules-purai-herb\/\" \/>\n<meta property=\"og:site_name\" content=\"ALKAZEA\" \/>\n<meta property=\"article:modified_time\" content=\"2026-01-23T02:31:51+00:00\" \/>\n<meta property=\"og:image\" content=\"https:\/\/alkazea.com\/wp-content\/uploads\/2022\/11\/WhatsApp-Image-2022-11-17-at-1.43.34-PM.jpeg\" \/>\n\t<meta property=\"og:image:width\" content=\"1080\" \/>\n\t<meta property=\"og:image:height\" content=\"763\" \/>\n<meta name=\"twitter:card\" content=\"summary_large_image\" \/>\n<meta name=\"twitter:label1\" content=\"Est. reading time\" \/>\n\t<meta name=\"twitter:data1\" content=\"2 minutes\" \/>\n<script type=\"application\/ld+json\" class=\"yoast-schema-graph\">{\"@context\":\"https:\/\/schema.org\",\"@graph\":[{\"@type\":\"WebSite\",\"@id\":\"https:\/\/alkazea.com\/#website\",\"url\":\"https:\/\/alkazea.com\/\",\"name\":\"ALKAZEA\",\"description\":\"Ne jamais se rendre\",\"potentialAction\":[{\"@type\":\"SearchAction\",\"target\":{\"@type\":\"EntryPoint\",\"urlTemplate\":\"https:\/\/alkazea.com\/?s={search_term_string}\"},\"query-input\":\"required name=search_term_string\"}],\"inLanguage\":\"en-GB\"},{\"@type\":\"ImageObject\",\"@id\":\"https:\/\/alkazea.com\/product\/formule-ultra-rapide-des-gelules-purai-herb\/#primaryimage\",\"inLanguage\":\"en-GB\",\"url\":\"https:\/\/alkazea.com\/wp-content\/uploads\/2022\/11\/WhatsApp-Image-2022-11-17-at-1.43.34-PM.jpeg\",\"contentUrl\":\"https:\/\/alkazea.com\/wp-content\/uploads\/2022\/11\/WhatsApp-Image-2022-11-17-at-1.43.34-PM.jpeg\",\"width\":1080,\"height\":763},{\"@type\":\"WebPage\",\"@id\":\"https:\/\/alkazea.com\/product\/formule-ultra-rapide-des-gelules-purai-herb\/#webpage\",\"url\":\"https:\/\/alkazea.com\/product\/formule-ultra-rapide-des-gelules-purai-herb\/\",\"name\":\"FORMULE ULTRA RAPIDE des g\\u00e9lules PURA\\u00cf HERB - ALKAZEA\",\"isPartOf\":{\"@id\":\"https:\/\/alkazea.com\/#website\"},\"primaryImageOfPage\":{\"@id\":\"https:\/\/alkazea.com\/product\/formule-ultra-rapide-des-gelules-purai-herb\/#primaryimage\"},\"datePublished\":\"2022-11-17T14:36:28+00:00\",\"dateModified\":\"2026-01-23T02:31:51+00:00\",\"description\":\"Vous avez tant r\\u00eav\\u00e9 d\\u2019un monde o\\u00f9 il serait possible de transformer rapidement votre silhouette sans efforts ! Et bien \\ud83e\\udd29 les laboratoires ALKAZEA ont con\\u00e7u sp\\u00e9cialement pour vous des g\\u00e9lules ULTRA RAPIDE\",\"breadcrumb\":{\"@id\":\"https:\/\/alkazea.com\/product\/formule-ultra-rapide-des-gelules-purai-herb\/#breadcrumb\"},\"inLanguage\":\"en-GB\",\"potentialAction\":[{\"@type\":\"ReadAction\",\"target\":[\"https:\/\/alkazea.com\/product\/formule-ultra-rapide-des-gelules-purai-herb\/\"]}]},{\"@type\":\"BreadcrumbList\",\"@id\":\"https:\/\/alkazea.com\/product\/formule-ultra-rapide-des-gelules-purai-herb\/#breadcrumb\",\"itemListElement\":[{\"@type\":\"ListItem\",\"position\":1,\"name\":\"Home\",\"item\":\"https:\/\/alkazea.com\/\"},{\"@type\":\"ListItem\",\"position\":2,\"name\":\"Shop\",\"item\":\"https:\/\/alkazea.com\/shop\/\"},{\"@type\":\"ListItem\",\"position\":3,\"name\":\"FORMULE ULTRA RAPIDE des g\\u00e9lules PURA\\u00cf HERB\"}]}]}<\/script>\n<!-- \/ Yoast SEO plugin. -->","yoast_head_json":{"title":"FORMULE ULTRA RAPIDE des g\u00e9lules PURA\u00cf HERB - ALKAZEA","description":"Vous avez tant r\u00eav\u00e9 d\u2019un monde o\u00f9 il serait possible de transformer rapidement votre silhouette sans efforts ! Et bien \ud83e\udd29 les laboratoires ALKAZEA ont con\u00e7u sp\u00e9cialement pour vous des g\u00e9lules ULTRA RAPIDE","robots":{"index":"index","follow":"follow","max-snippet":"max-snippet:-1","max-image-preview":"max-image-preview:large","max-video-preview":"max-video-preview:-1"},"canonical":"https:\/\/alkazea.com\/en\/product\/formule-ultra-rapide-des-gelules-purai-herb\/","og_locale":"en_GB","og_type":"article","og_title":"FORMULE ULTRA RAPIDE des g\u00e9lules PURA\u00cf HERB - ALKAZEA","og_description":"Vous avez tant r\u00eav\u00e9 d\u2019un monde o\u00f9 il serait possible de transformer rapidement votre silhouette sans efforts ! Et bien \ud83e\udd29 les laboratoires ALKAZEA ont con\u00e7u sp\u00e9cialement pour vous des g\u00e9lules ULTRA RAPIDE","og_url":"https:\/\/alkazea.com\/en\/product\/formule-ultra-rapide-des-gelules-purai-herb\/","og_site_name":"ALKAZEA","article_modified_time":"2026-01-23T02:31:51+00:00","og_image":[{"width":1080,"height":763,"url":"https:\/\/alkazea.com\/wp-content\/uploads\/2022\/11\/WhatsApp-Image-2022-11-17-at-1.43.34-PM.jpeg","type":"image\/jpeg"}],"twitter_card":"summary_large_image","twitter_misc":{"Est. reading time":"2 minutes"},"schema":{"@context":"https:\/\/schema.org","@graph":[{"@type":"WebSite","@id":"https:\/\/alkazea.com\/#website","url":"https:\/\/alkazea.com\/","name":"ALKAZEA","description":"Ne jamais se rendre","potentialAction":[{"@type":"SearchAction","target":{"@type":"EntryPoint","urlTemplate":"https:\/\/alkazea.com\/?s={search_term_string}"},"query-input":"required name=search_term_string"}],"inLanguage":"en-GB"},{"@type":"ImageObject","@id":"https:\/\/alkazea.com\/product\/formule-ultra-rapide-des-gelules-purai-herb\/#primaryimage","inLanguage":"en-GB","url":"https:\/\/alkazea.com\/wp-content\/uploads\/2022\/11\/WhatsApp-Image-2022-11-17-at-1.43.34-PM.jpeg","contentUrl":"https:\/\/alkazea.com\/wp-content\/uploads\/2022\/11\/WhatsApp-Image-2022-11-17-at-1.43.34-PM.jpeg","width":1080,"height":763},{"@type":"WebPage","@id":"https:\/\/alkazea.com\/product\/formule-ultra-rapide-des-gelules-purai-herb\/#webpage","url":"https:\/\/alkazea.com\/product\/formule-ultra-rapide-des-gelules-purai-herb\/","name":"FORMULE ULTRA RAPIDE des g\u00e9lules PURA\u00cf HERB - ALKAZEA","isPartOf":{"@id":"https:\/\/alkazea.com\/#website"},"primaryImageOfPage":{"@id":"https:\/\/alkazea.com\/product\/formule-ultra-rapide-des-gelules-purai-herb\/#primaryimage"},"datePublished":"2022-11-17T14:36:28+00:00","dateModified":"2026-01-23T02:31:51+00:00","description":"Vous avez tant r\u00eav\u00e9 d\u2019un monde o\u00f9 il serait possible de transformer rapidement votre silhouette sans efforts ! Et bien \ud83e\udd29 les laboratoires ALKAZEA ont con\u00e7u sp\u00e9cialement pour vous des g\u00e9lules ULTRA RAPIDE","breadcrumb":{"@id":"https:\/\/alkazea.com\/product\/formule-ultra-rapide-des-gelules-purai-herb\/#breadcrumb"},"inLanguage":"en-GB","potentialAction":[{"@type":"ReadAction","target":["https:\/\/alkazea.com\/product\/formule-ultra-rapide-des-gelules-purai-herb\/"]}]},{"@type":"BreadcrumbList","@id":"https:\/\/alkazea.com\/product\/formule-ultra-rapide-des-gelules-purai-herb\/#breadcrumb","itemListElement":[{"@type":"ListItem","position":1,"name":"Home","item":"https:\/\/alkazea.com\/"},{"@type":"ListItem","position":2,"name":"Shop","item":"https:\/\/alkazea.com\/shop\/"},{"@type":"ListItem","position":3,"name":"FORMULE ULTRA RAPIDE des g\u00e9lules PURA\u00cf HERB"}]}]}},"_links":{"self":[{"href":"https:\/\/alkazea.com\/en\/wp-json\/wp\/v2\/product\/476"}],"collection":[{"href":"https:\/\/alkazea.com\/en\/wp-json\/wp\/v2\/product"}],"about":[{"href":"https:\/\/alkazea.com\/en\/wp-json\/wp\/v2\/types\/product"}],"replies":[{"embeddable":true,"href":"https:\/\/alkazea.com\/en\/wp-json\/wp\/v2\/comments?post=476"}],"wp:featuredmedia":[{"embeddable":true,"href":"https:\/\/alkazea.com\/en\/wp-json\/wp\/v2\/media\/474"}],"wp:attachment":[{"href":"https:\/\/alkazea.com\/en\/wp-json\/wp\/v2\/media?parent=476"}],"wp:term":[{"taxonomy":"product_cat","embeddable":true,"href":"https:\/\/alkazea.com\/en\/wp-json\/wp\/v2\/product_cat?post=476"},{"taxonomy":"product_tag","embeddable":true,"href":"https:\/\/alkazea.com\/en\/wp-json\/wp\/v2\/product_tag?post=476"}],"curies":[{"name":"wp","href":"https:\/\/api.w.org\/{rel}","templated":true}]}}