{"id":479,"date":"2023-03-09T05:52:12","date_gmt":"2023-03-09T04:52:12","guid":{"rendered":"https:\/\/alkazea.com\/?post_type=product&#038;p=479"},"modified":"2025-11-01T06:45:17","modified_gmt":"2025-11-01T05:45:17","slug":"ultra-rapide-des-gelules-purai-herb-2","status":"publish","type":"product","link":"https:\/\/alkazea.com\/en\/product\/ultra-rapide-des-gelules-purai-herb-2\/","title":{"rendered":"ULTRA RAPIDE des g\u00e9lules PURA\u00cf HERB"},"content":{"rendered":"<p>Vous souhaitez perdre du poids tr\u00e8s tr\u00e8s rapidement ??? Vous \u00eates press\u00e9s d\u2019enfiler votre nouvelle robe avant une c\u00e9r\u00e9monie imminente ?? Cette formule est pour vous .<br \/>\nVous avez tant r\u00eav\u00e9 d\u2019un monde o\u00f9 il serait possible de transformer rapidement votre silhouette sans efforts ! Et bien \ud83e\udd29 les laboratoires ALKAZEA ont con\u00e7u sp\u00e9cialement pour vous des g\u00e9lules ULTRA RAPIDE qui:<br \/>\n\u2705R\u00e9duisent consid\u00e9rablement votre app\u00e9tit. Avec cette formule, l\u2019envie de manger n\u2019importe quoi n\u2019importe o\u00f9 et \u00e0 n\u2019importe quelle heure vous passera<br \/>\n\u2705\u00c9vacuent rapidement les toxines. Apr\u00e8s avoir consomm\u00e9 la formule ULTRA RAPIDE des g\u00e9lules PURA\u00cf , vous n\u2019allez pas croire en ce qui sort de votre ventre\ud83e\udd79.<br \/>\n\u2705*Evacuent tr\u00e8s rapidement les graiss\u00e9s rebelles * . M\u00eame si vous avez lea graisses dures comme le<br \/>\nCailloux \ud83d\ude02\ud83d\ude02\ud83d\ude02 m\u00eame si vous avez tout essay\u00e9 et rien a boug\u00e9. Testez la nouvelle formule des g\u00e9lules ULTRA RAPIDE de PURA\u00cf. Just wait en see !!! Fa\u00e7on dont vous allez \u00e9vacuer la graisse par la sueur les urines et l\u2019effet laxatif \ud83d\ude00\ud83d\ude00\ud83d\ude00. Vous allez vous demander si c\u2019est la magie<\/p>","protected":false},"excerpt":{"rendered":"<p>Vous souhaitez perdre du poids tr\u00e8s tr\u00e8s rapidement ??? Vous \u00eates press\u00e9s d\u2019enfiler votre nouvelle robe avant une c\u00e9r\u00e9monie imminente ?? Cette formule est pour vous .<br \/>\nVous avez tant r\u00eav\u00e9 d\u2019un monde o\u00f9 il serait possible de transformer rapidement votre silhouette sans efforts ! Et bien \ud83e\udd29 les laboratoires ALKAZEA ont con\u00e7u sp\u00e9cialement pour vous des g\u00e9lules ULTRA RAPIDE qui:<br \/>\n\u2705R\u00e9duisent consid\u00e9rablement votre app\u00e9tit. Avec cette formule, l\u2019envie de manger n\u2019importe quoi n\u2019importe o\u00f9 et \u00e0 n\u2019importe quelle heure vous passera<br \/>\n\u2705\u00c9vacuent rapidement les toxines. Apr\u00e8s avoir consomm\u00e9 la formule ULTRA RAPIDE des g\u00e9lules PURA\u00cf , vous n\u2019allez pas croire en ce qui sort de votre ventre\ud83e\udd79.<br \/>\n\u2705*Evacuent tr\u00e8s rapidement les graiss\u00e9s rebelles * . M\u00eame si vous avez lea graisses dures comme le<br \/>\nCailloux \ud83d\ude02\ud83d\ude02\ud83d\ude02 m\u00eame si vous avez tout essay\u00e9 et rien a boug\u00e9. Testez la nouvelle formule des g\u00e9lules ULTRA RAPIDE de PURA\u00cf. Just wait en see !!! Fa\u00e7on dont vous allez \u00e9vacuer la graisse par la sueur les urines et l\u2019effet laxatif \ud83d\ude00\ud83d\ude00\ud83d\ude00. Vous allez vous demander si c\u2019est la magie<\/p>","protected":false},"featured_media":429,"comment_status":"open","ping_status":"closed","template":"","meta":[],"product_cat":[54,18],"product_tag":[],"yoast_head":"<!-- This site is optimized with the Yoast SEO plugin v17.7.1 - https:\/\/yoast.com\/wordpress\/plugins\/seo\/ -->\n<title>ULTRA RAPIDE des g\u00e9lules PURA\u00cf HERB - ALKAZEA<\/title>\n<meta name=\"robots\" content=\"index, follow, max-snippet:-1, max-image-preview:large, max-video-preview:-1\" \/>\n<link rel=\"canonical\" href=\"https:\/\/alkazea.com\/en\/product\/ultra-rapide-des-gelules-purai-herb-2\/\" \/>\n<meta property=\"og:locale\" content=\"en_GB\" \/>\n<meta property=\"og:type\" content=\"article\" \/>\n<meta property=\"og:title\" content=\"ULTRA RAPIDE des g\u00e9lules PURA\u00cf HERB - ALKAZEA\" \/>\n<meta property=\"og:description\" content=\"Vous souhaitez perdre du poids tr\u00e8s tr\u00e8s rapidement ??? Vous \u00eates press\u00e9s d\u2019enfiler votre nouvelle robe avant une c\u00e9r\u00e9monie imminente ?? Cette formule est pour vous . Vous avez tant r\u00eav\u00e9 d\u2019un monde o\u00f9 il serait possible de transformer rapidement votre silhouette sans efforts ! Et bien \ud83e\udd29 les laboratoires ALKAZEA ont con\u00e7u sp\u00e9cialement pour vous des g\u00e9lules ULTRA RAPIDE qui: \u2705R\u00e9duisent consid\u00e9rablement votre app\u00e9tit. Avec cette formule, l\u2019envie de manger n\u2019importe quoi n\u2019importe o\u00f9 et \u00e0 n\u2019importe quelle heure vous passera \u2705\u00c9vacuent rapidement les toxines. Apr\u00e8s avoir consomm\u00e9 la formule ULTRA RAPIDE des g\u00e9lules PURA\u00cf , vous n\u2019allez pas croire en ce qui sort de votre ventre\ud83e\udd79. \u2705*Evacuent tr\u00e8s rapidement les graiss\u00e9s rebelles * . M\u00eame si vous avez lea graisses dures comme le Cailloux \ud83d\ude02\ud83d\ude02\ud83d\ude02 m\u00eame si vous avez tout essay\u00e9 et rien a boug\u00e9. Testez la nouvelle formule des g\u00e9lules ULTRA RAPIDE de PURA\u00cf. Just wait en see !!! Fa\u00e7on dont vous allez \u00e9vacuer la graisse par la sueur les urines et l\u2019effet laxatif \ud83d\ude00\ud83d\ude00\ud83d\ude00. Vous allez vous demander si c\u2019est la magie\" \/>\n<meta property=\"og:url\" content=\"https:\/\/alkazea.com\/en\/product\/ultra-rapide-des-gelules-purai-herb-2\/\" \/>\n<meta property=\"og:site_name\" content=\"ALKAZEA\" \/>\n<meta property=\"article:modified_time\" content=\"2025-11-01T05:45:17+00:00\" \/>\n<meta property=\"og:image\" content=\"https:\/\/alkazea.com\/wp-content\/uploads\/2022\/10\/WhatsApp-Image-2022-10-01-at-9.59.34-AM-1.jpeg\" \/>\n\t<meta property=\"og:image:width\" content=\"1080\" \/>\n\t<meta property=\"og:image:height\" content=\"638\" \/>\n<meta name=\"twitter:card\" content=\"summary_large_image\" \/>\n<meta name=\"twitter:label1\" content=\"Est. reading time\" \/>\n\t<meta name=\"twitter:data1\" content=\"1 minute\" \/>\n<script type=\"application\/ld+json\" class=\"yoast-schema-graph\">{\"@context\":\"https:\/\/schema.org\",\"@graph\":[{\"@type\":\"WebSite\",\"@id\":\"https:\/\/alkazea.com\/#website\",\"url\":\"https:\/\/alkazea.com\/\",\"name\":\"ALKAZEA\",\"description\":\"Ne jamais se rendre\",\"potentialAction\":[{\"@type\":\"SearchAction\",\"target\":{\"@type\":\"EntryPoint\",\"urlTemplate\":\"https:\/\/alkazea.com\/?s={search_term_string}\"},\"query-input\":\"required name=search_term_string\"}],\"inLanguage\":\"en-GB\"},{\"@type\":\"ImageObject\",\"@id\":\"https:\/\/alkazea.com\/product\/ultra-rapide-des-gelules-purai-herb-2\/#primaryimage\",\"inLanguage\":\"en-GB\",\"url\":\"https:\/\/alkazea.com\/wp-content\/uploads\/2022\/10\/WhatsApp-Image-2022-10-01-at-9.59.34-AM-1.jpeg\",\"contentUrl\":\"https:\/\/alkazea.com\/wp-content\/uploads\/2022\/10\/WhatsApp-Image-2022-10-01-at-9.59.34-AM-1.jpeg\",\"width\":1080,\"height\":638},{\"@type\":\"WebPage\",\"@id\":\"https:\/\/alkazea.com\/product\/ultra-rapide-des-gelules-purai-herb-2\/#webpage\",\"url\":\"https:\/\/alkazea.com\/product\/ultra-rapide-des-gelules-purai-herb-2\/\",\"name\":\"ULTRA RAPIDE des g\\u00e9lules PURA\\u00cf HERB - ALKAZEA\",\"isPartOf\":{\"@id\":\"https:\/\/alkazea.com\/#website\"},\"primaryImageOfPage\":{\"@id\":\"https:\/\/alkazea.com\/product\/ultra-rapide-des-gelules-purai-herb-2\/#primaryimage\"},\"datePublished\":\"2023-03-09T04:52:12+00:00\",\"dateModified\":\"2025-11-01T05:45:17+00:00\",\"breadcrumb\":{\"@id\":\"https:\/\/alkazea.com\/product\/ultra-rapide-des-gelules-purai-herb-2\/#breadcrumb\"},\"inLanguage\":\"en-GB\",\"potentialAction\":[{\"@type\":\"ReadAction\",\"target\":[\"https:\/\/alkazea.com\/product\/ultra-rapide-des-gelules-purai-herb-2\/\"]}]},{\"@type\":\"BreadcrumbList\",\"@id\":\"https:\/\/alkazea.com\/product\/ultra-rapide-des-gelules-purai-herb-2\/#breadcrumb\",\"itemListElement\":[{\"@type\":\"ListItem\",\"position\":1,\"name\":\"Home\",\"item\":\"https:\/\/alkazea.com\/\"},{\"@type\":\"ListItem\",\"position\":2,\"name\":\"Shop\",\"item\":\"https:\/\/alkazea.com\/shop\/\"},{\"@type\":\"ListItem\",\"position\":3,\"name\":\"ULTRA RAPIDE des g\\u00e9lules PURA\\u00cf HERB\"}]}]}<\/script>\n<!-- \/ Yoast SEO plugin. -->","yoast_head_json":{"title":"ULTRA RAPIDE des g\u00e9lules PURA\u00cf HERB - ALKAZEA","robots":{"index":"index","follow":"follow","max-snippet":"max-snippet:-1","max-image-preview":"max-image-preview:large","max-video-preview":"max-video-preview:-1"},"canonical":"https:\/\/alkazea.com\/en\/product\/ultra-rapide-des-gelules-purai-herb-2\/","og_locale":"en_GB","og_type":"article","og_title":"ULTRA RAPIDE des g\u00e9lules PURA\u00cf HERB - ALKAZEA","og_description":"Vous souhaitez perdre du poids tr\u00e8s tr\u00e8s rapidement ??? Vous \u00eates press\u00e9s d\u2019enfiler votre nouvelle robe avant une c\u00e9r\u00e9monie imminente ?? Cette formule est pour vous . Vous avez tant r\u00eav\u00e9 d\u2019un monde o\u00f9 il serait possible de transformer rapidement votre silhouette sans efforts ! Et bien \ud83e\udd29 les laboratoires ALKAZEA ont con\u00e7u sp\u00e9cialement pour vous des g\u00e9lules ULTRA RAPIDE qui: \u2705R\u00e9duisent consid\u00e9rablement votre app\u00e9tit. Avec cette formule, l\u2019envie de manger n\u2019importe quoi n\u2019importe o\u00f9 et \u00e0 n\u2019importe quelle heure vous passera \u2705\u00c9vacuent rapidement les toxines. Apr\u00e8s avoir consomm\u00e9 la formule ULTRA RAPIDE des g\u00e9lules PURA\u00cf , vous n\u2019allez pas croire en ce qui sort de votre ventre\ud83e\udd79. \u2705*Evacuent tr\u00e8s rapidement les graiss\u00e9s rebelles * . M\u00eame si vous avez lea graisses dures comme le Cailloux \ud83d\ude02\ud83d\ude02\ud83d\ude02 m\u00eame si vous avez tout essay\u00e9 et rien a boug\u00e9. Testez la nouvelle formule des g\u00e9lules ULTRA RAPIDE de PURA\u00cf. Just wait en see !!! Fa\u00e7on dont vous allez \u00e9vacuer la graisse par la sueur les urines et l\u2019effet laxatif \ud83d\ude00\ud83d\ude00\ud83d\ude00. Vous allez vous demander si c\u2019est la magie","og_url":"https:\/\/alkazea.com\/en\/product\/ultra-rapide-des-gelules-purai-herb-2\/","og_site_name":"ALKAZEA","article_modified_time":"2025-11-01T05:45:17+00:00","og_image":[{"width":1080,"height":638,"url":"https:\/\/alkazea.com\/wp-content\/uploads\/2022\/10\/WhatsApp-Image-2022-10-01-at-9.59.34-AM-1.jpeg","type":"image\/jpeg"}],"twitter_card":"summary_large_image","twitter_misc":{"Est. reading time":"1 minute"},"schema":{"@context":"https:\/\/schema.org","@graph":[{"@type":"WebSite","@id":"https:\/\/alkazea.com\/#website","url":"https:\/\/alkazea.com\/","name":"ALKAZEA","description":"Ne jamais se rendre","potentialAction":[{"@type":"SearchAction","target":{"@type":"EntryPoint","urlTemplate":"https:\/\/alkazea.com\/?s={search_term_string}"},"query-input":"required name=search_term_string"}],"inLanguage":"en-GB"},{"@type":"ImageObject","@id":"https:\/\/alkazea.com\/product\/ultra-rapide-des-gelules-purai-herb-2\/#primaryimage","inLanguage":"en-GB","url":"https:\/\/alkazea.com\/wp-content\/uploads\/2022\/10\/WhatsApp-Image-2022-10-01-at-9.59.34-AM-1.jpeg","contentUrl":"https:\/\/alkazea.com\/wp-content\/uploads\/2022\/10\/WhatsApp-Image-2022-10-01-at-9.59.34-AM-1.jpeg","width":1080,"height":638},{"@type":"WebPage","@id":"https:\/\/alkazea.com\/product\/ultra-rapide-des-gelules-purai-herb-2\/#webpage","url":"https:\/\/alkazea.com\/product\/ultra-rapide-des-gelules-purai-herb-2\/","name":"ULTRA RAPIDE des g\u00e9lules PURA\u00cf HERB - ALKAZEA","isPartOf":{"@id":"https:\/\/alkazea.com\/#website"},"primaryImageOfPage":{"@id":"https:\/\/alkazea.com\/product\/ultra-rapide-des-gelules-purai-herb-2\/#primaryimage"},"datePublished":"2023-03-09T04:52:12+00:00","dateModified":"2025-11-01T05:45:17+00:00","breadcrumb":{"@id":"https:\/\/alkazea.com\/product\/ultra-rapide-des-gelules-purai-herb-2\/#breadcrumb"},"inLanguage":"en-GB","potentialAction":[{"@type":"ReadAction","target":["https:\/\/alkazea.com\/product\/ultra-rapide-des-gelules-purai-herb-2\/"]}]},{"@type":"BreadcrumbList","@id":"https:\/\/alkazea.com\/product\/ultra-rapide-des-gelules-purai-herb-2\/#breadcrumb","itemListElement":[{"@type":"ListItem","position":1,"name":"Home","item":"https:\/\/alkazea.com\/"},{"@type":"ListItem","position":2,"name":"Shop","item":"https:\/\/alkazea.com\/shop\/"},{"@type":"ListItem","position":3,"name":"ULTRA RAPIDE des g\u00e9lules PURA\u00cf HERB"}]}]}},"_links":{"self":[{"href":"https:\/\/alkazea.com\/en\/wp-json\/wp\/v2\/product\/479"}],"collection":[{"href":"https:\/\/alkazea.com\/en\/wp-json\/wp\/v2\/product"}],"about":[{"href":"https:\/\/alkazea.com\/en\/wp-json\/wp\/v2\/types\/product"}],"replies":[{"embeddable":true,"href":"https:\/\/alkazea.com\/en\/wp-json\/wp\/v2\/comments?post=479"}],"wp:featuredmedia":[{"embeddable":true,"href":"https:\/\/alkazea.com\/en\/wp-json\/wp\/v2\/media\/429"}],"wp:attachment":[{"href":"https:\/\/alkazea.com\/en\/wp-json\/wp\/v2\/media?parent=479"}],"wp:term":[{"taxonomy":"product_cat","embeddable":true,"href":"https:\/\/alkazea.com\/en\/wp-json\/wp\/v2\/product_cat?post=479"},{"taxonomy":"product_tag","embeddable":true,"href":"https:\/\/alkazea.com\/en\/wp-json\/wp\/v2\/product_tag?post=479"}],"curies":[{"name":"wp","href":"https:\/\/api.w.org\/{rel}","templated":true}]}}