{"id":504,"date":"2022-11-30T17:37:57","date_gmt":"2022-11-30T16:37:57","guid":{"rendered":"https:\/\/alkazea.com\/?post_type=product&#038;p=504"},"modified":"2025-10-03T01:09:47","modified_gmt":"2025-10-02T23:09:47","slug":"le-savon-ultra-reparateur-de-alkazea","status":"publish","type":"product","link":"https:\/\/alkazea.com\/en\/product\/le-savon-ultra-reparateur-de-alkazea\/","title":{"rendered":"Le savon ULTRA R\u00c9PARATEUR de ALKAZEA"},"content":{"rendered":"<p>Le savon \ud83e\uddfc ULTRA R\u00c9PARATEUR de ALKAZEA peut aussi \u00eatre utilis\u00e9 comme savon de toilette pour vous , votre conjoint et vos enfants.<br \/>\n\u2705Il est adapt\u00e9 \u00e0 tout type de peaux sans distinction de sexe, \u00e2ge ou de teint<br \/>\n\u2705Il nettoie et uniformise le teint<br \/>\n\u2705Il r\u00e9v\u00e8le naturellement l\u2019\u00e9clat de votre peau sans l\u2019ab\u00eemer<br \/>\n\u2705 Il adoucit la peau et vous redonne une peau de b\u00e9b\u00e9 \ud83d\udc76<\/p>\n<p>Depuis que mes enfants utilisent le savon \ud83e\uddfc ULTRA R\u00c9PARATEUR de ALKAZEA, ils n\u2019ont plus jamais eu les d\u00e9mangeaisons \ud83e\udd70\ud83e\udd70. Pour leur peau, j\u2019ai juste besoin de ce savon et rien d\u2019autre<br \/>\nDepuis que bae et moi l\u2019utilisons , nous avons un teint uniforme, beau et impeccable.<br \/>\nN\u2019h\u00e9sitez pas \u00e0 en commander pour toute votre famille . Testez et venez aussi t\u00e9moigner<\/p>","protected":false},"excerpt":{"rendered":"<p>Le savon ULTRA R\u00c9PARATEUR de ALKAZEA est un savon pas comme les autres!<br \/>\n-Il \u00e9limine rapidement les imperfections de la peau comme<br \/>\n\u2705Les boutons<br \/>\n\u2705Les vergetures<br \/>\n\u2705 l\u2019acn\u00e9<br \/>\n\u2705les t\u00e2ches<br \/>\nFaites un gommage sur la partie de la peau affect\u00e9e et laissez durer pendant 30 minutes avant de rincer \u00e0 l\u2019aide de l\u2019eau ti\u00e8de et des gants \ud83e\udde4 piquants. Vous verrez la magie du savon ULTRA R\u00c9PARATEUR s\u2019operer<br \/>\n\u26a0\ufe0f Attention! Ce savon chauffe et pique beaucoup . Ne vous inqui\u00e9tez pas si cela vous arrive apr\u00e8s son application<br \/>\nUtilisez le pendant 4 jours et revenez moi avec un r\u00e9sultat \u00e9poustouflant !! Oui le changement est visible en 4 JOURS SEULEMENT \u2026<\/p>","protected":false},"featured_media":505,"comment_status":"open","ping_status":"closed","template":"","meta":[],"product_cat":[53,18],"product_tag":[],"yoast_head":"<!-- This site is optimized with the Yoast SEO plugin v17.7.1 - https:\/\/yoast.com\/wordpress\/plugins\/seo\/ -->\n<title>Le savon ULTRA R\u00c9PARATEUR de ALKAZEA - ALKAZEA<\/title>\n<meta name=\"description\" content=\"Le savon \ud83e\uddfc ULTRA R\u00c9PARATEUR de ALKAZEA peut aussi \u00eatre utilis\u00e9 comme savon de toilette pour vous , votre conjoint et vos enfants.\" \/>\n<meta name=\"robots\" content=\"index, follow, max-snippet:-1, max-image-preview:large, max-video-preview:-1\" \/>\n<link rel=\"canonical\" href=\"https:\/\/alkazea.com\/en\/product\/le-savon-ultra-reparateur-de-alkazea\/\" \/>\n<meta property=\"og:locale\" content=\"en_GB\" \/>\n<meta property=\"og:type\" content=\"article\" \/>\n<meta property=\"og:title\" content=\"Le savon ULTRA R\u00c9PARATEUR de ALKAZEA - ALKAZEA\" \/>\n<meta property=\"og:description\" content=\"Le savon \ud83e\uddfc ULTRA R\u00c9PARATEUR de ALKAZEA peut aussi \u00eatre utilis\u00e9 comme savon de toilette pour vous , votre conjoint et vos enfants.\" \/>\n<meta property=\"og:url\" content=\"https:\/\/alkazea.com\/en\/product\/le-savon-ultra-reparateur-de-alkazea\/\" \/>\n<meta property=\"og:site_name\" content=\"ALKAZEA\" \/>\n<meta property=\"article:modified_time\" content=\"2025-10-02T23:09:47+00:00\" \/>\n<meta property=\"og:image\" content=\"https:\/\/alkazea.com\/wp-content\/uploads\/2022\/11\/WhatsApp-Image-2022-11-29-at-2.13.18-PM.jpeg\" \/>\n\t<meta property=\"og:image:width\" content=\"824\" \/>\n\t<meta property=\"og:image:height\" content=\"671\" \/>\n<meta name=\"twitter:card\" content=\"summary_large_image\" \/>\n<meta name=\"twitter:label1\" content=\"Est. reading time\" \/>\n\t<meta name=\"twitter:data1\" content=\"1 minute\" \/>\n<script type=\"application\/ld+json\" class=\"yoast-schema-graph\">{\"@context\":\"https:\/\/schema.org\",\"@graph\":[{\"@type\":\"WebSite\",\"@id\":\"https:\/\/alkazea.com\/#website\",\"url\":\"https:\/\/alkazea.com\/\",\"name\":\"ALKAZEA\",\"description\":\"Ne jamais se rendre\",\"potentialAction\":[{\"@type\":\"SearchAction\",\"target\":{\"@type\":\"EntryPoint\",\"urlTemplate\":\"https:\/\/alkazea.com\/?s={search_term_string}\"},\"query-input\":\"required name=search_term_string\"}],\"inLanguage\":\"en-GB\"},{\"@type\":\"ImageObject\",\"@id\":\"https:\/\/alkazea.com\/product\/le-savon-ultra-reparateur-de-alkazea\/#primaryimage\",\"inLanguage\":\"en-GB\",\"url\":\"https:\/\/alkazea.com\/wp-content\/uploads\/2022\/11\/WhatsApp-Image-2022-11-29-at-2.13.18-PM.jpeg\",\"contentUrl\":\"https:\/\/alkazea.com\/wp-content\/uploads\/2022\/11\/WhatsApp-Image-2022-11-29-at-2.13.18-PM.jpeg\",\"width\":824,\"height\":671,\"caption\":\"meilleur savon ULTRA R\\u00c9PARATEUR de ALKAZEA\"},{\"@type\":\"WebPage\",\"@id\":\"https:\/\/alkazea.com\/product\/le-savon-ultra-reparateur-de-alkazea\/#webpage\",\"url\":\"https:\/\/alkazea.com\/product\/le-savon-ultra-reparateur-de-alkazea\/\",\"name\":\"Le savon ULTRA R\\u00c9PARATEUR de ALKAZEA - ALKAZEA\",\"isPartOf\":{\"@id\":\"https:\/\/alkazea.com\/#website\"},\"primaryImageOfPage\":{\"@id\":\"https:\/\/alkazea.com\/product\/le-savon-ultra-reparateur-de-alkazea\/#primaryimage\"},\"datePublished\":\"2022-11-30T16:37:57+00:00\",\"dateModified\":\"2025-10-02T23:09:47+00:00\",\"description\":\"Le savon \\ud83e\\uddfc ULTRA R\\u00c9PARATEUR de ALKAZEA peut aussi \\u00eatre utilis\\u00e9 comme savon de toilette pour vous , votre conjoint et vos enfants.\",\"breadcrumb\":{\"@id\":\"https:\/\/alkazea.com\/product\/le-savon-ultra-reparateur-de-alkazea\/#breadcrumb\"},\"inLanguage\":\"en-GB\",\"potentialAction\":[{\"@type\":\"ReadAction\",\"target\":[\"https:\/\/alkazea.com\/product\/le-savon-ultra-reparateur-de-alkazea\/\"]}]},{\"@type\":\"BreadcrumbList\",\"@id\":\"https:\/\/alkazea.com\/product\/le-savon-ultra-reparateur-de-alkazea\/#breadcrumb\",\"itemListElement\":[{\"@type\":\"ListItem\",\"position\":1,\"name\":\"Home\",\"item\":\"https:\/\/alkazea.com\/\"},{\"@type\":\"ListItem\",\"position\":2,\"name\":\"Shop\",\"item\":\"https:\/\/alkazea.com\/shop\/\"},{\"@type\":\"ListItem\",\"position\":3,\"name\":\"Le savon ULTRA R\\u00c9PARATEUR de ALKAZEA\"}]}]}<\/script>\n<!-- \/ Yoast SEO plugin. -->","yoast_head_json":{"title":"Le savon ULTRA R\u00c9PARATEUR de ALKAZEA - ALKAZEA","description":"Le savon \ud83e\uddfc ULTRA R\u00c9PARATEUR de ALKAZEA peut aussi \u00eatre utilis\u00e9 comme savon de toilette pour vous , votre conjoint et vos enfants.","robots":{"index":"index","follow":"follow","max-snippet":"max-snippet:-1","max-image-preview":"max-image-preview:large","max-video-preview":"max-video-preview:-1"},"canonical":"https:\/\/alkazea.com\/en\/product\/le-savon-ultra-reparateur-de-alkazea\/","og_locale":"en_GB","og_type":"article","og_title":"Le savon ULTRA R\u00c9PARATEUR de ALKAZEA - ALKAZEA","og_description":"Le savon \ud83e\uddfc ULTRA R\u00c9PARATEUR de ALKAZEA peut aussi \u00eatre utilis\u00e9 comme savon de toilette pour vous , votre conjoint et vos enfants.","og_url":"https:\/\/alkazea.com\/en\/product\/le-savon-ultra-reparateur-de-alkazea\/","og_site_name":"ALKAZEA","article_modified_time":"2025-10-02T23:09:47+00:00","og_image":[{"width":824,"height":671,"url":"https:\/\/alkazea.com\/wp-content\/uploads\/2022\/11\/WhatsApp-Image-2022-11-29-at-2.13.18-PM.jpeg","type":"image\/jpeg"}],"twitter_card":"summary_large_image","twitter_misc":{"Est. reading time":"1 minute"},"schema":{"@context":"https:\/\/schema.org","@graph":[{"@type":"WebSite","@id":"https:\/\/alkazea.com\/#website","url":"https:\/\/alkazea.com\/","name":"ALKAZEA","description":"Ne jamais se rendre","potentialAction":[{"@type":"SearchAction","target":{"@type":"EntryPoint","urlTemplate":"https:\/\/alkazea.com\/?s={search_term_string}"},"query-input":"required name=search_term_string"}],"inLanguage":"en-GB"},{"@type":"ImageObject","@id":"https:\/\/alkazea.com\/product\/le-savon-ultra-reparateur-de-alkazea\/#primaryimage","inLanguage":"en-GB","url":"https:\/\/alkazea.com\/wp-content\/uploads\/2022\/11\/WhatsApp-Image-2022-11-29-at-2.13.18-PM.jpeg","contentUrl":"https:\/\/alkazea.com\/wp-content\/uploads\/2022\/11\/WhatsApp-Image-2022-11-29-at-2.13.18-PM.jpeg","width":824,"height":671,"caption":"meilleur savon ULTRA R\u00c9PARATEUR de ALKAZEA"},{"@type":"WebPage","@id":"https:\/\/alkazea.com\/product\/le-savon-ultra-reparateur-de-alkazea\/#webpage","url":"https:\/\/alkazea.com\/product\/le-savon-ultra-reparateur-de-alkazea\/","name":"Le savon ULTRA R\u00c9PARATEUR de ALKAZEA - ALKAZEA","isPartOf":{"@id":"https:\/\/alkazea.com\/#website"},"primaryImageOfPage":{"@id":"https:\/\/alkazea.com\/product\/le-savon-ultra-reparateur-de-alkazea\/#primaryimage"},"datePublished":"2022-11-30T16:37:57+00:00","dateModified":"2025-10-02T23:09:47+00:00","description":"Le savon \ud83e\uddfc ULTRA R\u00c9PARATEUR de ALKAZEA peut aussi \u00eatre utilis\u00e9 comme savon de toilette pour vous , votre conjoint et vos enfants.","breadcrumb":{"@id":"https:\/\/alkazea.com\/product\/le-savon-ultra-reparateur-de-alkazea\/#breadcrumb"},"inLanguage":"en-GB","potentialAction":[{"@type":"ReadAction","target":["https:\/\/alkazea.com\/product\/le-savon-ultra-reparateur-de-alkazea\/"]}]},{"@type":"BreadcrumbList","@id":"https:\/\/alkazea.com\/product\/le-savon-ultra-reparateur-de-alkazea\/#breadcrumb","itemListElement":[{"@type":"ListItem","position":1,"name":"Home","item":"https:\/\/alkazea.com\/"},{"@type":"ListItem","position":2,"name":"Shop","item":"https:\/\/alkazea.com\/shop\/"},{"@type":"ListItem","position":3,"name":"Le savon ULTRA R\u00c9PARATEUR de ALKAZEA"}]}]}},"_links":{"self":[{"href":"https:\/\/alkazea.com\/en\/wp-json\/wp\/v2\/product\/504"}],"collection":[{"href":"https:\/\/alkazea.com\/en\/wp-json\/wp\/v2\/product"}],"about":[{"href":"https:\/\/alkazea.com\/en\/wp-json\/wp\/v2\/types\/product"}],"replies":[{"embeddable":true,"href":"https:\/\/alkazea.com\/en\/wp-json\/wp\/v2\/comments?post=504"}],"wp:featuredmedia":[{"embeddable":true,"href":"https:\/\/alkazea.com\/en\/wp-json\/wp\/v2\/media\/505"}],"wp:attachment":[{"href":"https:\/\/alkazea.com\/en\/wp-json\/wp\/v2\/media?parent=504"}],"wp:term":[{"taxonomy":"product_cat","embeddable":true,"href":"https:\/\/alkazea.com\/en\/wp-json\/wp\/v2\/product_cat?post=504"},{"taxonomy":"product_tag","embeddable":true,"href":"https:\/\/alkazea.com\/en\/wp-json\/wp\/v2\/product_tag?post=504"}],"curies":[{"name":"wp","href":"https:\/\/api.w.org\/{rel}","templated":true}]}}