{"id":548,"date":"2022-12-31T12:06:35","date_gmt":"2022-12-31T11:06:35","guid":{"rendered":"https:\/\/alkazea.com\/?post_type=product&#038;p=548"},"modified":"2025-10-03T01:08:30","modified_gmt":"2025-10-02T23:08:30","slug":"gamme-anti-taches-et-anti-bouton","status":"publish","type":"product","link":"https:\/\/alkazea.com\/en\/product\/gamme-anti-taches-et-anti-bouton\/","title":{"rendered":"Gamme Anti-t\u00e2ches et Anti-Bouton"},"content":{"rendered":"","protected":false},"excerpt":{"rendered":"<p><strong>VOUS AVEZ DES BOUTONS ET DES TACHES??<\/strong><\/p>\n<p><em>Vous avez d\u00e9j\u00e0 tout essay\u00e9 et rien n\u2019a march\u00e9?<\/em><\/p>\n<p>Les laboratoires <strong>ALKAZEA<\/strong> ont con\u00e7u sp\u00e9cialement pour vous une gamme compl\u00e8te qui vous permettra de mettre un terme une bonne fois pour toute \u00e0 ces imperfections de peau qui vous pourrissent la vie . Cette gamme est constitu\u00e9e de trois merveilles que vous ne trouverez nulle part ailleurs<\/p>\n<p>\u2705 1)D\u2019un savon ultra r\u00e9parateur que vous pouvez utiliser avec vos enfants pour \u00e9radiquer les boutons, les d\u00e9mangeaisons, les filets , les boutons de chaleur et tous les autres probl\u00e8mes cutan\u00e9s<br \/>\n\u2705 2) D\u2019une lotion anti boutons qui \u00e9limine rapidement les boutons que vous avez sur votre visage, aussi vieux et gros soient-ils<\/p>\n<p>\u2705 3) D\u2019une lotion anti acn\u00e9s et anti quinto qui r\u00e9pare et r\u00e9g\u00e9n\u00e8re les cellules de votre peau en vous redonnant une peau de b\u00e9b\u00e9. Attention! N\u2019abusez pas de cette lotion car apr\u00e8s avoir effac\u00e9 toutes les taches, elle pourrait rendre votre teint lumineux.<\/p>\n<p><strong>M\u00eame si votre peau est d\u00e9j\u00e0 KO en deux jours d\u2019utilisation elle deviendra OK.<\/strong><br \/>\nJe ne vais pas trop parler.<br \/>\nUtilisez juste la gamme anti boutons et anti taches de ALKAZEA et votre peau vous dira merci<\/p>","protected":false},"featured_media":549,"comment_status":"open","ping_status":"closed","template":"","meta":[],"product_cat":[54,18],"product_tag":[],"yoast_head":"<!-- This site is optimized with the Yoast SEO plugin v17.7.1 - https:\/\/yoast.com\/wordpress\/plugins\/seo\/ -->\n<title>Gamme Anti-t\u00e2ches et Anti-Bouton - ALKAZEA<\/title>\n<meta name=\"description\" content=\"Les laboratoires ALKAZEA ont con\u00e7u sp\u00e9cialement pour vous une gamme compl\u00e8te qui vous permettra de mettre un terme une bonne fois pour toute \u00e0 ces imperfections de peau qui vous pourrissent la vie .\" \/>\n<meta name=\"robots\" content=\"index, follow, max-snippet:-1, max-image-preview:large, max-video-preview:-1\" \/>\n<link rel=\"canonical\" href=\"https:\/\/alkazea.com\/en\/product\/gamme-anti-taches-et-anti-bouton\/\" \/>\n<meta property=\"og:locale\" content=\"en_GB\" \/>\n<meta property=\"og:type\" content=\"article\" \/>\n<meta property=\"og:title\" content=\"Gamme Anti-t\u00e2ches et Anti-Bouton - ALKAZEA\" \/>\n<meta property=\"og:description\" content=\"Les laboratoires ALKAZEA ont con\u00e7u sp\u00e9cialement pour vous une gamme compl\u00e8te qui vous permettra de mettre un terme une bonne fois pour toute \u00e0 ces imperfections de peau qui vous pourrissent la vie .\" \/>\n<meta property=\"og:url\" content=\"https:\/\/alkazea.com\/en\/product\/gamme-anti-taches-et-anti-bouton\/\" \/>\n<meta property=\"og:site_name\" content=\"ALKAZEA\" \/>\n<meta property=\"article:modified_time\" content=\"2025-10-02T23:08:30+00:00\" \/>\n<meta property=\"og:image\" content=\"https:\/\/alkazea.com\/wp-content\/uploads\/2022\/12\/WhatsApp-Image-2022-12-29-at-7.14.15-AM.jpeg\" \/>\n\t<meta property=\"og:image:width\" content=\"1280\" \/>\n\t<meta property=\"og:image:height\" content=\"904\" \/>\n<meta name=\"twitter:card\" content=\"summary_large_image\" \/>\n<script type=\"application\/ld+json\" class=\"yoast-schema-graph\">{\"@context\":\"https:\/\/schema.org\",\"@graph\":[{\"@type\":\"WebSite\",\"@id\":\"https:\/\/alkazea.com\/#website\",\"url\":\"https:\/\/alkazea.com\/\",\"name\":\"ALKAZEA\",\"description\":\"Ne jamais se rendre\",\"potentialAction\":[{\"@type\":\"SearchAction\",\"target\":{\"@type\":\"EntryPoint\",\"urlTemplate\":\"https:\/\/alkazea.com\/?s={search_term_string}\"},\"query-input\":\"required name=search_term_string\"}],\"inLanguage\":\"en-GB\"},{\"@type\":\"ImageObject\",\"@id\":\"https:\/\/alkazea.com\/product\/gamme-anti-taches-et-anti-bouton\/#primaryimage\",\"inLanguage\":\"en-GB\",\"url\":\"https:\/\/alkazea.com\/wp-content\/uploads\/2022\/12\/WhatsApp-Image-2022-12-29-at-7.14.15-AM.jpeg\",\"contentUrl\":\"https:\/\/alkazea.com\/wp-content\/uploads\/2022\/12\/WhatsApp-Image-2022-12-29-at-7.14.15-AM.jpeg\",\"width\":1280,\"height\":904},{\"@type\":\"WebPage\",\"@id\":\"https:\/\/alkazea.com\/product\/gamme-anti-taches-et-anti-bouton\/#webpage\",\"url\":\"https:\/\/alkazea.com\/product\/gamme-anti-taches-et-anti-bouton\/\",\"name\":\"Gamme Anti-t\\u00e2ches et Anti-Bouton - ALKAZEA\",\"isPartOf\":{\"@id\":\"https:\/\/alkazea.com\/#website\"},\"primaryImageOfPage\":{\"@id\":\"https:\/\/alkazea.com\/product\/gamme-anti-taches-et-anti-bouton\/#primaryimage\"},\"datePublished\":\"2022-12-31T11:06:35+00:00\",\"dateModified\":\"2025-10-02T23:08:30+00:00\",\"description\":\"Les laboratoires ALKAZEA ont con\\u00e7u sp\\u00e9cialement pour vous une gamme compl\\u00e8te qui vous permettra de mettre un terme une bonne fois pour toute \\u00e0 ces imperfections de peau qui vous pourrissent la vie .\",\"breadcrumb\":{\"@id\":\"https:\/\/alkazea.com\/product\/gamme-anti-taches-et-anti-bouton\/#breadcrumb\"},\"inLanguage\":\"en-GB\",\"potentialAction\":[{\"@type\":\"ReadAction\",\"target\":[\"https:\/\/alkazea.com\/product\/gamme-anti-taches-et-anti-bouton\/\"]}]},{\"@type\":\"BreadcrumbList\",\"@id\":\"https:\/\/alkazea.com\/product\/gamme-anti-taches-et-anti-bouton\/#breadcrumb\",\"itemListElement\":[{\"@type\":\"ListItem\",\"position\":1,\"name\":\"Home\",\"item\":\"https:\/\/alkazea.com\/\"},{\"@type\":\"ListItem\",\"position\":2,\"name\":\"Shop\",\"item\":\"https:\/\/alkazea.com\/shop\/\"},{\"@type\":\"ListItem\",\"position\":3,\"name\":\"Gamme Anti-t\\u00e2ches et Anti-Bouton\"}]}]}<\/script>\n<!-- \/ Yoast SEO plugin. -->","yoast_head_json":{"title":"Gamme Anti-t\u00e2ches et Anti-Bouton - ALKAZEA","description":"Les laboratoires ALKAZEA ont con\u00e7u sp\u00e9cialement pour vous une gamme compl\u00e8te qui vous permettra de mettre un terme une bonne fois pour toute \u00e0 ces imperfections de peau qui vous pourrissent la vie .","robots":{"index":"index","follow":"follow","max-snippet":"max-snippet:-1","max-image-preview":"max-image-preview:large","max-video-preview":"max-video-preview:-1"},"canonical":"https:\/\/alkazea.com\/en\/product\/gamme-anti-taches-et-anti-bouton\/","og_locale":"en_GB","og_type":"article","og_title":"Gamme Anti-t\u00e2ches et Anti-Bouton - ALKAZEA","og_description":"Les laboratoires ALKAZEA ont con\u00e7u sp\u00e9cialement pour vous une gamme compl\u00e8te qui vous permettra de mettre un terme une bonne fois pour toute \u00e0 ces imperfections de peau qui vous pourrissent la vie .","og_url":"https:\/\/alkazea.com\/en\/product\/gamme-anti-taches-et-anti-bouton\/","og_site_name":"ALKAZEA","article_modified_time":"2025-10-02T23:08:30+00:00","og_image":[{"width":1280,"height":904,"url":"https:\/\/alkazea.com\/wp-content\/uploads\/2022\/12\/WhatsApp-Image-2022-12-29-at-7.14.15-AM.jpeg","type":"image\/jpeg"}],"twitter_card":"summary_large_image","schema":{"@context":"https:\/\/schema.org","@graph":[{"@type":"WebSite","@id":"https:\/\/alkazea.com\/#website","url":"https:\/\/alkazea.com\/","name":"ALKAZEA","description":"Ne jamais se rendre","potentialAction":[{"@type":"SearchAction","target":{"@type":"EntryPoint","urlTemplate":"https:\/\/alkazea.com\/?s={search_term_string}"},"query-input":"required name=search_term_string"}],"inLanguage":"en-GB"},{"@type":"ImageObject","@id":"https:\/\/alkazea.com\/product\/gamme-anti-taches-et-anti-bouton\/#primaryimage","inLanguage":"en-GB","url":"https:\/\/alkazea.com\/wp-content\/uploads\/2022\/12\/WhatsApp-Image-2022-12-29-at-7.14.15-AM.jpeg","contentUrl":"https:\/\/alkazea.com\/wp-content\/uploads\/2022\/12\/WhatsApp-Image-2022-12-29-at-7.14.15-AM.jpeg","width":1280,"height":904},{"@type":"WebPage","@id":"https:\/\/alkazea.com\/product\/gamme-anti-taches-et-anti-bouton\/#webpage","url":"https:\/\/alkazea.com\/product\/gamme-anti-taches-et-anti-bouton\/","name":"Gamme Anti-t\u00e2ches et Anti-Bouton - ALKAZEA","isPartOf":{"@id":"https:\/\/alkazea.com\/#website"},"primaryImageOfPage":{"@id":"https:\/\/alkazea.com\/product\/gamme-anti-taches-et-anti-bouton\/#primaryimage"},"datePublished":"2022-12-31T11:06:35+00:00","dateModified":"2025-10-02T23:08:30+00:00","description":"Les laboratoires ALKAZEA ont con\u00e7u sp\u00e9cialement pour vous une gamme compl\u00e8te qui vous permettra de mettre un terme une bonne fois pour toute \u00e0 ces imperfections de peau qui vous pourrissent la vie .","breadcrumb":{"@id":"https:\/\/alkazea.com\/product\/gamme-anti-taches-et-anti-bouton\/#breadcrumb"},"inLanguage":"en-GB","potentialAction":[{"@type":"ReadAction","target":["https:\/\/alkazea.com\/product\/gamme-anti-taches-et-anti-bouton\/"]}]},{"@type":"BreadcrumbList","@id":"https:\/\/alkazea.com\/product\/gamme-anti-taches-et-anti-bouton\/#breadcrumb","itemListElement":[{"@type":"ListItem","position":1,"name":"Home","item":"https:\/\/alkazea.com\/"},{"@type":"ListItem","position":2,"name":"Shop","item":"https:\/\/alkazea.com\/shop\/"},{"@type":"ListItem","position":3,"name":"Gamme Anti-t\u00e2ches et Anti-Bouton"}]}]}},"_links":{"self":[{"href":"https:\/\/alkazea.com\/en\/wp-json\/wp\/v2\/product\/548"}],"collection":[{"href":"https:\/\/alkazea.com\/en\/wp-json\/wp\/v2\/product"}],"about":[{"href":"https:\/\/alkazea.com\/en\/wp-json\/wp\/v2\/types\/product"}],"replies":[{"embeddable":true,"href":"https:\/\/alkazea.com\/en\/wp-json\/wp\/v2\/comments?post=548"}],"wp:featuredmedia":[{"embeddable":true,"href":"https:\/\/alkazea.com\/en\/wp-json\/wp\/v2\/media\/549"}],"wp:attachment":[{"href":"https:\/\/alkazea.com\/en\/wp-json\/wp\/v2\/media?parent=548"}],"wp:term":[{"taxonomy":"product_cat","embeddable":true,"href":"https:\/\/alkazea.com\/en\/wp-json\/wp\/v2\/product_cat?post=548"},{"taxonomy":"product_tag","embeddable":true,"href":"https:\/\/alkazea.com\/en\/wp-json\/wp\/v2\/product_tag?post=548"}],"curies":[{"name":"wp","href":"https:\/\/api.w.org\/{rel}","templated":true}]}}