{"id":605,"date":"2023-02-03T19:02:53","date_gmt":"2023-02-03T18:02:53","guid":{"rendered":"https:\/\/alkazea.com\/?post_type=product&#038;p=605"},"modified":"2025-10-03T01:09:12","modified_gmt":"2025-10-02T23:09:12","slug":"la-formule-purge-de-purai","status":"publish","type":"product","link":"https:\/\/alkazea.com\/en\/product\/la-formule-purge-de-purai\/","title":{"rendered":"LA FORMULE PURGE de PURA\u00cf"},"content":{"rendered":"","protected":false},"excerpt":{"rendered":"<p>ALKAZEA vous pr\u00e9sente son nouveau n\u00e9\ud83e\udd70\ud83e\udd70\ud83e\udd70\ud83e\udd70\ud83e\udd70. LA FORMULE PURGE de PURA\u00cf. C\u2019est une toute nouvelle con\u00e7ue sp\u00e9cialement pour vous permettre d\u2019avoir un VENTRE PLAT EN 72H. La nouvelle FORMULE PURGE de PURA\u00cf peut \u00e9vacuer jusqu\u2019\u00e0 7kgs de toxines en 72h!!!! C\u2019est une formule qu\u2019on se purge uniquement avec. Apr\u00e8s la purge, elle va directement dans le colon nettoyer les toxines . 15 minutes apr\u00e8s, vous allez tellement transpirer, uriner et aller au pot!!! ce qui va sortir de votre organisme, vous n\u2019en croirez pas vos yeux!!!!Elle ne se boit pas. Les nourrices peuvent aussi l\u2019utiliser sans mettre en p\u00e9ril la sant\u00e9 de leur b\u00e9b\u00e9 \ud83d\udc76 puisque le produit n\u2019entre pas dans les seins. R\u00c9SULTAT EN 72H!!! C\u2019est pas un r\u00eave ! C\u2019est une \u00e9vidence<\/p>","protected":false},"featured_media":606,"comment_status":"open","ping_status":"closed","template":"","meta":[],"product_cat":[18,52],"product_tag":[],"yoast_head":"<!-- This site is optimized with the Yoast SEO plugin v17.7.1 - https:\/\/yoast.com\/wordpress\/plugins\/seo\/ -->\n<title>LA FORMULE PURGE de PURA\u00cf - ALKAZEA<\/title>\n<meta name=\"description\" content=\"LA FORMULE PURGE de PURA\u00cf. C\u2019est une toute nouvelle con\u00e7ue sp\u00e9cialement pour vous permettre d\u2019avoir un VENTRE PLAT EN 72H\" \/>\n<meta name=\"robots\" content=\"index, follow, max-snippet:-1, max-image-preview:large, max-video-preview:-1\" \/>\n<link rel=\"canonical\" href=\"https:\/\/alkazea.com\/en\/product\/la-formule-purge-de-purai\/\" \/>\n<meta property=\"og:locale\" content=\"en_GB\" \/>\n<meta property=\"og:type\" content=\"article\" \/>\n<meta property=\"og:title\" content=\"LA FORMULE PURGE de PURA\u00cf - ALKAZEA\" \/>\n<meta property=\"og:description\" content=\"LA FORMULE PURGE de PURA\u00cf. C\u2019est une toute nouvelle con\u00e7ue sp\u00e9cialement pour vous permettre d\u2019avoir un VENTRE PLAT EN 72H\" \/>\n<meta property=\"og:url\" content=\"https:\/\/alkazea.com\/en\/product\/la-formule-purge-de-purai\/\" \/>\n<meta property=\"og:site_name\" content=\"ALKAZEA\" \/>\n<meta property=\"article:modified_time\" content=\"2025-10-02T23:09:12+00:00\" \/>\n<meta property=\"og:image\" content=\"https:\/\/alkazea.com\/wp-content\/uploads\/2023\/02\/WhatsApp-Image-2023-02-03-at-6.52.31-PM.jpeg\" \/>\n\t<meta property=\"og:image:width\" content=\"877\" \/>\n\t<meta property=\"og:image:height\" content=\"620\" \/>\n<meta name=\"twitter:card\" content=\"summary_large_image\" \/>\n<script type=\"application\/ld+json\" class=\"yoast-schema-graph\">{\"@context\":\"https:\/\/schema.org\",\"@graph\":[{\"@type\":\"WebSite\",\"@id\":\"https:\/\/alkazea.com\/#website\",\"url\":\"https:\/\/alkazea.com\/\",\"name\":\"ALKAZEA\",\"description\":\"Ne jamais se rendre\",\"potentialAction\":[{\"@type\":\"SearchAction\",\"target\":{\"@type\":\"EntryPoint\",\"urlTemplate\":\"https:\/\/alkazea.com\/?s={search_term_string}\"},\"query-input\":\"required name=search_term_string\"}],\"inLanguage\":\"en-GB\"},{\"@type\":\"ImageObject\",\"@id\":\"https:\/\/alkazea.com\/product\/la-formule-purge-de-purai\/#primaryimage\",\"inLanguage\":\"en-GB\",\"url\":\"https:\/\/alkazea.com\/wp-content\/uploads\/2023\/02\/WhatsApp-Image-2023-02-03-at-6.52.31-PM.jpeg\",\"contentUrl\":\"https:\/\/alkazea.com\/wp-content\/uploads\/2023\/02\/WhatsApp-Image-2023-02-03-at-6.52.31-PM.jpeg\",\"width\":877,\"height\":620},{\"@type\":\"WebPage\",\"@id\":\"https:\/\/alkazea.com\/product\/la-formule-purge-de-purai\/#webpage\",\"url\":\"https:\/\/alkazea.com\/product\/la-formule-purge-de-purai\/\",\"name\":\"LA FORMULE PURGE de PURA\\u00cf - ALKAZEA\",\"isPartOf\":{\"@id\":\"https:\/\/alkazea.com\/#website\"},\"primaryImageOfPage\":{\"@id\":\"https:\/\/alkazea.com\/product\/la-formule-purge-de-purai\/#primaryimage\"},\"datePublished\":\"2023-02-03T18:02:53+00:00\",\"dateModified\":\"2025-10-02T23:09:12+00:00\",\"description\":\"LA FORMULE PURGE de PURA\\u00cf. C\\u2019est une toute nouvelle con\\u00e7ue sp\\u00e9cialement pour vous permettre d\\u2019avoir un VENTRE PLAT EN 72H\",\"breadcrumb\":{\"@id\":\"https:\/\/alkazea.com\/product\/la-formule-purge-de-purai\/#breadcrumb\"},\"inLanguage\":\"en-GB\",\"potentialAction\":[{\"@type\":\"ReadAction\",\"target\":[\"https:\/\/alkazea.com\/product\/la-formule-purge-de-purai\/\"]}]},{\"@type\":\"BreadcrumbList\",\"@id\":\"https:\/\/alkazea.com\/product\/la-formule-purge-de-purai\/#breadcrumb\",\"itemListElement\":[{\"@type\":\"ListItem\",\"position\":1,\"name\":\"Home\",\"item\":\"https:\/\/alkazea.com\/\"},{\"@type\":\"ListItem\",\"position\":2,\"name\":\"Shop\",\"item\":\"https:\/\/alkazea.com\/shop\/\"},{\"@type\":\"ListItem\",\"position\":3,\"name\":\"LA FORMULE PURGE de PURA\\u00cf\"}]}]}<\/script>\n<!-- \/ Yoast SEO plugin. -->","yoast_head_json":{"title":"LA FORMULE PURGE de PURA\u00cf - ALKAZEA","description":"LA FORMULE PURGE de PURA\u00cf. C\u2019est une toute nouvelle con\u00e7ue sp\u00e9cialement pour vous permettre d\u2019avoir un VENTRE PLAT EN 72H","robots":{"index":"index","follow":"follow","max-snippet":"max-snippet:-1","max-image-preview":"max-image-preview:large","max-video-preview":"max-video-preview:-1"},"canonical":"https:\/\/alkazea.com\/en\/product\/la-formule-purge-de-purai\/","og_locale":"en_GB","og_type":"article","og_title":"LA FORMULE PURGE de PURA\u00cf - ALKAZEA","og_description":"LA FORMULE PURGE de PURA\u00cf. C\u2019est une toute nouvelle con\u00e7ue sp\u00e9cialement pour vous permettre d\u2019avoir un VENTRE PLAT EN 72H","og_url":"https:\/\/alkazea.com\/en\/product\/la-formule-purge-de-purai\/","og_site_name":"ALKAZEA","article_modified_time":"2025-10-02T23:09:12+00:00","og_image":[{"width":877,"height":620,"url":"https:\/\/alkazea.com\/wp-content\/uploads\/2023\/02\/WhatsApp-Image-2023-02-03-at-6.52.31-PM.jpeg","type":"image\/jpeg"}],"twitter_card":"summary_large_image","schema":{"@context":"https:\/\/schema.org","@graph":[{"@type":"WebSite","@id":"https:\/\/alkazea.com\/#website","url":"https:\/\/alkazea.com\/","name":"ALKAZEA","description":"Ne jamais se rendre","potentialAction":[{"@type":"SearchAction","target":{"@type":"EntryPoint","urlTemplate":"https:\/\/alkazea.com\/?s={search_term_string}"},"query-input":"required name=search_term_string"}],"inLanguage":"en-GB"},{"@type":"ImageObject","@id":"https:\/\/alkazea.com\/product\/la-formule-purge-de-purai\/#primaryimage","inLanguage":"en-GB","url":"https:\/\/alkazea.com\/wp-content\/uploads\/2023\/02\/WhatsApp-Image-2023-02-03-at-6.52.31-PM.jpeg","contentUrl":"https:\/\/alkazea.com\/wp-content\/uploads\/2023\/02\/WhatsApp-Image-2023-02-03-at-6.52.31-PM.jpeg","width":877,"height":620},{"@type":"WebPage","@id":"https:\/\/alkazea.com\/product\/la-formule-purge-de-purai\/#webpage","url":"https:\/\/alkazea.com\/product\/la-formule-purge-de-purai\/","name":"LA FORMULE PURGE de PURA\u00cf - ALKAZEA","isPartOf":{"@id":"https:\/\/alkazea.com\/#website"},"primaryImageOfPage":{"@id":"https:\/\/alkazea.com\/product\/la-formule-purge-de-purai\/#primaryimage"},"datePublished":"2023-02-03T18:02:53+00:00","dateModified":"2025-10-02T23:09:12+00:00","description":"LA FORMULE PURGE de PURA\u00cf. C\u2019est une toute nouvelle con\u00e7ue sp\u00e9cialement pour vous permettre d\u2019avoir un VENTRE PLAT EN 72H","breadcrumb":{"@id":"https:\/\/alkazea.com\/product\/la-formule-purge-de-purai\/#breadcrumb"},"inLanguage":"en-GB","potentialAction":[{"@type":"ReadAction","target":["https:\/\/alkazea.com\/product\/la-formule-purge-de-purai\/"]}]},{"@type":"BreadcrumbList","@id":"https:\/\/alkazea.com\/product\/la-formule-purge-de-purai\/#breadcrumb","itemListElement":[{"@type":"ListItem","position":1,"name":"Home","item":"https:\/\/alkazea.com\/"},{"@type":"ListItem","position":2,"name":"Shop","item":"https:\/\/alkazea.com\/shop\/"},{"@type":"ListItem","position":3,"name":"LA FORMULE PURGE de PURA\u00cf"}]}]}},"_links":{"self":[{"href":"https:\/\/alkazea.com\/en\/wp-json\/wp\/v2\/product\/605"}],"collection":[{"href":"https:\/\/alkazea.com\/en\/wp-json\/wp\/v2\/product"}],"about":[{"href":"https:\/\/alkazea.com\/en\/wp-json\/wp\/v2\/types\/product"}],"replies":[{"embeddable":true,"href":"https:\/\/alkazea.com\/en\/wp-json\/wp\/v2\/comments?post=605"}],"wp:featuredmedia":[{"embeddable":true,"href":"https:\/\/alkazea.com\/en\/wp-json\/wp\/v2\/media\/606"}],"wp:attachment":[{"href":"https:\/\/alkazea.com\/en\/wp-json\/wp\/v2\/media?parent=605"}],"wp:term":[{"taxonomy":"product_cat","embeddable":true,"href":"https:\/\/alkazea.com\/en\/wp-json\/wp\/v2\/product_cat?post=605"},{"taxonomy":"product_tag","embeddable":true,"href":"https:\/\/alkazea.com\/en\/wp-json\/wp\/v2\/product_tag?post=605"}],"curies":[{"name":"wp","href":"https:\/\/api.w.org\/{rel}","templated":true}]}}