{"id":678,"date":"2023-02-28T04:17:15","date_gmt":"2023-02-28T03:17:15","guid":{"rendered":"https:\/\/alkazea.com\/?post_type=product&#038;p=678"},"modified":"2025-11-01T06:42:05","modified_gmt":"2025-11-01T05:42:05","slug":"la-mega-formule-le-duo-choc-ultra-rapide-en-the-purai","status":"publish","type":"product","link":"https:\/\/alkazea.com\/en\/product\/la-mega-formule-le-duo-choc-ultra-rapide-en-the-purai\/","title":{"rendered":"LA MEGA FORMULE, le duo choc ULTRA RAPIDE en th\u00e9 PURA\u00cf"},"content":{"rendered":"","protected":false},"excerpt":{"rendered":"<p>LA MEGA FORMULE, le duo choc ULTRA RAPIDE en th\u00e9 PURA\u00cf que vous avez tant demand\u00e9 est enfin l\u00e0 \ud83d\udd25. D\u2019autres produits n\u2019ont pas march\u00e9 sur vous,pas parce qu\u2019ils ne sont pas efficaces mais parce que vous avez du sang gras et des graisses t\u00eatues. Cette nouvelle formule est la seule qui peut \u00e9vacuer les graisses rebelles chez 99% de personnes. Les personnes qui l&rsquo;ont test\u00e9 lui ont donn\u00e9 le surnom de FORMULE MAGIQUE parce qu&rsquo;elle regarde seulement la graisse et la graisse dispara\u00eet!! Je n\u2019ai pas besoin de trop parler. Apres 3 JOURS d\u2019utilisation,votre entourage et votre miroir vont vous demander pourquoi vous perdez du poids. testez la et revenez donner mon wiskhy pour me remercier. Mais Attention \u26a0\ufe0f : Ce MEGA DUO CHOC est trop fort. Il vous fera beaucoup uriner , trop transpirer et \u00e9vacuer jusqu\u2019\u00e0 2l de toxines et de graisses par jour. N\u2019achetez surtout pas cette formule si vous n\u2019avez pas d\u2019argent pour renouveler votre garde robe car, apr\u00e8s l\u2019avoir utilis\u00e9,tous vos habits vont flotter sur vous<\/p>","protected":false},"featured_media":681,"comment_status":"open","ping_status":"closed","template":"","meta":[],"product_cat":[18,52],"product_tag":[],"yoast_head":"<!-- This site is optimized with the Yoast SEO plugin v17.7.1 - https:\/\/yoast.com\/wordpress\/plugins\/seo\/ -->\n<title>LA MEGA FORMULE, le duo choc ULTRA RAPIDE en th\u00e9 PURA\u00cf - ALKAZEA<\/title>\n<meta name=\"description\" content=\"LA MEGA FORMULE, le duo choc ULTRA RAPIDE en th\u00e9 PURA\u00cf ue vous avez tant demand\u00e9 est enfin l\u00e0.\" \/>\n<meta name=\"robots\" content=\"index, follow, max-snippet:-1, max-image-preview:large, max-video-preview:-1\" \/>\n<link rel=\"canonical\" href=\"https:\/\/alkazea.com\/en\/product\/la-mega-formule-le-duo-choc-ultra-rapide-en-the-purai\/\" \/>\n<meta property=\"og:locale\" content=\"en_GB\" \/>\n<meta property=\"og:type\" content=\"article\" \/>\n<meta property=\"og:title\" content=\"LA MEGA FORMULE, le duo choc ULTRA RAPIDE en th\u00e9 PURA\u00cf - ALKAZEA\" \/>\n<meta property=\"og:description\" content=\"LA MEGA FORMULE, le duo choc ULTRA RAPIDE en th\u00e9 PURA\u00cf ue vous avez tant demand\u00e9 est enfin l\u00e0.\" \/>\n<meta property=\"og:url\" content=\"https:\/\/alkazea.com\/en\/product\/la-mega-formule-le-duo-choc-ultra-rapide-en-the-purai\/\" \/>\n<meta property=\"og:site_name\" content=\"ALKAZEA\" \/>\n<meta property=\"article:modified_time\" content=\"2025-11-01T05:42:05+00:00\" \/>\n<meta property=\"og:image\" content=\"https:\/\/alkazea.com\/wp-content\/uploads\/2023\/02\/WhatsApp-Image-2023-02-28-at-4.04.28-AM.jpeg\" \/>\n\t<meta property=\"og:image:width\" content=\"1080\" \/>\n\t<meta property=\"og:image:height\" content=\"763\" \/>\n<meta name=\"twitter:card\" content=\"summary_large_image\" \/>\n<script type=\"application\/ld+json\" class=\"yoast-schema-graph\">{\"@context\":\"https:\/\/schema.org\",\"@graph\":[{\"@type\":\"WebSite\",\"@id\":\"https:\/\/alkazea.com\/#website\",\"url\":\"https:\/\/alkazea.com\/\",\"name\":\"ALKAZEA\",\"description\":\"Ne jamais se rendre\",\"potentialAction\":[{\"@type\":\"SearchAction\",\"target\":{\"@type\":\"EntryPoint\",\"urlTemplate\":\"https:\/\/alkazea.com\/?s={search_term_string}\"},\"query-input\":\"required name=search_term_string\"}],\"inLanguage\":\"en-GB\"},{\"@type\":\"ImageObject\",\"@id\":\"https:\/\/alkazea.com\/product\/la-mega-formule-le-duo-choc-ultra-rapide-en-the-purai\/#primaryimage\",\"inLanguage\":\"en-GB\",\"url\":\"https:\/\/alkazea.com\/wp-content\/uploads\/2023\/02\/WhatsApp-Image-2023-02-28-at-4.04.28-AM.jpeg\",\"contentUrl\":\"https:\/\/alkazea.com\/wp-content\/uploads\/2023\/02\/WhatsApp-Image-2023-02-28-at-4.04.28-AM.jpeg\",\"width\":1080,\"height\":763},{\"@type\":\"WebPage\",\"@id\":\"https:\/\/alkazea.com\/product\/la-mega-formule-le-duo-choc-ultra-rapide-en-the-purai\/#webpage\",\"url\":\"https:\/\/alkazea.com\/product\/la-mega-formule-le-duo-choc-ultra-rapide-en-the-purai\/\",\"name\":\"LA MEGA FORMULE, le duo choc ULTRA RAPIDE en th\\u00e9 PURA\\u00cf - ALKAZEA\",\"isPartOf\":{\"@id\":\"https:\/\/alkazea.com\/#website\"},\"primaryImageOfPage\":{\"@id\":\"https:\/\/alkazea.com\/product\/la-mega-formule-le-duo-choc-ultra-rapide-en-the-purai\/#primaryimage\"},\"datePublished\":\"2023-02-28T03:17:15+00:00\",\"dateModified\":\"2025-11-01T05:42:05+00:00\",\"description\":\"LA MEGA FORMULE, le duo choc ULTRA RAPIDE en th\\u00e9 PURA\\u00cf ue vous avez tant demand\\u00e9 est enfin l\\u00e0.\",\"breadcrumb\":{\"@id\":\"https:\/\/alkazea.com\/product\/la-mega-formule-le-duo-choc-ultra-rapide-en-the-purai\/#breadcrumb\"},\"inLanguage\":\"en-GB\",\"potentialAction\":[{\"@type\":\"ReadAction\",\"target\":[\"https:\/\/alkazea.com\/product\/la-mega-formule-le-duo-choc-ultra-rapide-en-the-purai\/\"]}]},{\"@type\":\"BreadcrumbList\",\"@id\":\"https:\/\/alkazea.com\/product\/la-mega-formule-le-duo-choc-ultra-rapide-en-the-purai\/#breadcrumb\",\"itemListElement\":[{\"@type\":\"ListItem\",\"position\":1,\"name\":\"Home\",\"item\":\"https:\/\/alkazea.com\/\"},{\"@type\":\"ListItem\",\"position\":2,\"name\":\"Shop\",\"item\":\"https:\/\/alkazea.com\/shop\/\"},{\"@type\":\"ListItem\",\"position\":3,\"name\":\"LA MEGA FORMULE, le duo choc ULTRA RAPIDE en th\\u00e9 PURA\\u00cf\"}]}]}<\/script>\n<!-- \/ Yoast SEO plugin. -->","yoast_head_json":{"title":"LA MEGA FORMULE, le duo choc ULTRA RAPIDE en th\u00e9 PURA\u00cf - ALKAZEA","description":"LA MEGA FORMULE, le duo choc ULTRA RAPIDE en th\u00e9 PURA\u00cf ue vous avez tant demand\u00e9 est enfin l\u00e0.","robots":{"index":"index","follow":"follow","max-snippet":"max-snippet:-1","max-image-preview":"max-image-preview:large","max-video-preview":"max-video-preview:-1"},"canonical":"https:\/\/alkazea.com\/en\/product\/la-mega-formule-le-duo-choc-ultra-rapide-en-the-purai\/","og_locale":"en_GB","og_type":"article","og_title":"LA MEGA FORMULE, le duo choc ULTRA RAPIDE en th\u00e9 PURA\u00cf - ALKAZEA","og_description":"LA MEGA FORMULE, le duo choc ULTRA RAPIDE en th\u00e9 PURA\u00cf ue vous avez tant demand\u00e9 est enfin l\u00e0.","og_url":"https:\/\/alkazea.com\/en\/product\/la-mega-formule-le-duo-choc-ultra-rapide-en-the-purai\/","og_site_name":"ALKAZEA","article_modified_time":"2025-11-01T05:42:05+00:00","og_image":[{"width":1080,"height":763,"url":"https:\/\/alkazea.com\/wp-content\/uploads\/2023\/02\/WhatsApp-Image-2023-02-28-at-4.04.28-AM.jpeg","type":"image\/jpeg"}],"twitter_card":"summary_large_image","schema":{"@context":"https:\/\/schema.org","@graph":[{"@type":"WebSite","@id":"https:\/\/alkazea.com\/#website","url":"https:\/\/alkazea.com\/","name":"ALKAZEA","description":"Ne jamais se rendre","potentialAction":[{"@type":"SearchAction","target":{"@type":"EntryPoint","urlTemplate":"https:\/\/alkazea.com\/?s={search_term_string}"},"query-input":"required name=search_term_string"}],"inLanguage":"en-GB"},{"@type":"ImageObject","@id":"https:\/\/alkazea.com\/product\/la-mega-formule-le-duo-choc-ultra-rapide-en-the-purai\/#primaryimage","inLanguage":"en-GB","url":"https:\/\/alkazea.com\/wp-content\/uploads\/2023\/02\/WhatsApp-Image-2023-02-28-at-4.04.28-AM.jpeg","contentUrl":"https:\/\/alkazea.com\/wp-content\/uploads\/2023\/02\/WhatsApp-Image-2023-02-28-at-4.04.28-AM.jpeg","width":1080,"height":763},{"@type":"WebPage","@id":"https:\/\/alkazea.com\/product\/la-mega-formule-le-duo-choc-ultra-rapide-en-the-purai\/#webpage","url":"https:\/\/alkazea.com\/product\/la-mega-formule-le-duo-choc-ultra-rapide-en-the-purai\/","name":"LA MEGA FORMULE, le duo choc ULTRA RAPIDE en th\u00e9 PURA\u00cf - ALKAZEA","isPartOf":{"@id":"https:\/\/alkazea.com\/#website"},"primaryImageOfPage":{"@id":"https:\/\/alkazea.com\/product\/la-mega-formule-le-duo-choc-ultra-rapide-en-the-purai\/#primaryimage"},"datePublished":"2023-02-28T03:17:15+00:00","dateModified":"2025-11-01T05:42:05+00:00","description":"LA MEGA FORMULE, le duo choc ULTRA RAPIDE en th\u00e9 PURA\u00cf ue vous avez tant demand\u00e9 est enfin l\u00e0.","breadcrumb":{"@id":"https:\/\/alkazea.com\/product\/la-mega-formule-le-duo-choc-ultra-rapide-en-the-purai\/#breadcrumb"},"inLanguage":"en-GB","potentialAction":[{"@type":"ReadAction","target":["https:\/\/alkazea.com\/product\/la-mega-formule-le-duo-choc-ultra-rapide-en-the-purai\/"]}]},{"@type":"BreadcrumbList","@id":"https:\/\/alkazea.com\/product\/la-mega-formule-le-duo-choc-ultra-rapide-en-the-purai\/#breadcrumb","itemListElement":[{"@type":"ListItem","position":1,"name":"Home","item":"https:\/\/alkazea.com\/"},{"@type":"ListItem","position":2,"name":"Shop","item":"https:\/\/alkazea.com\/shop\/"},{"@type":"ListItem","position":3,"name":"LA MEGA FORMULE, le duo choc ULTRA RAPIDE en th\u00e9 PURA\u00cf"}]}]}},"_links":{"self":[{"href":"https:\/\/alkazea.com\/en\/wp-json\/wp\/v2\/product\/678"}],"collection":[{"href":"https:\/\/alkazea.com\/en\/wp-json\/wp\/v2\/product"}],"about":[{"href":"https:\/\/alkazea.com\/en\/wp-json\/wp\/v2\/types\/product"}],"replies":[{"embeddable":true,"href":"https:\/\/alkazea.com\/en\/wp-json\/wp\/v2\/comments?post=678"}],"wp:featuredmedia":[{"embeddable":true,"href":"https:\/\/alkazea.com\/en\/wp-json\/wp\/v2\/media\/681"}],"wp:attachment":[{"href":"https:\/\/alkazea.com\/en\/wp-json\/wp\/v2\/media?parent=678"}],"wp:term":[{"taxonomy":"product_cat","embeddable":true,"href":"https:\/\/alkazea.com\/en\/wp-json\/wp\/v2\/product_cat?post=678"},{"taxonomy":"product_tag","embeddable":true,"href":"https:\/\/alkazea.com\/en\/wp-json\/wp\/v2\/product_tag?post=678"}],"curies":[{"name":"wp","href":"https:\/\/api.w.org\/{rel}","templated":true}]}}