{"id":73,"date":"2021-11-25T16:10:03","date_gmt":"2021-11-25T15:10:03","guid":{"rendered":"http:\/\/localhost\/alkazea\/?post_type=product&#038;p=73"},"modified":"2025-11-01T06:43:24","modified_gmt":"2025-11-01T05:43:24","slug":"pura-herb-tea-grand-format","status":"publish","type":"product","link":"https:\/\/alkazea.com\/en\/product\/pura-herb-tea-grand-format\/","title":{"rendered":"PURA HERB tea large format"},"content":{"rendered":"<p style=\"box-sizing: border-box; margin: 0px 0px 1.41575em; color: #6d6d6d;\">If you decide on a detox drink, I offer you the best detox drink there is: it is PURA HERB tea. It is a 100% organic herbal tea made from extracts of the best plants and fruits that nature offers us for weight loss.<br style=\"box-sizing: border-box;\" \/>PURA HERB tea is an extraordinary appetite suppressant<br style=\"box-sizing: border-box;\" \/>PURA HERB tea is a detox that flushes toxins from your body. The presence of toxins in the body being the main cause of the bloating of your belly<br style=\"box-sizing: border-box;\" \/>- PURA HERB tea is also a fat burner which evacuates not only the fat, but also all the impurities which would be in your organism<br style=\"box-sizing: border-box;\" \/>- PURA HERB tea facilitates digestion to accelerate your weight loss because the slower digestion, the more fat you accumulate<\/p>\n<p style=\"box-sizing: border-box; margin: 0px 0px 1.41575em; color: #6d6d6d;\">NB When you buy a bag of PURA HERB tea, you are entitled to free delivery, free coaching after delivery. Our company provides you with the best experts to ensure your follow-up, to motivate you and above all to guarantee your satisfaction.<\/p>","protected":false},"excerpt":{"rendered":"<p>Pour une semaine co\u00fbte : 14000F<\/p>\n<p>Pour deux semaines co\u00fbte : 20000F<\/p>\n<p>Pour un Mois co\u00fbte : 34000F<\/p>\n<p><span style=\"color: #6d6d6d;\">L\u2019efficacit\u00e9 de\u00a0<\/span><span style=\"box-sizing: border-box; font-weight: 600; color: #6d6d6d;\">PURA HERB tea<\/span><span style=\"color: #6d6d6d;\"> a \u00e9t\u00e9 prouv\u00e9e par 98% de consommateurs.<br style=\"box-sizing: border-box; color: #6d6d6d;\" \/>Sur la base de ces donn\u00e9es, je pourrais vous assurer que c\u2019est efficace mais je sais que vous ne me croirez pas sur parole Chose normale parce que les commer\u00e7ants ont l\u2019habitude de faire la publicit\u00e9 mensong\u00e8re pour vendre leurs produits.<br style=\"box-sizing: border-box; color: #6d6d6d;\" \/>Je ne vous demande pas de me faire confiance. Je vous demande n\u00e9anmoins de m\u2019accorder le b\u00e9n\u00e9fice du doute. Et l\u2019efficacit\u00e9 de notre produit vous donnera confiance en lui<br style=\"box-sizing: border-box; color: #6d6d6d;\" \/>C\u2019est pourquoi je vous propose de tester pendant les 14 premiers jours et allez sur la balance pour voir l\u2019\u00e9volution de votre poids.<\/span><\/p>","protected":false},"featured_media":689,"comment_status":"open","ping_status":"closed","template":"","meta":[],"product_cat":[18,52],"product_tag":[],"yoast_head":"<!-- This site is optimized with the Yoast SEO plugin v17.7.1 - https:\/\/yoast.com\/wordpress\/plugins\/seo\/ -->\n<title>PURA HERB tea grand format - ALKAZEA<\/title>\n<meta name=\"robots\" content=\"index, follow, max-snippet:-1, max-image-preview:large, max-video-preview:-1\" \/>\n<link rel=\"canonical\" href=\"https:\/\/alkazea.com\/en\/product\/pura-herb-tea-grand-format\/\" \/>\n<meta property=\"og:locale\" content=\"en_GB\" \/>\n<meta property=\"og:type\" content=\"article\" \/>\n<meta property=\"og:title\" content=\"PURA HERB tea grand format - ALKAZEA\" \/>\n<meta property=\"og:description\" content=\"Pour une semaine co\u00fbte : 14000F  Pour deux semaines co\u00fbte : 20000F  Pour un Mois co\u00fbte : 34000F  L\u2019efficacit\u00e9 de\u00a0PURA HERB tea a \u00e9t\u00e9 prouv\u00e9e par 98% de consommateurs.Sur la base de ces donn\u00e9es, je pourrais vous assurer que c\u2019est efficace mais je sais que vous ne me croirez pas sur parole Chose normale parce que les commer\u00e7ants ont l\u2019habitude de faire la publicit\u00e9 mensong\u00e8re pour vendre leurs produits.Je ne vous demande pas de me faire confiance. Je vous demande n\u00e9anmoins de m\u2019accorder le b\u00e9n\u00e9fice du doute. Et l\u2019efficacit\u00e9 de notre produit vous donnera confiance en luiC\u2019est pourquoi je vous propose de tester pendant les 14 premiers jours et allez sur la balance pour voir l\u2019\u00e9volution de votre poids.\" \/>\n<meta property=\"og:url\" content=\"https:\/\/alkazea.com\/en\/product\/pura-herb-tea-grand-format\/\" \/>\n<meta property=\"og:site_name\" content=\"ALKAZEA\" \/>\n<meta property=\"article:modified_time\" content=\"2025-11-01T05:43:24+00:00\" \/>\n<meta property=\"og:image\" content=\"https:\/\/alkazea.com\/wp-content\/uploads\/2021\/11\/WhatsApp-Image-2023-02-28-at-4.09.13-AM.jpeg\" \/>\n\t<meta property=\"og:image:width\" content=\"1080\" \/>\n\t<meta property=\"og:image:height\" content=\"763\" \/>\n<meta name=\"twitter:card\" content=\"summary_large_image\" \/>\n<meta name=\"twitter:label1\" content=\"Est. reading time\" \/>\n\t<meta name=\"twitter:data1\" content=\"1 minute\" \/>\n<script type=\"application\/ld+json\" class=\"yoast-schema-graph\">{\"@context\":\"https:\/\/schema.org\",\"@graph\":[{\"@type\":\"WebSite\",\"@id\":\"https:\/\/alkazea.com\/#website\",\"url\":\"https:\/\/alkazea.com\/\",\"name\":\"ALKAZEA\",\"description\":\"Ne jamais se rendre\",\"potentialAction\":[{\"@type\":\"SearchAction\",\"target\":{\"@type\":\"EntryPoint\",\"urlTemplate\":\"https:\/\/alkazea.com\/?s={search_term_string}\"},\"query-input\":\"required name=search_term_string\"}],\"inLanguage\":\"en-GB\"},{\"@type\":\"ImageObject\",\"@id\":\"https:\/\/alkazea.com\/product\/pura-herb-tea-grand-format\/#primaryimage\",\"inLanguage\":\"en-GB\",\"url\":\"https:\/\/alkazea.com\/wp-content\/uploads\/2021\/11\/WhatsApp-Image-2023-02-28-at-4.09.13-AM.jpeg\",\"contentUrl\":\"https:\/\/alkazea.com\/wp-content\/uploads\/2021\/11\/WhatsApp-Image-2023-02-28-at-4.09.13-AM.jpeg\",\"width\":1080,\"height\":763},{\"@type\":\"WebPage\",\"@id\":\"https:\/\/alkazea.com\/product\/pura-herb-tea-grand-format\/#webpage\",\"url\":\"https:\/\/alkazea.com\/product\/pura-herb-tea-grand-format\/\",\"name\":\"PURA HERB tea grand format - ALKAZEA\",\"isPartOf\":{\"@id\":\"https:\/\/alkazea.com\/#website\"},\"primaryImageOfPage\":{\"@id\":\"https:\/\/alkazea.com\/product\/pura-herb-tea-grand-format\/#primaryimage\"},\"datePublished\":\"2021-11-25T15:10:03+00:00\",\"dateModified\":\"2025-11-01T05:43:24+00:00\",\"breadcrumb\":{\"@id\":\"https:\/\/alkazea.com\/product\/pura-herb-tea-grand-format\/#breadcrumb\"},\"inLanguage\":\"en-GB\",\"potentialAction\":[{\"@type\":\"ReadAction\",\"target\":[\"https:\/\/alkazea.com\/product\/pura-herb-tea-grand-format\/\"]}]},{\"@type\":\"BreadcrumbList\",\"@id\":\"https:\/\/alkazea.com\/product\/pura-herb-tea-grand-format\/#breadcrumb\",\"itemListElement\":[{\"@type\":\"ListItem\",\"position\":1,\"name\":\"Home\",\"item\":\"https:\/\/alkazea.com\/\"},{\"@type\":\"ListItem\",\"position\":2,\"name\":\"Shop\",\"item\":\"https:\/\/alkazea.com\/shop\/\"},{\"@type\":\"ListItem\",\"position\":3,\"name\":\"PURA HERB tea grand format\"}]}]}<\/script>\n<!-- \/ Yoast SEO plugin. -->","yoast_head_json":{"title":"PURA HERB tea grand format - ALKAZEA","robots":{"index":"index","follow":"follow","max-snippet":"max-snippet:-1","max-image-preview":"max-image-preview:large","max-video-preview":"max-video-preview:-1"},"canonical":"https:\/\/alkazea.com\/en\/product\/pura-herb-tea-grand-format\/","og_locale":"en_GB","og_type":"article","og_title":"PURA HERB tea grand format - ALKAZEA","og_description":"Pour une semaine co\u00fbte : 14000F  Pour deux semaines co\u00fbte : 20000F  Pour un Mois co\u00fbte : 34000F  L\u2019efficacit\u00e9 de\u00a0PURA HERB tea a \u00e9t\u00e9 prouv\u00e9e par 98% de consommateurs.Sur la base de ces donn\u00e9es, je pourrais vous assurer que c\u2019est efficace mais je sais que vous ne me croirez pas sur parole Chose normale parce que les commer\u00e7ants ont l\u2019habitude de faire la publicit\u00e9 mensong\u00e8re pour vendre leurs produits.Je ne vous demande pas de me faire confiance. Je vous demande n\u00e9anmoins de m\u2019accorder le b\u00e9n\u00e9fice du doute. Et l\u2019efficacit\u00e9 de notre produit vous donnera confiance en luiC\u2019est pourquoi je vous propose de tester pendant les 14 premiers jours et allez sur la balance pour voir l\u2019\u00e9volution de votre poids.","og_url":"https:\/\/alkazea.com\/en\/product\/pura-herb-tea-grand-format\/","og_site_name":"ALKAZEA","article_modified_time":"2025-11-01T05:43:24+00:00","og_image":[{"width":1080,"height":763,"url":"https:\/\/alkazea.com\/wp-content\/uploads\/2021\/11\/WhatsApp-Image-2023-02-28-at-4.09.13-AM.jpeg","type":"image\/jpeg"}],"twitter_card":"summary_large_image","twitter_misc":{"Est. reading time":"1 minute"},"schema":{"@context":"https:\/\/schema.org","@graph":[{"@type":"WebSite","@id":"https:\/\/alkazea.com\/#website","url":"https:\/\/alkazea.com\/","name":"ALKAZEA","description":"Ne jamais se rendre","potentialAction":[{"@type":"SearchAction","target":{"@type":"EntryPoint","urlTemplate":"https:\/\/alkazea.com\/?s={search_term_string}"},"query-input":"required name=search_term_string"}],"inLanguage":"en-GB"},{"@type":"ImageObject","@id":"https:\/\/alkazea.com\/product\/pura-herb-tea-grand-format\/#primaryimage","inLanguage":"en-GB","url":"https:\/\/alkazea.com\/wp-content\/uploads\/2021\/11\/WhatsApp-Image-2023-02-28-at-4.09.13-AM.jpeg","contentUrl":"https:\/\/alkazea.com\/wp-content\/uploads\/2021\/11\/WhatsApp-Image-2023-02-28-at-4.09.13-AM.jpeg","width":1080,"height":763},{"@type":"WebPage","@id":"https:\/\/alkazea.com\/product\/pura-herb-tea-grand-format\/#webpage","url":"https:\/\/alkazea.com\/product\/pura-herb-tea-grand-format\/","name":"PURA HERB tea grand format - ALKAZEA","isPartOf":{"@id":"https:\/\/alkazea.com\/#website"},"primaryImageOfPage":{"@id":"https:\/\/alkazea.com\/product\/pura-herb-tea-grand-format\/#primaryimage"},"datePublished":"2021-11-25T15:10:03+00:00","dateModified":"2025-11-01T05:43:24+00:00","breadcrumb":{"@id":"https:\/\/alkazea.com\/product\/pura-herb-tea-grand-format\/#breadcrumb"},"inLanguage":"en-GB","potentialAction":[{"@type":"ReadAction","target":["https:\/\/alkazea.com\/product\/pura-herb-tea-grand-format\/"]}]},{"@type":"BreadcrumbList","@id":"https:\/\/alkazea.com\/product\/pura-herb-tea-grand-format\/#breadcrumb","itemListElement":[{"@type":"ListItem","position":1,"name":"Home","item":"https:\/\/alkazea.com\/"},{"@type":"ListItem","position":2,"name":"Shop","item":"https:\/\/alkazea.com\/shop\/"},{"@type":"ListItem","position":3,"name":"PURA HERB tea grand format"}]}]}},"_links":{"self":[{"href":"https:\/\/alkazea.com\/en\/wp-json\/wp\/v2\/product\/73"}],"collection":[{"href":"https:\/\/alkazea.com\/en\/wp-json\/wp\/v2\/product"}],"about":[{"href":"https:\/\/alkazea.com\/en\/wp-json\/wp\/v2\/types\/product"}],"replies":[{"embeddable":true,"href":"https:\/\/alkazea.com\/en\/wp-json\/wp\/v2\/comments?post=73"}],"wp:featuredmedia":[{"embeddable":true,"href":"https:\/\/alkazea.com\/en\/wp-json\/wp\/v2\/media\/689"}],"wp:attachment":[{"href":"https:\/\/alkazea.com\/en\/wp-json\/wp\/v2\/media?parent=73"}],"wp:term":[{"taxonomy":"product_cat","embeddable":true,"href":"https:\/\/alkazea.com\/en\/wp-json\/wp\/v2\/product_cat?post=73"},{"taxonomy":"product_tag","embeddable":true,"href":"https:\/\/alkazea.com\/en\/wp-json\/wp\/v2\/product_tag?post=73"}],"curies":[{"name":"wp","href":"https:\/\/api.w.org\/{rel}","templated":true}]}}